{"id":1012,"date":"2017-08-11T14:03:48","date_gmt":"2017-08-11T12:03:48","guid":{"rendered":"http:\/\/meditationmuenchen.ecommerce-trend.de\/?page_id=1012"},"modified":"2019-04-28T17:38:25","modified_gmt":"2019-04-28T15:38:25","slug":"forschung","status":"publish","type":"page","link":"https:\/\/sebastianmiga.de\/projekte\/meditationmuenchen\/warum-meditieren\/forschung\/","title":{"rendered":"Forschung"},"content":{"rendered":"<div class=\"wpb-content-wrapper\"><p>[vc_row][vc_column][vc_column_text css=&#8220;.vc_custom_1555938830676{margin-top: 0px !important;margin-right: 4px !important;margin-bottom: 0px !important;margin-left: 4px !important;border-top-width: 4px !important;border-right-width: 4px !important;border-bottom-width: 4px !important;border-left-width: 4px !important;padding-top: 15px !important;padding-right: 10px !important;padding-bottom: 5px !important;padding-left: 10px !important;background-color: rgba(255,255,255,0.75) !important;*background-color: rgb(255,255,255) !important;border-left-style: ridge !important;border-right-style: ridge !important;border-top-style: ridge !important;border-bottom-style: ridge !important;border-radius: 5px !important;}&#8220;]<span style=\"font-size: 17px;\"><strong><span style=\"font-size: 34px;\">W<\/span>ahrheit wird f\u00fchlbar<\/strong><\/span><br \/>\n<span style=\"font-size: 17px;\">Werden wir konfrontiert mit Halbwissen oder Falschheit, egal in welcher Form, hinterl\u00e4sst es in uns eine reale Reaktion. Wahrheit oder Unwahrheit werden sensorisch-nerval sp\u00fcrbar. Dies ist einerseits physiologisches Novum, andererseits ein notwendiger, evolution\u00e4rer Schritt. Dieser Zustand kann im meditativem Zustand von jedermann erfahren werden. Der Ort an dem dies stattfindet sind die sog. Chakren. Sie\u00a0 stellen das Interface (\u00dcbergang) geistiger ethischer Prinzipien ins K\u00f6rperliche dar. Als h\u00f6chste k\u00f6rperliche Steuerungsebenen (Kausalebene) reagieren sie auf unsere Gehirn-Prozesse und die Essenz von Informationen. Absolut stimmig, erzeugt die Kundalini im Gegenzug Gedankenfreiheit &#8211; das was echte Meditation auszeichnet &#8211; und damit Ausblendung des dauernden St\u00f6rfeuers von Gehirn und Sinnesorganen. Nur so kann Neues, Tiefes Fu\u00df fassen und Ver\u00e4nderung ausl\u00f6sen.<\/span><\/p>\n<p><span style=\"font-size: 17px;\"><strong>Was ist Wahrheit<\/strong><\/span><br \/>\n<span style=\"font-size: 17px;\">Wahrheit erh\u00e4lt in diesem Kontext eine neue Definition: Alles ist wahr, was unsere Evolution f\u00f6rdert, unwahr ist alles, was diese bremst oder blockiert. Es ist dabei gleichg\u00fcltig ob es sich dabei um Verhaltensformen, Trends, Literatur, Kino, Musik oder Bilder handelt. Hier schlie\u00dft sich der Kreis. Wir vergiften unsere Umwelt nicht nur auf materieller Ebene, sondern ebenso auf spiritueller Ebene; die Verschlackung findet inwendig und auswendig statt. Auf der kausalen Ebene der Chakren, ist dies umso destruktiver. Schlechte Ern\u00e4hrung findet nicht nur k\u00f6rperlich statt, sondern auch durch schleichende Vergiftung des Bewusstseins.<\/span><\/p>\n<p align=\"JUSTIFY\"><span style=\"font-size: 17px;\"><strong>Physiologie<\/strong><\/span><br \/>\n<span style=\"font-size: 17px;\">Nach Sahaja Yoga\u00a0<span style=\"line-height: 1.5;\">entspricht nur Gedanken-Freiheit echter Meditation &#8211; b<\/span><span style=\"line-height: 1.5;\">ewirkt von der ganzheitlichen Kundalin-Krafti. M<\/span><span style=\"line-height: inherit;\">it einhergehen deshalb me\u00dfbare physiologische Ver\u00e4nderungen im K\u00f6rper, die Erholung und Regeneration signalisieren. Erkennbar sind aktivere parasympathische und ged\u00e4mpfte sympathische Funktionen. Im Einzelnen zeigt sich eine Senkung der Herz-, und Atemfrequenz, Senkung von Haut-Leitwert und -Temperatur, Senkung des systolischen Blutdrucks und Blut-Laktats sowie der U-VMS (Urin-Vanillinmandels\u00e4ure), entsprechend einer Adrenalinsenkung. Diese Ver\u00e4nderungen sind urs\u00e4chlich f\u00fcr die Bek\u00e4mpfung von Stress, Bluthochdruck, Drogenabh\u00e4ngigkeit, \u00c4ngsten, Epilepsie ua. Besonders bei Stress-, Angst- und Drogenmanagement ist Meditation nach Sahaja Yoga sehr erfolgreich. Selbstverst\u00e4ndlich sind die positiven Ver\u00e4nderungen physiologischer Parameter durch Meditation nach Sahaja Yoga Thema vieler Forschungsarbeiten und Dissertationen. Dabei handelt es sich immer um statistische me\u00dftechnische Auswertungen. Die individuelle, realere Bewertung ist immer die eigene Erfahrung, die zu Beginn sich vor allem nerval zeigt &#8211; nach und nach zu psychosomatischen, zu kognitiven und Bewusstsein ver\u00e4ndernden Prozessen f\u00fchrt. Anbei\u00a0 eine <a href=\"https:\/\/sebastianmiga.de\/projekte\/meditationmuenchen\/wp-content\/uploads\/2018\/04\/Forschung.pdf\">Listung<\/a> von Forschungsarbeiten sowie eine\u00a0<\/span><a href=\"http:\/\/meditationresearch.co.uk\/\">Zusammenfassung.<\/a><\/span><\/p>\n<p align=\"JUSTIFY\"><span style=\"font-size: 17px;\"><a href=\"https:\/\/sebastianmiga.de\/projekte\/meditationmuenchen\/warum-meditieren\/\">Zur\u00fcck zum Hauptmenue<\/a><\/span><\/p>\n<p>[\/vc_column_text][\/vc_column][\/vc_row][vc_row][vc_column][\/vc_column][\/vc_row]<\/p>\n<\/div>","protected":false},"excerpt":{"rendered":"<p>[vc_row][vc_column][vc_column_text css=&#8220;.vc_custom_1555938830676{margin-top: 0px !important;margin-right: 4px !important;margin-bottom: 0px !important;margin-left: 4px !important;border-top-width: 4px !important;border-right-width: 4px !important;border-bottom-width: 4px !important;border-left-width: 4px !important;padding-top: 15px !important;padding-right: 10px !important;padding-bottom: 5px !important;padding-left: 10px !important;background-color: rgba(255,255,255,0.75) !important;*background-color: rgb(255,255,255) !important;border-left-style: ridge !important;border-right-style: ridge !important;border-top-style: ridge !important;border-bottom-style: ridge !important;border-radius: 5px !important;}&#8220;]Wahrheit wird f\u00fchlbar Werden wir konfrontiert mit Halbwissen oder Falschheit, egal in welcher Form, hinterl\u00e4sst es [&hellip;]<\/p>\n","protected":false},"author":3,"featured_media":0,"parent":641,"menu_order":0,"comment_status":"closed","ping_status":"closed","template":"","meta":{"_acf_changed":false,"footnotes":""},"class_list":["post-1012","page","type-page","status-publish","hentry"],"acf":[],"_links":{"self":[{"href":"https:\/\/sebastianmiga.de\/projekte\/meditationmuenchen\/wp-json\/wp\/v2\/pages\/1012","targetHints":{"allow":["GET"]}}],"collection":[{"href":"https:\/\/sebastianmiga.de\/projekte\/meditationmuenchen\/wp-json\/wp\/v2\/pages"}],"about":[{"href":"https:\/\/sebastianmiga.de\/projekte\/meditationmuenchen\/wp-json\/wp\/v2\/types\/page"}],"author":[{"embeddable":true,"href":"https:\/\/sebastianmiga.de\/projekte\/meditationmuenchen\/wp-json\/wp\/v2\/users\/3"}],"replies":[{"embeddable":true,"href":"https:\/\/sebastianmiga.de\/projekte\/meditationmuenchen\/wp-json\/wp\/v2\/comments?post=1012"}],"version-history":[{"count":30,"href":"https:\/\/sebastianmiga.de\/projekte\/meditationmuenchen\/wp-json\/wp\/v2\/pages\/1012\/revisions"}],"predecessor-version":[{"id":4804,"href":"https:\/\/sebastianmiga.de\/projekte\/meditationmuenchen\/wp-json\/wp\/v2\/pages\/1012\/revisions\/4804"}],"up":[{"embeddable":true,"href":"https:\/\/sebastianmiga.de\/projekte\/meditationmuenchen\/wp-json\/wp\/v2\/pages\/641"}],"wp:attachment":[{"href":"https:\/\/sebastianmiga.de\/projekte\/meditationmuenchen\/wp-json\/wp\/v2\/media?parent=1012"}],"curies":[{"name":"wp","href":"https:\/\/api.w.org\/{rel}","templated":true}]}}