{"id":1019,"date":"2017-08-11T14:04:31","date_gmt":"2017-08-11T12:04:31","guid":{"rendered":"http:\/\/meditationmuenchen.ecommerce-trend.de\/?page_id=1019"},"modified":"2019-04-28T17:42:16","modified_gmt":"2019-04-28T15:42:16","slug":"existenz","status":"publish","type":"page","link":"https:\/\/sebastianmiga.de\/projekte\/meditationmuenchen\/warum-meditieren\/existenz\/","title":{"rendered":"Existenz"},"content":{"rendered":"<div class=\"wpb-content-wrapper\"><p>[vc_row][vc_column][vc_column_text css=&#8220;.vc_custom_1555939352988{margin-top: 0px !important;margin-right: 4px !important;margin-bottom: 0px !important;margin-left: 4px !important;border-top-width: 4px !important;border-right-width: 4px !important;border-bottom-width: 4px !important;border-left-width: 4px !important;padding-top: 15px !important;padding-right: 10px !important;padding-bottom: 5px !important;padding-left: 10px !important;background-color: rgba(255,255,255,0.75) !important;*background-color: rgb(255,255,255) !important;border-left-style: ridge !important;border-right-style: ridge !important;border-top-style: ridge !important;border-bottom-style: ridge !important;border-radius: 5px !important;}&#8220;]<span style=\"font-size: 17px;\"><strong><span style=\"font-size: 34px;\">B<\/span>urnout<\/strong><\/span><br \/>\n<span style=\"font-size: 17px;\">Ausbrennen\u00a0assoziiert bestens, um was es geht. Konstante Bereitschaft jederzeit &#8211; beruflich oder privat. Es sind Verpflichtungen perfekten Funktionierens, anderen oder uns selbst gegen\u00fcber. Zun\u00e4chst erscheint es als ob das Problem von au\u00dfen kommt. Meist b\u00fcrden wir uns aber selbst zu viel auf, sei es durch Anpassung an die Umst\u00e4nde, oder eigene Intention. Der Proze\u00df zu ersten Symptomen bis hin zum Dauerstress und Zusammenbruch ist schleichend und geht einher mit dem Imperativ, \u201cich schaffe das; ich mu\u00df das schaffen!\u201c. Wir tragen unseren eigenen Sklaven-Treiber in uns. Diese stupide Autorit\u00e4t hat sich unser Ego angema\u00dft. Gleichgut f\u00fchlt es sich, der Gr\u00f6\u00dfte oder Kleinste zu sein, oder sich am \u201cbesten\u201c aufzuopfern. Hauptsache vorne dran zu sein.\u00a0Was diese Sicht korrigieren kann, ist die Entwicklung der eigenen W\u00fcrde, welche f\u00fcr das Selbstwertgef\u00fchl steht. Es ist die Einsicht, meine eigene Existenz ist genau so wichtig, wie etwa die meiner Kinder und Schutzbefohlenen. Als Mensch habe auch ich das Geburtsrecht auf Entwicklung. Diese eigene Emanzipation ist verpfichtend und letztlich auch Gew\u00e4hr, da\u00df mein Dienst f\u00fcr andere, weise ist und ethische Entwicklung f\u00f6rdert. Die simple Aussage, meine Kinder sollen es einmal besser haben als ich, schlie\u00dft nicht aus, da\u00df man einen Egoisten heranzieht.<\/span><\/p>\n<p><span style=\"font-size: 17px;\"><strong>Armut<\/strong><\/span><br \/>\n<span style=\"font-size: 17px;\">Genau so bewirken auch Armut, Analphabetentum, Perspektivlosigkeit Stillstand aller Entwicklung. Auch auf weltlicher Ebene ist das bekannt und man versucht zu helfen. Doch es ist nur Teilwahrheit, was fehlt ist die spirituelle Komponente. Notwendig ist das universale Wissen und Tun, das\u00a0sich auf alle Bereiche und Ebenen des Lebens erstreckt. Agieren dieser Art, muss nachhaltige Wirkung im Alltag zeigen, nicht durch billige Effekte oder Zauberkunstst\u00fccke, sondern in L\u00f6sung von Konflikten, Blockaden, Verbesserung von Psyche, Gesundheit, Lebenssituation, um der pers\u00f6nlichen Evolution Auftrieb zu geben. Keine Missionierung, sondern die Kundalini-Erfahrung selbst transformiert in eigener Machtvollkommenheit und Weisheit die Lebens-Umst\u00e4nde in die Richtung, wo Wachstum m\u00f6glich wird. Wieder und wieder wird von \u00fcberraschenden Wendungen in aussichtslosen Situationen berichtet. Shri Mataji hat dies so ausgedr\u00fcckt. Die obigen Armutsfaktoren &#8211; m\u00fcssen als erstes eliminiert werden, alles weitere folgt dann. \u201cH\u00f6here Interessen k\u00f6nnen erst entstehen, wenn der Bauch voll ist.\u201c Die Kundalini sorgt daf\u00fcr &#8211; Ihr Wirkspektrum reicht \u00fcber alle Bereiche des Lebens. Die Bedingung ist, man muss Sie darum bitten und mit ihr in Kontakt bleiben durch Meditation.<\/span><\/p>\n<p align=\"left\"><span style=\"font-size: 17px;\"><strong>H\u00f6here Instanz<\/strong><\/span><br \/>\n<span style=\"font-size: 17px;\">Meditation bedeutet zwar Gedankenstille ist aber keine Flucht aus dem Alltag, sondern Umschalten auf eine h\u00f6here Kontrollinstanz. Aus dieser Haltung heraus ergeben sich oft \u00fcberraschende L\u00f6sungen. Meditation sch\u00e4rft andererseits unser Unterscheidungsverm\u00f6gen und zeigt, wieweit Losgel\u00f6stheit gehen darf.\u00a0Das \u201cHilf dir selbst, dann hilft dir Gott!\u201c wird oft zitiert um unsere Tatkraft zu beschw\u00f6ren. Es ist aber nur eine Halb-Wahrheit. Zu meinen, man k\u00f6nnte Gott verpflichten, ist menschlicher Hochmut. Gott interessiert nicht, was immer der Mensch an Glaubenss\u00e4tzen oder Dogmen erfindet. Gott steht \u00fcber den Dingen, die er geschaffen hat, inklusive des Menschen. Das sollte man nie vergessen. Ganz sicher bedeutet es nicht, \u00c4rmel hochkrempeln nach Baumarkt-Werbung und Gott unterst\u00fctzt jedes unsinnige oder eigenn\u00fctzige Vorhaben. Im Gegenteil, ein finales Akzeptieren im Sinne \u201cEs liegt nicht in meiner Macht\u201c ist oftmals die rettende Einsicht, statt sich gegen die Situation aufzulehnen und zu hadern.<\/span><\/p>\n<p><span style=\"font-size: 17px;\"><a href=\"https:\/\/sebastianmiga.de\/projekte\/meditationmuenchen\/warum-meditieren\/\">Zur\u00fcck zum Hauptmenue<\/a><\/span>[\/vc_column_text][\/vc_column][\/vc_row]<\/p>\n<\/div>","protected":false},"excerpt":{"rendered":"<p>[vc_row][vc_column][vc_column_text css=&#8220;.vc_custom_1555939352988{margin-top: 0px !important;margin-right: 4px !important;margin-bottom: 0px !important;margin-left: 4px !important;border-top-width: 4px !important;border-right-width: 4px !important;border-bottom-width: 4px !important;border-left-width: 4px !important;padding-top: 15px !important;padding-right: 10px !important;padding-bottom: 5px !important;padding-left: 10px !important;background-color: rgba(255,255,255,0.75) !important;*background-color: rgb(255,255,255) !important;border-left-style: ridge !important;border-right-style: ridge !important;border-top-style: ridge !important;border-bottom-style: ridge !important;border-radius: 5px !important;}&#8220;]Burnout Ausbrennen\u00a0assoziiert bestens, um was es geht. Konstante Bereitschaft jederzeit &#8211; beruflich oder privat. Es sind [&hellip;]<\/p>\n","protected":false},"author":3,"featured_media":0,"parent":641,"menu_order":0,"comment_status":"closed","ping_status":"closed","template":"","meta":{"_acf_changed":false,"footnotes":""},"class_list":["post-1019","page","type-page","status-publish","hentry"],"acf":[],"_links":{"self":[{"href":"https:\/\/sebastianmiga.de\/projekte\/meditationmuenchen\/wp-json\/wp\/v2\/pages\/1019","targetHints":{"allow":["GET"]}}],"collection":[{"href":"https:\/\/sebastianmiga.de\/projekte\/meditationmuenchen\/wp-json\/wp\/v2\/pages"}],"about":[{"href":"https:\/\/sebastianmiga.de\/projekte\/meditationmuenchen\/wp-json\/wp\/v2\/types\/page"}],"author":[{"embeddable":true,"href":"https:\/\/sebastianmiga.de\/projekte\/meditationmuenchen\/wp-json\/wp\/v2\/users\/3"}],"replies":[{"embeddable":true,"href":"https:\/\/sebastianmiga.de\/projekte\/meditationmuenchen\/wp-json\/wp\/v2\/comments?post=1019"}],"version-history":[{"count":20,"href":"https:\/\/sebastianmiga.de\/projekte\/meditationmuenchen\/wp-json\/wp\/v2\/pages\/1019\/revisions"}],"predecessor-version":[{"id":4807,"href":"https:\/\/sebastianmiga.de\/projekte\/meditationmuenchen\/wp-json\/wp\/v2\/pages\/1019\/revisions\/4807"}],"up":[{"embeddable":true,"href":"https:\/\/sebastianmiga.de\/projekte\/meditationmuenchen\/wp-json\/wp\/v2\/pages\/641"}],"wp:attachment":[{"href":"https:\/\/sebastianmiga.de\/projekte\/meditationmuenchen\/wp-json\/wp\/v2\/media?parent=1019"}],"curies":[{"name":"wp","href":"https:\/\/api.w.org\/{rel}","templated":true}]}}