{"id":1023,"date":"2017-08-11T14:08:24","date_gmt":"2017-08-11T12:08:24","guid":{"rendered":"http:\/\/meditationmuenchen.ecommerce-trend.de\/?page_id=1023"},"modified":"2019-04-28T17:48:40","modified_gmt":"2019-04-28T15:48:40","slug":"do-it-yourself","status":"publish","type":"page","link":"https:\/\/sebastianmiga.de\/projekte\/meditationmuenchen\/wie-meditieren\/do-it-yourself\/","title":{"rendered":"Do it Yourself"},"content":{"rendered":"<div class=\"wpb-content-wrapper\"><p>[vc_row][vc_column][vc_column_text css=&#8220;.vc_custom_1555940272338{margin-top: 0px !important;margin-right: 4px !important;margin-bottom: 0px !important;margin-left: 4px !important;border-top-width: 4px !important;border-right-width: 4px !important;border-bottom-width: 4px !important;border-left-width: 4px !important;padding-top: 15px !important;padding-right: 10px !important;padding-bottom: 5px !important;padding-left: 10px !important;background-color: rgba(255,255,255,0.75) !important;*background-color: rgb(255,255,255) !important;border-left-style: ridge !important;border-right-style: ridge !important;border-top-style: ridge !important;border-bottom-style: ridge !important;border-radius: 5px !important;}&#8220;]<span style=\"font-size: 17px;\"><strong><span style=\"font-size: 34px;\">L<\/span>assen Sie sich nicht verwirren<\/strong><\/span><br \/>\n<span style=\"font-size: 17px;\">Bitte machen Sie nicht den Denkfehler, je mehr desto besser, alles w\u00e4re gleich gut und man m\u00fc\u00dfte alles ausprobieren. Der heutige Sucher wird an allen Fronten verwirrt durch ein bl\u00fchendes Gesch\u00e4ft. In der Spiritualit\u00e4t ist &#8222;neu&#8220; aber kein wichtiges Pr\u00e4dikat, da tiefe Wahrheit zeitlos ist. Welch Chaos wir in Unkenntnis in der materiellen Welt angerichtet haben wird be\u00e4ngstigend offenbar, um wieviel schwieriger sind die geistigen Welten. Spirituelle Tradition &#8211; nicht religi\u00f6se &#8211; ist gewachsen \u00fcber Jahrtausende. \u00dcbrig bleibt die Wahrheit, alles andere verf\u00e4llt dem vernichtenden Mahlstrom der Zeit.<\/span><\/p>\n<p><span style=\"font-size: 17px;\">Sahaja Yoga ist nicht neu sondern uralt. Vermischen oder kombinieren Sie also Sahaja Yoga nicht mit anderen Techniken, Philosophien oder psychologischen Ans\u00e4tzen. Ihr Fortschritt wird darunter leiden. Geben Sie sich eine Zeitspanne, wo sie ausschlie\u00dflich Sahaja Yoga auf Herz und Nieren pr\u00fcfen. Lassen Sie anderes w\u00e4hrend dieser Zeitspanne ruhen. Man kann immer nur ein Pferd reiten.<\/span><\/p>\n<p><span style=\"font-size: 17px;\"><strong>Nur Erfahrung z\u00e4hlt<\/strong><\/span><br \/>\n<span style=\"font-size: 17px;\">In Sahaja Yoga geht es prim\u00e4r um Erfahrung &#8211; pers\u00f6nliche Erfahrung. Alle Evolution vollzieht sich im Jetzt dieses Lebens. Erfahrung sollte der Pr\u00fcfstein sein, f\u00fcr die Wahrhaftigkeit aller Theorie, auch der von Sahaja Yoga. Unsere heutige Zeit krankt an \u00dcberinformation und Mangel an Weisheit. Weisheit ist echte Erkenntnis erprobt an der Realit\u00e4t des Lebens. Echtheit als Ziel erlangen wir nur, wenn wir ehrlich versuchen, die Dinge nicht nur zu wissen, sondern auch zu leben. Eine Ann\u00e4herung in Demut bringt das andere Verstehen mit dem Herzen, das die T\u00fcr zum Atma \u00f6ffnet.<\/span><\/p>\n<p><span style=\"font-size: 17px;\"><a href=\"https:\/\/sebastianmiga.de\/projekte\/meditationmuenchen\/wie-meditieren\/\">Zur\u00fcck zum Hauptmenue<\/a><\/span>[\/vc_column_text][\/vc_column][\/vc_row][vc_row][vc_column][vc_empty_space height=&#8220;150 px&#8220;][\/vc_column][\/vc_row]<\/p>\n<\/div>","protected":false},"excerpt":{"rendered":"<p>[vc_row][vc_column][vc_column_text css=&#8220;.vc_custom_1555940272338{margin-top: 0px !important;margin-right: 4px !important;margin-bottom: 0px !important;margin-left: 4px !important;border-top-width: 4px !important;border-right-width: 4px !important;border-bottom-width: 4px !important;border-left-width: 4px !important;padding-top: 15px !important;padding-right: 10px !important;padding-bottom: 5px !important;padding-left: 10px !important;background-color: rgba(255,255,255,0.75) !important;*background-color: rgb(255,255,255) !important;border-left-style: ridge !important;border-right-style: ridge !important;border-top-style: ridge !important;border-bottom-style: ridge !important;border-radius: 5px !important;}&#8220;]Lassen Sie sich nicht verwirren Bitte machen Sie nicht den Denkfehler, je mehr desto besser, alles [&hellip;]<\/p>\n","protected":false},"author":3,"featured_media":0,"parent":628,"menu_order":0,"comment_status":"closed","ping_status":"closed","template":"","meta":{"_acf_changed":false,"footnotes":""},"class_list":["post-1023","page","type-page","status-publish","hentry"],"acf":[],"_links":{"self":[{"href":"https:\/\/sebastianmiga.de\/projekte\/meditationmuenchen\/wp-json\/wp\/v2\/pages\/1023","targetHints":{"allow":["GET"]}}],"collection":[{"href":"https:\/\/sebastianmiga.de\/projekte\/meditationmuenchen\/wp-json\/wp\/v2\/pages"}],"about":[{"href":"https:\/\/sebastianmiga.de\/projekte\/meditationmuenchen\/wp-json\/wp\/v2\/types\/page"}],"author":[{"embeddable":true,"href":"https:\/\/sebastianmiga.de\/projekte\/meditationmuenchen\/wp-json\/wp\/v2\/users\/3"}],"replies":[{"embeddable":true,"href":"https:\/\/sebastianmiga.de\/projekte\/meditationmuenchen\/wp-json\/wp\/v2\/comments?post=1023"}],"version-history":[{"count":20,"href":"https:\/\/sebastianmiga.de\/projekte\/meditationmuenchen\/wp-json\/wp\/v2\/pages\/1023\/revisions"}],"predecessor-version":[{"id":4708,"href":"https:\/\/sebastianmiga.de\/projekte\/meditationmuenchen\/wp-json\/wp\/v2\/pages\/1023\/revisions\/4708"}],"up":[{"embeddable":true,"href":"https:\/\/sebastianmiga.de\/projekte\/meditationmuenchen\/wp-json\/wp\/v2\/pages\/628"}],"wp:attachment":[{"href":"https:\/\/sebastianmiga.de\/projekte\/meditationmuenchen\/wp-json\/wp\/v2\/media?parent=1023"}],"curies":[{"name":"wp","href":"https:\/\/api.w.org\/{rel}","templated":true}]}}