{"id":1024,"date":"2017-08-11T14:08:24","date_gmt":"2017-08-11T12:08:24","guid":{"rendered":"http:\/\/meditationmuenchen.ecommerce-trend.de\/?page_id=1024"},"modified":"2019-04-28T17:49:17","modified_gmt":"2019-04-28T15:49:17","slug":"anleitungen","status":"publish","type":"page","link":"https:\/\/sebastianmiga.de\/projekte\/meditationmuenchen\/wie-meditieren\/anleitungen\/","title":{"rendered":"Das Chakren System"},"content":{"rendered":"<div class=\"wpb-content-wrapper\"><p>[vc_row][vc_column][vc_column_text css=&#8220;.vc_custom_1555940344421{margin-top: 0px !important;margin-right: 4px !important;margin-bottom: 0px !important;margin-left: 4px !important;border-top-width: 4px !important;border-right-width: 4px !important;border-bottom-width: 4px !important;border-left-width: 4px !important;padding-top: 15px !important;padding-right: 10px !important;padding-bottom: 5px !important;padding-left: 10px !important;background-color: rgba(255,255,255,0.75) !important;*background-color: rgb(255,255,255) !important;border-left-style: ridge !important;border-right-style: ridge !important;border-top-style: ridge !important;border-bottom-style: ridge !important;border-radius: 5px !important;}&#8220;]<span style=\"font-size: 17px;\"><strong><span style=\"font-size: 34px;\">W<\/span>illensfreiheit<\/strong><\/span><br \/>\n<span style=\"font-size: 17px;\">Man spricht vom feinstof\ufb02ichen System oder Kausalk\u00f6rper. Soll hei\u00dfen, dass subtile Vorg\u00e4nge, psychischer oder mentaler Natur, noch stof\ufb02ich und damit beein\ufb02ussbar sind. Jenseits davon liegt die Sph\u00e4re des Unnahbaren (Superkausalen) oder G\u00f6ttlichen. Im K\u00f6rper sind dies Kundalini und Atma. Nach dem langen Weg der Evolution, in der Abfolge Singularit\u00e4t (Urknall), Zeit, Raum, Energie, Materie, Leben, Bewusstsein war im \u00dcbergang vom Tier- zum Menschenreich eine entscheidende Stufe der Evolution erreicht. Die Aufrichtung vom Vier- zum Zweif\u00fc\u00dfler, einhergehend mit der Bewu\u00dftwerdung von Ich, Individualit\u00e4t und Willensfreiheit erfolgten in logischer Konsequenz. Die Vorderl\u00e4ufe der Tiere wurden jetzt zum alles entscheidenden Tatorgan der H\u00e4nde, sensibler als alle anderen K\u00f6rperregionen. Ein einzigartiger Schritt zur Menschwerdung war geschehen.<\/span><\/p>\n<p><span style=\"font-size: 17px;\"><strong>Manifestation<\/strong><\/span><br \/>\n<span style=\"font-size: 17px;\">Das Prinzip der Tatkraft oder Manifestation war geboren. Besonderheit der H\u00e4nde zeigt sich in neuer Sensorik und Agilit\u00e4t, die sich nach dem Aufstieg bzw. Aktivierung der Kundalini entwickelt. Sie l\u00e4sst uns den Zustand von Chakren und Gunas (siehe unten) \u00fcber die H\u00e4nde sowohl f\u00fchlen, wie beeinflu\u00dfen. Ein Novum: Diagnostik und Therapie zugleich, werden uns &#8222;in die H\u00e4nde gelegt&#8220;. Versteht man das Prinzip, das jeder Komponente des Systems unterliegt, werden die geistigen Ursachen f\u00fcr k\u00f6rperliche Auswirkungen offenbar. K\u00f6rperliche Erfahrung wird zum Indikator von Wahrheit. Meditation unter F\u00fchrung der Kundalini verbindet unmittelbar mit Introspektion &#8211; kann gar nicht anders als uns Weisheit zu schenken. Hier beginnt wahres Yoga, durch freie Entscheidung und Verstehen ein Wachsen zu Weisheit und Erf\u00fcllung.<\/span><\/p>\n<p><img loading=\"lazy\" decoding=\"async\" class=\"size-medium wp-image-4284 aligncenter\" src=\"https:\/\/sebastianmiga.de\/projekte\/meditationmuenchen\/wp-content\/uploads\/2018\/09\/ChakraChart2-276x300.jpg\" alt=\"\" width=\"276\" height=\"300\" \/><\/p>\n<p><span style=\"font-size: 17px;\"><strong>Bildungsprinzipien<\/strong><\/span><br \/>\n<span style=\"font-size: 17px;\">Wichtig ist, dass Chakren, Gunas und Elemente nicht gegenst\u00e4ndlich, sondern inmaterielle Bildungsprinzipien der ganzen Sch\u00f6pfung sind, am h\u00f6chsten offenbart im Menschen. Die Prinzipien selbst evolvieren, veredeln sich entsprechend der Seinsebene, sprich Materie, Pflanzen-, Tier- oder Menschenreich. Sie sind das Interface vom Geistigen ins Materielle. Man kann sie auch als die in uns hineingeborene Ethik betrachten. Stimmig beeinflu\u00dfen sie die ihnen untergeordneten Nervenplexen im Guten wie Schlechten. Weder Nerven- noch Hormonsystem, dieses subtile System ist es, das als oberste Instanz unsere gesamte k\u00f6rperliche, emotionale, mentale und spirituelle Befindlichkeit \u00fcberwacht und reguliert. Die ausf\u00fchrliche Beschreibung der Bedeutung der Prinzipien finden Sie in den folgenden Links.<\/span><\/p>\n<p><span style=\"font-size: 17px;\"><strong>Das Instrument des Yoga<\/strong> besteht im wesentlichen aus (<a href=\"https:\/\/sebastianmiga.de\/projekte\/meditationmuenchen\/wp-content\/uploads\/2017\/10\/ChakrenDetaill.pdf\">Grafik im Detail hier):<\/a><\/span><\/p>\n<p><span style=\"font-size: 17px;\">\u25ba ATMA(N): Kleine Re\ufb02exion des allm\u00e4chtigen, bezeugenden Beobachters seiner Sch\u00f6pfung (Gottvater, Sadha-Shiva)<\/span><\/p>\n<p><span style=\"font-size: 17px;\">\u25ba KUNDALINI: Kleine Re\ufb02exion der m\u00fctterlichen dynamischen Sch\u00f6pferkraft Gottes (Adi Shakti) und damit unser ureigener Antrieb zur H\u00f6her-Entwicklung<\/span><\/p>\n<p><span style=\"font-size: 17px;\">\u25ba 3 NADIS (Gunas): Polarit\u00e4t der Welt mit den Energiekan\u00e4len Ida-Nadi oder Yin (linker Kanal), Pingala-Nadi oder Yang (rechter Kanal), und Sushumna-Nadi (zentraler Kanal)<\/span><\/p>\n<p><span style=\"font-size: 17px;\">\u25ba 7 CHAKREN: Energiezentren entlang der Wirbels\u00e4ule: <a href=\"https:\/\/sebastianmiga.de\/projekte\/meditationmuenchen\/wp-content\/uploads\/2017\/09\/mooladhara.pdf\">Mooladhara<\/a>, <a href=\"https:\/\/sebastianmiga.de\/projekte\/meditationmuenchen\/wp-content\/uploads\/2017\/09\/swadistana.pdf\">Swadhisthan<\/a>, <a href=\"https:\/\/sebastianmiga.de\/projekte\/meditationmuenchen\/wp-content\/uploads\/2017\/09\/nabhi.pdf\">Nabhi<\/a>, (<a href=\"https:\/\/sebastianmiga.de\/projekte\/meditationmuenchen\/wp-content\/uploads\/2017\/09\/void.pdf\">Void<\/a>),\u00a0<a href=\"https:\/\/sebastianmiga.de\/projekte\/meditationmuenchen\/wp-content\/uploads\/2017\/09\/anahat.pdf\">Anahata<\/a>, <a href=\"https:\/\/sebastianmiga.de\/projekte\/meditationmuenchen\/wp-content\/uploads\/2017\/09\/vishudi.pdf\">Vishuddhi<\/a>, <a href=\"https:\/\/sebastianmiga.de\/projekte\/meditationmuenchen\/wp-content\/uploads\/2017\/09\/agnya.pdf\">Agnya<\/a>, <a href=\"https:\/\/sebastianmiga.de\/projekte\/meditationmuenchen\/wp-content\/uploads\/2017\/09\/sahasrara.pdf\">Sahasrara<\/a><\/span><\/p>\n<p><span style=\"font-size: 17px;\">\u25ba 6 ELEMENTE: Erde, Feuer, Wasser, Luft, Raum, Licht werden besonders\u00a0<a href=\"https:\/\/sebastianmiga.de\/projekte\/meditationmuenchen\/wp-content\/uploads\/2017\/10\/TechnikElemente.pdf\">zur Reinigung benutzt.<\/a><\/span><\/p>\n<p><span style=\"font-size: 17px;\">\u25ba Weitere Unterchakren wie Hamsa, Shri Lalita, Shri Chakra usw.<\/span><\/p>\n<p><span style=\"font-size: 17px;\"><a href=\"https:\/\/sebastianmiga.de\/projekte\/meditationmuenchen\/wie-meditieren\/\">Zur\u00fcck zum Hauptmenue<\/a><\/span>[\/vc_column_text][\/vc_column][\/vc_row]<\/p>\n<\/div>","protected":false},"excerpt":{"rendered":"<p>[vc_row][vc_column][vc_column_text css=&#8220;.vc_custom_1555940344421{margin-top: 0px !important;margin-right: 4px !important;margin-bottom: 0px !important;margin-left: 4px !important;border-top-width: 4px !important;border-right-width: 4px !important;border-bottom-width: 4px !important;border-left-width: 4px !important;padding-top: 15px !important;padding-right: 10px !important;padding-bottom: 5px !important;padding-left: 10px !important;background-color: rgba(255,255,255,0.75) !important;*background-color: rgb(255,255,255) !important;border-left-style: ridge !important;border-right-style: ridge !important;border-top-style: ridge !important;border-bottom-style: ridge !important;border-radius: 5px !important;}&#8220;]Willensfreiheit Man spricht vom feinstof\ufb02ichen System oder Kausalk\u00f6rper. Soll hei\u00dfen, dass subtile Vorg\u00e4nge, psychischer oder mentaler [&hellip;]<\/p>\n","protected":false},"author":3,"featured_media":0,"parent":628,"menu_order":0,"comment_status":"closed","ping_status":"closed","template":"","meta":{"_acf_changed":false,"footnotes":""},"class_list":["post-1024","page","type-page","status-publish","hentry"],"acf":[],"_links":{"self":[{"href":"https:\/\/sebastianmiga.de\/projekte\/meditationmuenchen\/wp-json\/wp\/v2\/pages\/1024","targetHints":{"allow":["GET"]}}],"collection":[{"href":"https:\/\/sebastianmiga.de\/projekte\/meditationmuenchen\/wp-json\/wp\/v2\/pages"}],"about":[{"href":"https:\/\/sebastianmiga.de\/projekte\/meditationmuenchen\/wp-json\/wp\/v2\/types\/page"}],"author":[{"embeddable":true,"href":"https:\/\/sebastianmiga.de\/projekte\/meditationmuenchen\/wp-json\/wp\/v2\/users\/3"}],"replies":[{"embeddable":true,"href":"https:\/\/sebastianmiga.de\/projekte\/meditationmuenchen\/wp-json\/wp\/v2\/comments?post=1024"}],"version-history":[{"count":33,"href":"https:\/\/sebastianmiga.de\/projekte\/meditationmuenchen\/wp-json\/wp\/v2\/pages\/1024\/revisions"}],"predecessor-version":[{"id":4709,"href":"https:\/\/sebastianmiga.de\/projekte\/meditationmuenchen\/wp-json\/wp\/v2\/pages\/1024\/revisions\/4709"}],"up":[{"embeddable":true,"href":"https:\/\/sebastianmiga.de\/projekte\/meditationmuenchen\/wp-json\/wp\/v2\/pages\/628"}],"wp:attachment":[{"href":"https:\/\/sebastianmiga.de\/projekte\/meditationmuenchen\/wp-json\/wp\/v2\/media?parent=1024"}],"curies":[{"name":"wp","href":"https:\/\/api.w.org\/{rel}","templated":true}]}}