{"id":1027,"date":"2017-08-11T14:08:24","date_gmt":"2017-08-11T12:08:24","guid":{"rendered":"http:\/\/meditationmuenchen.ecommerce-trend.de\/?page_id=1027"},"modified":"2019-04-28T17:47:25","modified_gmt":"2019-04-28T15:47:25","slug":"demut-versus-machen","status":"publish","type":"page","link":"https:\/\/sebastianmiga.de\/projekte\/meditationmuenchen\/wie-meditieren\/demut-versus-machen\/","title":{"rendered":"Demut versus Machen"},"content":{"rendered":"<div class=\"wpb-content-wrapper\"><p>[vc_row][vc_column][vc_column_text css=&#8220;.vc_custom_1555940043363{margin-top: 0px !important;margin-right: 4px !important;margin-bottom: 0px !important;margin-left: 4px !important;border-top-width: 4px !important;border-right-width: 4px !important;border-bottom-width: 4px !important;border-left-width: 4px !important;padding-top: 15px !important;padding-right: 10px !important;padding-bottom: 5px !important;padding-left: 10px !important;background-color: rgba(255,255,255,0.75) !important;*background-color: rgb(255,255,255) !important;border-left-style: ridge !important;border-right-style: ridge !important;border-top-style: ridge !important;border-bottom-style: ridge !important;border-radius: 5px !important;}&#8220;]<span style=\"font-size: 17px;\"><span style=\"font-size: 34px;\"><strong>M<\/strong><\/span>editation ist nicht Selbstzweck sondern Mittel zum Zweck &#8211; ihr Ziel Ausklinken aus dem zwanghaften &#8222;Kopf-Kino&#8220; durch\u00a0Gedanken-Stille. Dann wird der Weg frei zur &#8222;F\u00fclle der Leere&#8220;, die alles enth\u00e4lt. Geschehen muss es &#8211; aber wir k\u00f6nnen es nicht bestimmen. Die Macht-Vollkommenheit der Kundalinikraft ist erhaben \u00fcber alles menschliche Wollen.\u00a0<a href=\"http:\/\/meditationmuenchen.ecommerce-trend.de\/wp-content\/uploads\/2017\/08\/HowToMed.pdf\"><span style=\"color: #000000;\">Was bleibt ist unser Wunsch und Sehnen<\/span>.<\/a> Wie kontr\u00e4r zu unserem Machbarkeits-Wahn, wie feinsinnig von unserem Sch\u00f6pfer!<\/span><\/p>\n<p><span style=\"font-size: 17px;\"><a href=\"https:\/\/sebastianmiga.de\/projekte\/meditationmuenchen\/wie-meditieren\/\">Zur\u00fcck zum Hauptmenue<\/a><\/span>[\/vc_column_text][\/vc_column][\/vc_row][vc_row][vc_column][vc_empty_space height=&#8220;800 px&#8220;][\/vc_column][\/vc_row]<\/p>\n<\/div>","protected":false},"excerpt":{"rendered":"<p>[vc_row][vc_column][vc_column_text css=&#8220;.vc_custom_1555940043363{margin-top: 0px !important;margin-right: 4px !important;margin-bottom: 0px !important;margin-left: 4px !important;border-top-width: 4px !important;border-right-width: 4px !important;border-bottom-width: 4px !important;border-left-width: 4px !important;padding-top: 15px !important;padding-right: 10px !important;padding-bottom: 5px !important;padding-left: 10px !important;background-color: rgba(255,255,255,0.75) !important;*background-color: rgb(255,255,255) !important;border-left-style: ridge !important;border-right-style: ridge !important;border-top-style: ridge !important;border-bottom-style: ridge !important;border-radius: 5px !important;}&#8220;]Meditation ist nicht Selbstzweck sondern Mittel zum Zweck &#8211; ihr Ziel Ausklinken aus dem zwanghaften &#8222;Kopf-Kino&#8220; [&hellip;]<\/p>\n","protected":false},"author":3,"featured_media":0,"parent":628,"menu_order":0,"comment_status":"closed","ping_status":"closed","template":"","meta":{"_acf_changed":false,"footnotes":""},"class_list":["post-1027","page","type-page","status-publish","hentry"],"acf":[],"_links":{"self":[{"href":"https:\/\/sebastianmiga.de\/projekte\/meditationmuenchen\/wp-json\/wp\/v2\/pages\/1027","targetHints":{"allow":["GET"]}}],"collection":[{"href":"https:\/\/sebastianmiga.de\/projekte\/meditationmuenchen\/wp-json\/wp\/v2\/pages"}],"about":[{"href":"https:\/\/sebastianmiga.de\/projekte\/meditationmuenchen\/wp-json\/wp\/v2\/types\/page"}],"author":[{"embeddable":true,"href":"https:\/\/sebastianmiga.de\/projekte\/meditationmuenchen\/wp-json\/wp\/v2\/users\/3"}],"replies":[{"embeddable":true,"href":"https:\/\/sebastianmiga.de\/projekte\/meditationmuenchen\/wp-json\/wp\/v2\/comments?post=1027"}],"version-history":[{"count":16,"href":"https:\/\/sebastianmiga.de\/projekte\/meditationmuenchen\/wp-json\/wp\/v2\/pages\/1027\/revisions"}],"predecessor-version":[{"id":4705,"href":"https:\/\/sebastianmiga.de\/projekte\/meditationmuenchen\/wp-json\/wp\/v2\/pages\/1027\/revisions\/4705"}],"up":[{"embeddable":true,"href":"https:\/\/sebastianmiga.de\/projekte\/meditationmuenchen\/wp-json\/wp\/v2\/pages\/628"}],"wp:attachment":[{"href":"https:\/\/sebastianmiga.de\/projekte\/meditationmuenchen\/wp-json\/wp\/v2\/media?parent=1027"}],"curies":[{"name":"wp","href":"https:\/\/api.w.org\/{rel}","templated":true}]}}