{"id":1039,"date":"2017-08-11T14:16:25","date_gmt":"2017-08-11T12:16:25","guid":{"rendered":"http:\/\/meditationmuenchen.ecommerce-trend.de\/?page_id=1039"},"modified":"2025-06-22T15:25:24","modified_gmt":"2025-06-22T13:25:24","slug":"regulaere-programme","status":"publish","type":"page","link":"https:\/\/sebastianmiga.de\/projekte\/meditationmuenchen\/wo-meditieren\/regulaere-programme\/","title":{"rendered":"Regul\u00e4re Programme"},"content":{"rendered":"<div class=\"wpb-content-wrapper\"><p>[vc_row][vc_column][vc_column_text css=&#8220;.vc_custom_1750598711713{margin-top: 0px !important;margin-right: 4px !important;margin-bottom: 0px !important;margin-left: 4px !important;border-top-width: 4px !important;border-right-width: 4px !important;border-bottom-width: 4px !important;border-left-width: 4px !important;padding-top: 15px !important;padding-right: 10px !important;padding-bottom: 5px !important;padding-left: 10px !important;background-color: rgba(255,255,255,0.75) !important;*background-color: rgb(255,255,255) !important;border-left-style: ridge !important;border-right-style: ridge !important;border-top-style: ridge !important;border-bottom-style: ridge !important;border-radius: 5px !important;}&#8220;]<span style=\"font-size: 17px;\"><span style=\"font-size: 34px;\"><strong>E<\/strong><\/span>s geht in Sahaja Yoga weder um Dienstleistung, Vertr\u00e4ge oder Verkauf. Diplomierte professionelle Yogalehrer nach ISO-Standard &#8211; die ihr Hobby zum Beruf gemacht haben &#8211; werden Sie dort nicht antreffen &#8211; daf\u00fcr Organisatoren und Vortragende, die Sahaja Yoga leben &#8211; seit Langem. Deshalb besitzen sie die katalytische Verbindung zur Kundalini der Sucher, da ihre eigene erweckt ist, vergleichbar dem Anz\u00fcnden einer Kerze durch eine bereits brennende. F\u00fcr sie ist Meditation weder Wellness noch Therapie, sondern der Weg der Emanzipation. Sie kennen die N\u00f6te und Probleme der Selbstfindung, die nicht enden, wenn der Kurs vorbei ist. Obwohl kostenlos, ist Austausch solcher Lebenserfahrung das wertvollste, das man geben kann. Wo in Deutschland Sahaja Yoga aktiv ist <a href=\"http:\/\/www.sahajayoga.de\/kurse\">bitte hier klicken<\/a>, Meditationskurse in Bayern\u00a0<a href=\"https:\/\/sebastianmiga.de\/projekte\/meditationmuenchen\/wp-content\/uploads\/2025\/06\/Programme2023.pdf\">finden Sie hier.<\/a><\/span><\/p>\n<p><span style=\"font-size: 17px;\"><a href=\"https:\/\/sebastianmiga.de\/projekte\/meditationmuenchen\/wo-meditieren\/\">Zur\u00fcck zum Hauptmenue<\/a><\/span>[\/vc_column_text][\/vc_column][\/vc_row][vc_row][vc_column][vc_empty_space height=&#8220;400 px&#8220;][\/vc_column][\/vc_row]<\/p>\n<\/div>","protected":false},"excerpt":{"rendered":"<p>[vc_row][vc_column][vc_column_text css=&#8220;.vc_custom_1750598711713{margin-top: 0px !important;margin-right: 4px !important;margin-bottom: 0px !important;margin-left: 4px !important;border-top-width: 4px !important;border-right-width: 4px !important;border-bottom-width: 4px !important;border-left-width: 4px !important;padding-top: 15px !important;padding-right: 10px !important;padding-bottom: 5px !important;padding-left: 10px !important;background-color: rgba(255,255,255,0.75) !important;*background-color: rgb(255,255,255) !important;border-left-style: ridge !important;border-right-style: ridge !important;border-top-style: ridge !important;border-bottom-style: ridge !important;border-radius: 5px !important;}&#8220;]Es geht in Sahaja Yoga weder um Dienstleistung, Vertr\u00e4ge oder Verkauf. Diplomierte professionelle Yogalehrer nach ISO-Standard [&hellip;]<\/p>\n","protected":false},"author":3,"featured_media":0,"parent":685,"menu_order":0,"comment_status":"closed","ping_status":"closed","template":"","meta":{"_acf_changed":false,"footnotes":""},"class_list":["post-1039","page","type-page","status-publish","hentry"],"acf":[],"_links":{"self":[{"href":"https:\/\/sebastianmiga.de\/projekte\/meditationmuenchen\/wp-json\/wp\/v2\/pages\/1039","targetHints":{"allow":["GET"]}}],"collection":[{"href":"https:\/\/sebastianmiga.de\/projekte\/meditationmuenchen\/wp-json\/wp\/v2\/pages"}],"about":[{"href":"https:\/\/sebastianmiga.de\/projekte\/meditationmuenchen\/wp-json\/wp\/v2\/types\/page"}],"author":[{"embeddable":true,"href":"https:\/\/sebastianmiga.de\/projekte\/meditationmuenchen\/wp-json\/wp\/v2\/users\/3"}],"replies":[{"embeddable":true,"href":"https:\/\/sebastianmiga.de\/projekte\/meditationmuenchen\/wp-json\/wp\/v2\/comments?post=1039"}],"version-history":[{"count":21,"href":"https:\/\/sebastianmiga.de\/projekte\/meditationmuenchen\/wp-json\/wp\/v2\/pages\/1039\/revisions"}],"predecessor-version":[{"id":5945,"href":"https:\/\/sebastianmiga.de\/projekte\/meditationmuenchen\/wp-json\/wp\/v2\/pages\/1039\/revisions\/5945"}],"up":[{"embeddable":true,"href":"https:\/\/sebastianmiga.de\/projekte\/meditationmuenchen\/wp-json\/wp\/v2\/pages\/685"}],"wp:attachment":[{"href":"https:\/\/sebastianmiga.de\/projekte\/meditationmuenchen\/wp-json\/wp\/v2\/media?parent=1039"}],"curies":[{"name":"wp","href":"https:\/\/api.w.org\/{rel}","templated":true}]}}