{"id":1044,"date":"2017-08-11T14:16:25","date_gmt":"2017-08-11T12:16:25","guid":{"rendered":"http:\/\/meditationmuenchen.ecommerce-trend.de\/?page_id=1044"},"modified":"2025-06-19T11:08:04","modified_gmt":"2025-06-19T09:08:04","slug":"seminare-workshops","status":"publish","type":"page","link":"https:\/\/sebastianmiga.de\/projekte\/meditationmuenchen\/wo-meditieren\/seminare-workshops\/","title":{"rendered":"Seminare &#038; Workshops"},"content":{"rendered":"<div class=\"wpb-content-wrapper\"><p>[vc_row][vc_column][vc_column_text css=&#8220;.vc_custom_1750324068744{margin-top: 0px !important;margin-right: 4px !important;margin-bottom: 0px !important;margin-left: 4px !important;border-top-width: 4px !important;border-right-width: 4px !important;border-bottom-width: 4px !important;border-left-width: 4px !important;padding-top: 15px !important;padding-right: 10px !important;padding-bottom: 5px !important;padding-left: 10px !important;background-color: rgba(255,255,255,0.75) !important;*background-color: rgb(255,255,255) !important;border-left-style: ridge !important;border-right-style: ridge !important;border-top-style: ridge !important;border-bottom-style: ridge !important;border-radius: 5px !important;}&#8220;]<span style=\"font-size: 17px;\"><span style=\"font-size: 34px;\"><strong>W<\/strong><\/span>er keine M\u00f6glichkeit hat zu regul\u00e4ren Programmen zu kommen &#8211; kein Beinbruch &#8211; das Internet macht&#8217;s m\u00f6glich! Sahaja Yoga Meditationen und Vortr\u00e4ge sind global auf vielen Sozialen Netzwerken und Plattformen frei zug\u00e4nglich, vor allem die Reden von Shri Mataji. Eine internationale Gruppe ist laufend dabei, diese zu transkribieren und zu untertiteln in den wichtigsten Sprachen. Dies betrifft alle Medien, Text, Bild, Audio, Video, eine Herkules-Aufgabe angesichts \u00fcber 4000 Vortr\u00e4gen und Veranstaltungen. Wer nicht so firm ist mit Internet und Konsorten kann immer noch zu Seminaren und Workshops kommen, die in den gr\u00f6\u00dferen Zentren veranstaltet werden. Es sind dann Halbtages-, Tages-, oder Wochenend-Seminare, die sehr gerne besucht werden. Sie werden im <a href=\"https:\/\/sebastianmiga.de\/projekte\/meditationmuenchen\/wp-content\/uploads\/2025\/06\/Sahaja-Yoga-Newsletter-05-2025-1.html\">aktuellen Newsletter<\/a> angek\u00fcndigt.\u00a0<\/span><\/p>\n<p><span style=\"font-size: 17px;\"><a href=\"https:\/\/sebastianmiga.de\/projekte\/meditationmuenchen\/wo-meditieren\/\">Zur\u00fcck zum Hauptmenue<\/a><\/span>[\/vc_column_text][\/vc_column][\/vc_row][vc_row][vc_column][vc_empty_space height=&#8220;400 px&#8220;][\/vc_column][\/vc_row]<\/p>\n<\/div>","protected":false},"excerpt":{"rendered":"<p>[vc_row][vc_column][vc_column_text css=&#8220;.vc_custom_1750324068744{margin-top: 0px !important;margin-right: 4px !important;margin-bottom: 0px !important;margin-left: 4px !important;border-top-width: 4px !important;border-right-width: 4px !important;border-bottom-width: 4px !important;border-left-width: 4px !important;padding-top: 15px !important;padding-right: 10px !important;padding-bottom: 5px !important;padding-left: 10px !important;background-color: rgba(255,255,255,0.75) !important;*background-color: rgb(255,255,255) !important;border-left-style: ridge !important;border-right-style: ridge !important;border-top-style: ridge !important;border-bottom-style: ridge !important;border-radius: 5px !important;}&#8220;]Wer keine M\u00f6glichkeit hat zu regul\u00e4ren Programmen zu kommen &#8211; kein Beinbruch &#8211; das Internet macht&#8217;s [&hellip;]<\/p>\n","protected":false},"author":3,"featured_media":0,"parent":685,"menu_order":0,"comment_status":"closed","ping_status":"closed","template":"","meta":{"_acf_changed":false,"footnotes":""},"class_list":["post-1044","page","type-page","status-publish","hentry"],"acf":[],"_links":{"self":[{"href":"https:\/\/sebastianmiga.de\/projekte\/meditationmuenchen\/wp-json\/wp\/v2\/pages\/1044","targetHints":{"allow":["GET"]}}],"collection":[{"href":"https:\/\/sebastianmiga.de\/projekte\/meditationmuenchen\/wp-json\/wp\/v2\/pages"}],"about":[{"href":"https:\/\/sebastianmiga.de\/projekte\/meditationmuenchen\/wp-json\/wp\/v2\/types\/page"}],"author":[{"embeddable":true,"href":"https:\/\/sebastianmiga.de\/projekte\/meditationmuenchen\/wp-json\/wp\/v2\/users\/3"}],"replies":[{"embeddable":true,"href":"https:\/\/sebastianmiga.de\/projekte\/meditationmuenchen\/wp-json\/wp\/v2\/comments?post=1044"}],"version-history":[{"count":123,"href":"https:\/\/sebastianmiga.de\/projekte\/meditationmuenchen\/wp-json\/wp\/v2\/pages\/1044\/revisions"}],"predecessor-version":[{"id":5940,"href":"https:\/\/sebastianmiga.de\/projekte\/meditationmuenchen\/wp-json\/wp\/v2\/pages\/1044\/revisions\/5940"}],"up":[{"embeddable":true,"href":"https:\/\/sebastianmiga.de\/projekte\/meditationmuenchen\/wp-json\/wp\/v2\/pages\/685"}],"wp:attachment":[{"href":"https:\/\/sebastianmiga.de\/projekte\/meditationmuenchen\/wp-json\/wp\/v2\/media?parent=1044"}],"curies":[{"name":"wp","href":"https:\/\/api.w.org\/{rel}","templated":true}]}}