{"id":1099,"date":"2017-08-11T16:10:27","date_gmt":"2017-08-11T14:10:27","guid":{"rendered":"http:\/\/meditationmuenchen.ecommerce-trend.de\/?page_id=1099"},"modified":"2019-04-28T18:03:44","modified_gmt":"2019-04-28T16:03:44","slug":"lange-nacht-der-musik-2","status":"publish","type":"page","link":"https:\/\/sebastianmiga.de\/projekte\/meditationmuenchen\/kunst-des-atmas\/lange-nacht-der-musik-2\/","title":{"rendered":"\u00d6ffentlichkeit"},"content":{"rendered":"<div class=\"wpb-content-wrapper\"><p>[vc_row][vc_column][vc_column_text css=&#8220;.vc_custom_1555941851245{margin-top: 0px !important;margin-right: 4px !important;margin-bottom: 0px !important;margin-left: 4px !important;border-top-width: 4px !important;border-right-width: 4px !important;border-bottom-width: 4px !important;border-left-width: 4px !important;padding-top: 15px !important;padding-right: 10px !important;padding-bottom: 5px !important;padding-left: 10px !important;background-color: rgba(255,255,255,0.75) !important;*background-color: rgb(255,255,255) !important;border-left-style: ridge !important;border-right-style: ridge !important;border-top-style: ridge !important;border-bottom-style: ridge !important;border-radius: 5px !important;}&#8220;]<span style=\"font-size: 17px;\"><strong><span style=\"font-size: 34px;\">K<\/span>ollektivit\u00e4t<\/strong><\/span><br \/>\n<span style=\"font-size: 17px;\">Die Motivation Sahaja Yoga\u00a0 zu verbreiten und bekannt zu machen leitet sich ab aus der Einsicht, dass Yoga kein individuelles Geschehen mehr sein kann, wenn es denn eine spirituelle Dimension hat. Zweifellos ist dies eine Pr\u00e4misse, die der heutigen Praxis widerspricht. Yoga gesehen als Wellness-Training kann gesund sein und Stress begegnen, wird Hilfsmittel zur Pr\u00e4vention von Zivilisations-Sch\u00e4den. Yoga im Original will jedoch mehr Verst\u00e4ndnis, Verhaltens\u00e4nderung und grunds\u00e4tzlichen Wandel des Bewusstseins. Alles in allem ein sehr hoher Anspruch.<\/span><\/p>\n<p><span style=\"font-size: 17px;\"><strong>Tief Bohren<\/strong><\/span><br \/>\n<span style=\"font-size: 17px;\">Shri Mataji sagte einmal, will man einen Brunnen bohren, muss man an einer Stelle bleiben und tief bohren, nicht seicht und an immer neuen Stellen. Tatsache ist, es f\u00e4llt uns schwer tief zu bohren, weil wir immer wieder abgelenkt werden, Neues auszuprobieren. Letztlich ist Yoga entkernt worden. Was verloren ging ist Demut, die nichts weiter ist als die Einsicht, dass der Mensch zwar an der Spitze der Evolution steht, aber nur ein Experiment ist dieses evolution\u00e4ren g\u00f6ttlichen Spiels. Die Gro\u00dfartigkeit des Menschseins erschlie\u00dft sich andererseits nur in Anerkennung seiner Winzigkeit, anbetrachts der allm\u00e4chtigen Intention, die uns auch von der Forschung immer deutlicher gemacht wird. Durch die Anerkennung seiner Winzigkeit &#8211; erreicht er Demut &#8211; wird zum Riesen, findet zu seiner wahren Bestimmung, das Grenzenlose zu erringen.<\/span><\/p>\n<p><span style=\"font-size: 17px;\"><strong>Eingebaute L\u00f6sung<\/strong><\/span><br \/>\n<span style=\"font-size: 17px;\">So weit gebracht, hat uns die Kundalini-Kraft, die nichts anderes ist, als das eingebaute Verlangen des Endlichen zum Unendlichen &#8211; vom Materiellen zum Geistigen. Keine Lehrg\u00e4nge, Studien oder Kurse k\u00f6nnen dies vem\u00f6gen. Es ist ein Wachstums-Prozess der angesto\u00dfen wurde, \u00e4hnlich dem Pflanzen eines Setzlings.<\/span><\/p>\n<p><span style=\"font-size: 17px;\"><strong>Universalit\u00e4t<\/strong><\/span><br \/>\n<span style=\"font-size: 17px;\">Die \u00d6ffentlichkeitsarbeit und Verbreitung von Sahaja Yoga muss dieser Universalit\u00e4t Rechnung tragen. Sie muss versuchen alle Dimensionen des Menschen und seiner Institutionen anzusprechen, sei es Kultur, Wirtschaft oder Politik, dabei aber nicht abzusinken auf machtpolitisches Denken und kommerzielles Marketing. Sahaja Yoga ist kostenlos aber nicht umsonst &#8211; bekommen hei\u00dft auch geben, wenn sich der Kreislauf schlie\u00dfen soll. Was gegeben werden sollte, ist den Anderen mitzunehmen.<\/span><\/p>\n<p><span style=\"font-size: 17px;\"><a href=\"https:\/\/sebastianmiga.de\/projekte\/meditationmuenchen\/kunst-des-atmas\/\">Zur\u00fcck zum Hauptmenue<\/a><\/span>[\/vc_column_text][\/vc_column][\/vc_row]<\/p>\n<\/div>","protected":false},"excerpt":{"rendered":"<p>[vc_row][vc_column][vc_column_text css=&#8220;.vc_custom_1555941851245{margin-top: 0px !important;margin-right: 4px !important;margin-bottom: 0px !important;margin-left: 4px !important;border-top-width: 4px !important;border-right-width: 4px !important;border-bottom-width: 4px !important;border-left-width: 4px !important;padding-top: 15px !important;padding-right: 10px !important;padding-bottom: 5px !important;padding-left: 10px !important;background-color: rgba(255,255,255,0.75) !important;*background-color: rgb(255,255,255) !important;border-left-style: ridge !important;border-right-style: ridge !important;border-top-style: ridge !important;border-bottom-style: ridge !important;border-radius: 5px !important;}&#8220;]Kollektivit\u00e4t Die Motivation Sahaja Yoga\u00a0 zu verbreiten und bekannt zu machen leitet sich ab aus der [&hellip;]<\/p>\n","protected":false},"author":3,"featured_media":0,"parent":768,"menu_order":0,"comment_status":"closed","ping_status":"closed","template":"","meta":{"_acf_changed":false,"footnotes":""},"class_list":["post-1099","page","type-page","status-publish","hentry"],"acf":[],"_links":{"self":[{"href":"https:\/\/sebastianmiga.de\/projekte\/meditationmuenchen\/wp-json\/wp\/v2\/pages\/1099","targetHints":{"allow":["GET"]}}],"collection":[{"href":"https:\/\/sebastianmiga.de\/projekte\/meditationmuenchen\/wp-json\/wp\/v2\/pages"}],"about":[{"href":"https:\/\/sebastianmiga.de\/projekte\/meditationmuenchen\/wp-json\/wp\/v2\/types\/page"}],"author":[{"embeddable":true,"href":"https:\/\/sebastianmiga.de\/projekte\/meditationmuenchen\/wp-json\/wp\/v2\/users\/3"}],"replies":[{"embeddable":true,"href":"https:\/\/sebastianmiga.de\/projekte\/meditationmuenchen\/wp-json\/wp\/v2\/comments?post=1099"}],"version-history":[{"count":32,"href":"https:\/\/sebastianmiga.de\/projekte\/meditationmuenchen\/wp-json\/wp\/v2\/pages\/1099\/revisions"}],"predecessor-version":[{"id":4724,"href":"https:\/\/sebastianmiga.de\/projekte\/meditationmuenchen\/wp-json\/wp\/v2\/pages\/1099\/revisions\/4724"}],"up":[{"embeddable":true,"href":"https:\/\/sebastianmiga.de\/projekte\/meditationmuenchen\/wp-json\/wp\/v2\/pages\/768"}],"wp:attachment":[{"href":"https:\/\/sebastianmiga.de\/projekte\/meditationmuenchen\/wp-json\/wp\/v2\/media?parent=1099"}],"curies":[{"name":"wp","href":"https:\/\/api.w.org\/{rel}","templated":true}]}}