{"id":1103,"date":"2017-08-11T16:10:27","date_gmt":"2017-08-11T14:10:27","guid":{"rendered":"http:\/\/meditationmuenchen.ecommerce-trend.de\/?page_id=1103"},"modified":"2019-04-28T18:04:22","modified_gmt":"2019-04-28T16:04:22","slug":"sonderveranstaltungen","status":"publish","type":"page","link":"https:\/\/sebastianmiga.de\/projekte\/meditationmuenchen\/kunst-des-atmas\/sonderveranstaltungen\/","title":{"rendered":"Sonderveranstaltungen"},"content":{"rendered":"<div class=\"wpb-content-wrapper\"><p>[vc_row][vc_column][vc_column_text css=&#8220;.vc_custom_1555941928247{margin-top: 0px !important;margin-right: 4px !important;margin-bottom: 0px !important;margin-left: 4px !important;border-top-width: 4px !important;border-right-width: 4px !important;border-bottom-width: 4px !important;border-left-width: 4px !important;padding-top: 15px !important;padding-right: 10px !important;padding-bottom: 5px !important;padding-left: 10px !important;background-color: rgba(255,255,255,0.75) !important;*background-color: rgb(255,255,255) !important;border-left-style: ridge !important;border-right-style: ridge !important;border-top-style: ridge !important;border-bottom-style: ridge !important;border-radius: 5px !important;}&#8220;]<span style=\"font-size: 17px;\"><strong><span style=\"font-size: 34px;\">K<\/span>reativit\u00e4t<\/strong><\/span><br \/>\n<span style=\"font-size: 17px;\">Auf allen Ebenen der Natur \u00e4u\u00dfert sich Kreativit\u00e4t in Erhabenheit, Sch\u00f6nheit und auch des Humors. Unabl\u00e4ssig ergie\u00dft sich dieser Strom der Vielfalt \u00fcber die Erde. Kein Blatt, keine Bl\u00fcte ist gleich, trotzdem sind darin gro\u00dfe Bildungsprinzipien verborgen und erlauben dem Menschen, den Bauplan der Natur und die Harmonien des \u201cGro\u00dfen Architekten\u201c zu entdecken. Der Gattung Mensch ist es vorbehalten, nicht nur Sch\u00f6nheit wahrzunehmen, sondern selbst zu erschaffen. Der Erschaffene wird selbst zum Sch\u00f6pfer. Dies ist es, was ihn weit \u00fcber die Tierwelt hinaushebt. Ob ihm das Geschaffene Segen bringt ist abh\u00e4ngig von seiner Motivation.<\/span><\/p>\n<p><span style=\"font-size: 17px;\">Shri Mataji sagt dazu: \u201cHinter dem Lenken der Sch\u00f6pfung vom Atom zum komplexen Universum und Planen der Evolution von der einzelnen Zelle zu diesem wunderbaren menschlichen Wesen ist die Hand eines sehr gro\u00dfen K\u00fcnstlers verborgen, der sich selbst durch seine Sch\u00f6pfung ausdr\u00fcckt. Er singt, er tanzt, er malt, er agiert und &#8211; wie wunderbar &#8211; er bewegt seine Zuschauerdazu, dar\u00fcber nachzudenken. Ja &#8211; er schuf diese Welt, um sich darin zu reflektieren in all seiner Wahrheit, Sch\u00f6nheit, Gnade, seinem Mitgef\u00fchl, seiner S\u00fc\u00dfe und Rechtschaffenheit, all dem, das man als wahre Kultur bezeichnen kann\u201c.<\/span><\/p>\n<p style=\"text-align: left;\"><span style=\"font-size: 17px;\">Hier ein bewegender Ausspruch des letzten G\u00e4rtners in Damaskus (Syrien), der trotz Bombardements, seinen Mitb\u00fcrgern mit Blumen etwas Freude bringen wollte und dabei zu Tode kam:<\/span><\/p>\n<p style=\"text-align: center;\"><span style=\"font-size: 17px;\"><em>Die Essenz einer Blume<\/em><\/span><br \/>\n<span style=\"font-size: 17px;\"><em>ist die Sch\u00f6nheit,<\/em><\/span><br \/>\n<span style=\"font-size: 17px;\"><em>die Gott in die Sch\u00f6pfung legte.<\/em><\/span><\/p>\n<p><span style=\"font-size: 17px;\"><strong>Seelenlose Kunst<\/strong><\/span><br \/>\n<span style=\"font-size: 17px;\">Die Kreativit\u00e4t einer Kultur ist das Kennzeichen, wie weit unsere Menschwerdung gediehen ist. Eine besondere Rolle spielen\u00a0 Musik und Tanz. Ihnen wird zugeschrieben sehr unmittelbar zu wirken &#8211; sie k\u00f6nnen beides sein, erh\u00f6hend wie extrem destruktiv.\u00a0<span style=\"color: #000000;\">F\u00fcr die spirituelle Entwicklung ist geeignete Kunst unentbehrlich. Die Betonung liegt auf geeignet. Sie schafft es &#8222;spielerisch&#8220; gedankenfrei zu machen, die Realit\u00e4t ungefiltert von unseren Vorstellungen zu erleben, selbst wenn wir uns in einer angespannten Situation befinden.\u00a0<\/span><span style=\"color: #000000;\">Shri Mataji hat gefordert, sich der seelenlosen heutigen Kunst entgegenzustellen mit der Kreativit\u00e4t des Spirits (Atma), da a<\/span><span style=\"color: #000000;\">ll die traditionellen subtilen Werte in unserer schnelllebigen Zeit durch eine Flut oberfl\u00e4chlicher seelenloser Kunstproduktion bedeutungslos w\u00fcrden. Das scheint sich zu best\u00e4tigen.<\/span><\/span><\/p>\n<p><span style=\"font-size: 17px;\"><img decoding=\"async\" class=\"aligncenter\" src=\"https:\/\/sebastianmiga.de\/projekte\/meditationmuenchen\/wp-content\/uploads\/2018\/05\/IndianDance.jpg\" alt=\"Klassischer indischer Tanz\" \/><\/span><\/p>\n<p><span style=\"font-size: 17px;\"><span style=\"color: #000000;\">Echte\u00a0<\/span><span style=\"color: #000000;\">Kreativit\u00e4t zeigt sich dem Menschen nicht \u00fcber Lautheit und Gro\u00dfspurigkeit des Egos, sondern spricht direkt das Atma an.\u00a0<\/span>Was verloren geht ist zeitlose Kunst, die Kunst, die entsteht, wenn der K\u00fcnstler aus der Inspiration seines Atmas sch\u00f6pft (Art of the Spirit). Solche Kunst wird \u00fcberrannt vom Zeitgeist, besser einem intellektuell-monet\u00e4r motivierten Kurzzeit-Geschmack. Die hektischen Halbwertszeiten von Stilepochen, Trends und Hypes sind dessen Ausdruck. Zeit ihres Lebens hat Shri Mataji ihre Sch\u00fcler ermutigt, die klassischen K\u00fcnste und das Handwerkliche in West und Ost hochzuhalten und zu f\u00f6rdern. Heute schult Sahaja Yoga K\u00fcnstler, l\u00e4dt zu Sonderveranstaltungen ein und hat viele K\u00fcnstler aller Genres hervorgebracht. Kurzum, Sahaja Yoga ohne Musik, Poesie, Tanz und Gesang ist schlichtweg undenkbar. Sie verm\u00f6gen das Herz zu \u00f6ffnen und das Gedankenkarussell anzuhalten &#8211; letztlich die Begr\u00fcndung aller Kunst.<\/span><\/p>\n<p>&nbsp;<\/p>\n<p><span style=\"color: #000000; font-size: 17px;\"><strong>Kunstf\u00f6rderung<\/strong><\/span><br \/>\n<span style=\"color: #000000; font-size: 17px;\">Nat\u00fcrlich l\u00e4\u00dft sich diese unterschiedliche Entwicklung zwischen West und Ost in allen Bereichen der Kunst beobachten. Allerdings verliert \u00f6stliche Subtilit\u00e4t zusehends und passt sich der &#8222;fortschrittlichen&#8220; westlichen Vergr\u00f6berung an. Sahaja Yoga hat es sich zum Anliegen gemacht, dieser Trivialisierung westlicher Kunst entgegenzuwirken. Unsere Veranstaltungen sind darauf ausgerichtet das Spirituelle anzusprechen. In unserem Newsletter und hier unter Aktuellem finden Sie, was aktuell stattfindet und was bisher geschah.\u00a0F\u00fcr diese Aktionen m\u00fcssen wir leider &#8222;etwas zur Kassse bitten&#8220;. Unsere Eintrittspreise sind in Relation zum Gebotenen aber fast umsonst. Arme Kirchenm\u00e4use schl\u00fcpfen so durch.<\/span><\/p>\n<p><span style=\"font-size: 17px;\"><a href=\"https:\/\/sebastianmiga.de\/projekte\/meditationmuenchen\/kunst-des-atmas\/\">Zur\u00fcck zum Hauptmenue<\/a><\/span>[\/vc_column_text][\/vc_column][\/vc_row]<\/p>\n<\/div>","protected":false},"excerpt":{"rendered":"<p>[vc_row][vc_column][vc_column_text css=&#8220;.vc_custom_1555941928247{margin-top: 0px !important;margin-right: 4px !important;margin-bottom: 0px !important;margin-left: 4px !important;border-top-width: 4px !important;border-right-width: 4px !important;border-bottom-width: 4px !important;border-left-width: 4px !important;padding-top: 15px !important;padding-right: 10px !important;padding-bottom: 5px !important;padding-left: 10px !important;background-color: rgba(255,255,255,0.75) !important;*background-color: rgb(255,255,255) !important;border-left-style: ridge !important;border-right-style: ridge !important;border-top-style: ridge !important;border-bottom-style: ridge !important;border-radius: 5px !important;}&#8220;]Kreativit\u00e4t Auf allen Ebenen der Natur \u00e4u\u00dfert sich Kreativit\u00e4t in Erhabenheit, Sch\u00f6nheit und auch des Humors. [&hellip;]<\/p>\n","protected":false},"author":3,"featured_media":0,"parent":768,"menu_order":0,"comment_status":"closed","ping_status":"closed","template":"","meta":{"_acf_changed":false,"footnotes":""},"class_list":["post-1103","page","type-page","status-publish","hentry"],"acf":[],"_links":{"self":[{"href":"https:\/\/sebastianmiga.de\/projekte\/meditationmuenchen\/wp-json\/wp\/v2\/pages\/1103","targetHints":{"allow":["GET"]}}],"collection":[{"href":"https:\/\/sebastianmiga.de\/projekte\/meditationmuenchen\/wp-json\/wp\/v2\/pages"}],"about":[{"href":"https:\/\/sebastianmiga.de\/projekte\/meditationmuenchen\/wp-json\/wp\/v2\/types\/page"}],"author":[{"embeddable":true,"href":"https:\/\/sebastianmiga.de\/projekte\/meditationmuenchen\/wp-json\/wp\/v2\/users\/3"}],"replies":[{"embeddable":true,"href":"https:\/\/sebastianmiga.de\/projekte\/meditationmuenchen\/wp-json\/wp\/v2\/comments?post=1103"}],"version-history":[{"count":35,"href":"https:\/\/sebastianmiga.de\/projekte\/meditationmuenchen\/wp-json\/wp\/v2\/pages\/1103\/revisions"}],"predecessor-version":[{"id":4808,"href":"https:\/\/sebastianmiga.de\/projekte\/meditationmuenchen\/wp-json\/wp\/v2\/pages\/1103\/revisions\/4808"}],"up":[{"embeddable":true,"href":"https:\/\/sebastianmiga.de\/projekte\/meditationmuenchen\/wp-json\/wp\/v2\/pages\/768"}],"wp:attachment":[{"href":"https:\/\/sebastianmiga.de\/projekte\/meditationmuenchen\/wp-json\/wp\/v2\/media?parent=1103"}],"curies":[{"name":"wp","href":"https:\/\/api.w.org\/{rel}","templated":true}]}}