{"id":1147,"date":"2017-08-13T21:44:53","date_gmt":"2017-08-13T19:44:53","guid":{"rendered":"http:\/\/meditationmuenchen.ecommerce-trend.de\/?page_id=1147"},"modified":"2019-09-06T17:22:54","modified_gmt":"2019-09-06T15:22:54","slug":"begruenderin","status":"publish","type":"page","link":"https:\/\/sebastianmiga.de\/projekte\/meditationmuenchen\/ueber-uns\/begruenderin\/","title":{"rendered":"Begr\u00fcnderin"},"content":{"rendered":"<div class=\"wpb-content-wrapper\"><p>[vc_row][vc_column][vc_column_text css=&#8220;.vc_custom_1567783353637{margin-top: 0px !important;margin-right: 4px !important;margin-bottom: 0px !important;margin-left: 4px !important;border-top-width: 4px !important;border-right-width: 4px !important;border-bottom-width: 4px !important;border-left-width: 4px !important;padding-top: 5px !important;padding-right: 10px !important;padding-bottom: 5px !important;padding-left: 10px !important;background-color: rgba(255,255,255,0.75) !important;*background-color: rgb(255,255,255) !important;border-left-color: #ffffff !important;border-left-style: ridge !important;border-right-color: #ffffff !important;border-right-style: ridge !important;border-top-color: #ffffff !important;border-top-style: ridge !important;border-bottom-color: #ffffff !important;border-bottom-style: ridge !important;border-radius: 5px !important;}&#8220;]<span style=\"font-size: 17px;\"><strong>Mutter von Sahaja Yoga<\/strong><\/span><br \/>\n<span style=\"font-size: 17px;\">Shri Mataji war Zeitgenossin und enge Mitstreiterin von Mahatma Gandhi. Den schmerzhaften politischen und gesellschaftlichen Umbruch Indiens hat sie hautnah und entbehrungsreich miterlebt. W\u00e4hrend des Unabh\u00e4ngigkeitskampfes mu\u00dfte sie ihr Medizinstudium abbrechen und war mehrfach in Haft mit ihrem Vater. Ihr Ehemann wurde sp\u00e4ter pers\u00f6nlicher Sekret\u00e4r des indischen Ministerpr\u00e4sidenten Shastri und darauf hoher Uno-Beamter des Internationalen Seerechts. Er ist Verfasser der beiden aufr\u00fcttelnden B\u00fccher \u201cLal Bahadur Shastri, A Life of Truth in Politics\u201c und \u201cCorruption, India\u2019s Enemy Within\u201c. Shri Mataji wurde zweimal f\u00fcr den Friedensnobelpreis nominiert, ist vielfacher Ehrendoktor und Ehrenb\u00fcrgerin vieler Gro\u00dfst\u00e4dte und Mitglied der Russischen Akademie der Wissenschaften. Als Mutter, Gro\u00dfmutter und Urgro\u00dfmutter kannte Sie die Sorgen und Probleme des Alltags aus eigener Erfahrung. In Tausenden von Vortr\u00e4gen und eigenen B\u00fcchern hat sie Sahaja Yoga weltweit bekannt gemacht; bei der einfachen Bev\u00f6lkerung, genauso, wie in medizinischen und wissenschaftlichen Kreisen. Ihr ereignisreiches und aufopferungsvolles Leben wurde in der pr\u00e4mierten Filmbiographie \u201cNirmala Devi, Freedom and Liberation\u201c nachgezeichnet, die auch im Fernsehen ausgestrahlt wurde (<a href=\"https:\/\/vimeo.com\/247499265\">Ausschnitt hier<\/a>). Shri Mataji verstarb am 23. Februar 2011 an Ihrem Wohnsitz Cabella\/Italien. Im Rampenlicht zu stehen war nicht wichtig, \u00d6ffentlichkeit war nur da, Ihre Botschaft\u00a0<\/span><span style=\"font-size: 17px;\">unterschiedslos\u00a0<\/span><span style=\"font-size: 17px;\">zu verk\u00fcnden &#8211; allen Menschen. Der Vollst\u00e4ndigkeit wegen sind hier einige Momente der Hochachtung die Shri Mataji weltweit entgegengebracht wurde <a href=\"https:\/\/sebastianmiga.de\/projekte\/meditationmuenchen\/wp-content\/uploads\/2019\/09\/Sahaj-Yoga-Awards-Recognitions-German1.pdf\">zusammengestellt.<\/a><\/span><\/p>\n<p><span style=\"font-size: 17px;\"><a href=\"https:\/\/sebastianmiga.de\/projekte\/meditationmuenchen\/ueber-uns\/\">Zur\u00fcck zum Hauptmenue<\/a><\/span>[\/vc_column_text][\/vc_column][\/vc_row][vc_row][vc_column][vc_empty_space height=&#8220;800 px&#8220;][\/vc_column][\/vc_row]<\/p>\n<\/div>","protected":false},"excerpt":{"rendered":"<p>[vc_row][vc_column][vc_column_text css=&#8220;.vc_custom_1567783353637{margin-top: 0px !important;margin-right: 4px !important;margin-bottom: 0px !important;margin-left: 4px !important;border-top-width: 4px !important;border-right-width: 4px !important;border-bottom-width: 4px !important;border-left-width: 4px !important;padding-top: 5px !important;padding-right: 10px !important;padding-bottom: 5px !important;padding-left: 10px !important;background-color: rgba(255,255,255,0.75) !important;*background-color: rgb(255,255,255) !important;border-left-color: #ffffff !important;border-left-style: ridge !important;border-right-color: #ffffff !important;border-right-style: ridge !important;border-top-color: #ffffff !important;border-top-style: ridge !important;border-bottom-color: #ffffff !important;border-bottom-style: ridge !important;border-radius: 5px !important;}&#8220;]Mutter von Sahaja Yoga Shri Mataji war Zeitgenossin [&hellip;]<\/p>\n","protected":false},"author":3,"featured_media":0,"parent":776,"menu_order":0,"comment_status":"closed","ping_status":"closed","template":"","meta":{"_acf_changed":false,"footnotes":""},"class_list":["post-1147","page","type-page","status-publish","hentry"],"acf":[],"_links":{"self":[{"href":"https:\/\/sebastianmiga.de\/projekte\/meditationmuenchen\/wp-json\/wp\/v2\/pages\/1147","targetHints":{"allow":["GET"]}}],"collection":[{"href":"https:\/\/sebastianmiga.de\/projekte\/meditationmuenchen\/wp-json\/wp\/v2\/pages"}],"about":[{"href":"https:\/\/sebastianmiga.de\/projekte\/meditationmuenchen\/wp-json\/wp\/v2\/types\/page"}],"author":[{"embeddable":true,"href":"https:\/\/sebastianmiga.de\/projekte\/meditationmuenchen\/wp-json\/wp\/v2\/users\/3"}],"replies":[{"embeddable":true,"href":"https:\/\/sebastianmiga.de\/projekte\/meditationmuenchen\/wp-json\/wp\/v2\/comments?post=1147"}],"version-history":[{"count":18,"href":"https:\/\/sebastianmiga.de\/projekte\/meditationmuenchen\/wp-json\/wp\/v2\/pages\/1147\/revisions"}],"predecessor-version":[{"id":4962,"href":"https:\/\/sebastianmiga.de\/projekte\/meditationmuenchen\/wp-json\/wp\/v2\/pages\/1147\/revisions\/4962"}],"up":[{"embeddable":true,"href":"https:\/\/sebastianmiga.de\/projekte\/meditationmuenchen\/wp-json\/wp\/v2\/pages\/776"}],"wp:attachment":[{"href":"https:\/\/sebastianmiga.de\/projekte\/meditationmuenchen\/wp-json\/wp\/v2\/media?parent=1147"}],"curies":[{"name":"wp","href":"https:\/\/api.w.org\/{rel}","templated":true}]}}