{"id":143,"date":"2016-10-11T08:05:00","date_gmt":"2016-10-11T08:05:00","guid":{"rendered":"http:\/\/sw-themes.com\/porto_dummy\/?page_id=6"},"modified":"2025-07-13T21:23:29","modified_gmt":"2025-07-13T19:23:29","slug":"home","status":"publish","type":"page","link":"https:\/\/sebastianmiga.de\/projekte\/meditationmuenchen\/","title":{"rendered":"Home"},"content":{"rendered":"<div class=\"wpb-content-wrapper\"><p>[vc_row][vc_column css=&#8220;.vc_custom_1511706555453{margin-top: 120px !important;margin-right: -10px !important;}&#8220;][rev_slider_vc alias=&#8220;smslider3NEW&#8220;][\/vc_column][\/vc_row][vc_row wrap_container=&#8220;yes&#8220; text_align=&#8220;center&#8220; is_section=&#8220;yes&#8220; section_skin=&#8220;parallax&#8220; remove_margin_top=&#8220;yes&#8220; remove_margin_bottom=&#8220;yes&#8220; remove_border=&#8220;yes&#8220;][vc_column text_align=&#8220;center&#8220; conditional_render=&#8220;%5B%7B%22value_role%22%3A%22administrator%22%7D%5D&#8220; css_params=&#8220;&#8220;][vc_column_text css=&#8220;&#8220; css_params=&#8220;&#8220; text_typography=&#8220;{&#8222;family&#8222;:&#8222;Great Vibes&#8222;,&#8222;variant&#8222;:&#8222;Default&#8222;,&#8222;font_size&#8222;:&#8222;&#8222;,&#8222;line_height&#8222;:&#8222;&#8222;,&#8222;letter_spacing&#8222;:&#8222;&#8222;,&#8222;text_transform&#8222;:&#8222;&#8222;}&#8220;]<\/p>\n<p style=\"text-align: center;\"><span style=\"font-size: 50px; color: #0000ff;\">Wie sch\u00f6n und gewaltig ist das Spiel der Wolken\u00a0<\/span><\/p>\n<p>[\/vc_column_text][vc_column_text css=&#8220;&#8220; css_params=&#8220;&#8220; text_typography=&#8220;{&#8222;family&#8222;:&#8222;Great Vibes&#8222;,&#8222;variant&#8222;:&#8222;Default&#8222;,&#8222;font_size&#8222;:&#8222;&#8222;,&#8222;line_height&#8222;:&#8222;&#8222;,&#8222;letter_spacing&#8222;:&#8222;&#8222;,&#8222;text_transform&#8222;:&#8222;&#8222;}&#8220;]<\/p>\n<p style=\"text-align: center;\"><span style=\"font-size: 50px; color: #0000ff;\">\u2013 doch verdeckt es nicht der Sonne zeitlosen Glanz ?<\/span><\/p>\n<p>[\/vc_column_text][\/vc_column][\/vc_row][vc_row][vc_column css=&#8220;.vc_custom_1751981425548{margin-bottom: 10px !important;}&#8220; conditional_render=&#8220;%5B%7B%22value_role%22%3A%22administrator%22%7D%5D&#8220; css_params=&#8220;&#8220;][vc_column_text css=&#8220;&#8220; text_typography=&#8220;{&#8222;family&#8222;:&#8222;Great Vibes&#8222;,&#8222;variant&#8222;:&#8222;Default&#8222;,&#8222;font_size&#8222;:&#8222;&#8222;,&#8222;line_height&#8222;:&#8222;&#8222;,&#8222;letter_spacing&#8222;:&#8222;&#8222;,&#8222;text_transform&#8222;:&#8222;&#8222;}&#8220; css_params=&#8220;&#8220;]<\/p>\n<p style=\"text-align: center;\"><span style=\"font-size: 45px; color: #0000ff;\">Was ber\u00fchrt ?<\/span><\/p>\n<p style=\"text-align: center;\"><span style=\"font-size: 45px; color: #0000ff;\">Seichtes oder Tiefes,<\/span><\/p>\n<p style=\"text-align: center;\"><span style=\"font-size: 45px; color: #0000ff;\">Betriebsamkeit oder Stille,<\/span><\/p>\n<p style=\"text-align: center;\"><span style=\"font-size: 45px; color: #0000ff;\">Intellektuelles oder Phantasie,<\/span><\/p>\n<p style=\"text-align: center;\"><span style=\"font-size: 45px; color: #0000ff;\">Patentl\u00f6sungen oder tiefes Wissen,<\/span><\/p>\n<p style=\"text-align: center;\"><span style=\"font-size: 45px; color: #0000ff;\">Lebens-Optimierung oder zeitlose Wahrheit ?<\/span><\/p>\n<p style=\"text-align: center;\"><span style=\"font-size: 45px; color: #0000ff;\">Was braucht die Welt, Egozentrik oder Weisheit ?<\/span><\/p>\n<p>[\/vc_column_text][vc_column_text css=&#8220;&#8220; css_params=&#8220;&#8220; el_class=&#8220;custom-border-box&#8220;]<\/p>\n<p style=\"text-align: left;\" align=\"JUSTIFY\"><strong><span style=\"font-size: 34px;\">R<\/span><span style=\"font-size: 17px;\">ichtige W\u00fcnsche<\/span><\/strong><br \/>\n<span style=\"font-size: 17px;\">Wunsch und Tat sind Ausgangspositionen, die sich wechselseitig bedingen, zu Erfahrung f\u00fchren und weiter zum n\u00e4chsten Zyklus \u2013 eine endlose Folge an W\u00fcnschen und Verwirklichungen entlang unserer Lebenszeit.&nbsp;Erfahrungen sind es, die uns unentwegt motivieren weiter zu machen \u2013 im Guten wie im Schlechten. Wenn es denn eine Richtschnur g\u00e4be, die richtigen W\u00fcnsche zu&nbsp;haben,&nbsp;w\u00fcrden gute Taten in gute Erfahrungen m\u00fcnden und unser Leben k\u00f6nnte sich aufw\u00e4rts entwickeln. Tatsache ist, diese Richtschnur existiert, seit Urzeiten &#8211; unabh\u00e4ngig von Geld, Herkunft und Macht. Als&nbsp;intelligente, wohlwollende Energie ist sie tiefer Wunsch und Versprechen zugleich &#8211; nicht au\u00dferhalb &#8211; sondern in uns residierend. In eigener Machtvollkommenheit ist Sie die Widerspiegelung der gewaltigen kosmischen Evolution. Seit Jahrtausenden bekannt als Kundalini, ist Sie unsere F\u00fchrerin und Schicksalskraft in all unseren Inkarnationen. Sie begr\u00fcndet&nbsp;die Ethik des Menschen und zeigt uns, wo wir versagen. Eine Voraussetzung sie zu erreichen gibt es &#8211; die Demut des Wunsches. Nur sie vermag das gro\u00dfspurige Ego zu z\u00fcgeln. Das G\u00f6ttliche respektiert nur Demut und freie Entscheidung, niemals wird es sich zum Hochmut des Menschen herablassen.<\/span><\/p>\n<p style=\"text-align: center;\" align=\"JUSTIFY\"><a href=\"https:\/\/sebastianmiga.de\/projekte\/meditationmuenchen\/weiter1\/\"><span style=\"font-size: 17px;\">weiterlesen<\/span><br \/>\n<\/a>[\/vc_column_text][vc_column_text css=&#8220;&#8220; text_typography=&#8220;{&#8222;family&#8222;:&#8222;Great Vibes&#8222;,&#8222;variant&#8222;:&#8222;Default&#8222;,&#8222;font_size&#8222;:&#8222;&#8222;,&#8222;line_height&#8222;:&#8222;&#8222;,&#8222;letter_spacing&#8222;:&#8222;&#8222;,&#8222;text_transform&#8222;:&#8222;&#8222;}&#8220; css_params=&#8220;&#8220;]<\/p>\n<h1><span style=\"font-size: 60px; color: #ffffff;\">Zu allen Zeiten gab es bedeutende Ent-<\/span><br \/>\n<span style=\"font-size: 60px; color: #ffffff;\">deckungen, die gr\u00f6\u00dfte aber liegt in Dir!<\/span><\/h1>\n<p>[\/vc_column_text][\/vc_column][\/vc_row][vc_row][vc_column][vc_video link=&#8220;https:\/\/vimeo.com\/247686241&#8243; align=&#8220;center&#8220; css=&#8220;.vc_custom_1515170843991{margin-top: 0px !important;margin-right: 0px !important;margin-bottom: 0px !important;margin-left: 0px !important;border-top-width: 2px !important;border-right-width: 2px !important;border-bottom-width: 2px !important;border-left-width: 2px !important;padding-top: 0px !important;padding-right: 0px !important;padding-bottom: 0px !important;padding-left: 0px !important;background-color: rgba(255,255,255,0.75) !important;background-position: center !important;background-repeat: no-repeat !important;background-size: contain !important;*background-color: rgb(255,255,255) !important;border-left-color: rgba(255,255,255,0.75) !important;border-left-style: ridge !important;border-right-color: rgba(255,255,255,0.75) !important;border-right-style: ridge !important;border-top-color: rgba(255,255,255,0.75) !important;border-top-style: ridge !important;border-bottom-color: rgba(255,255,255,0.75) !important;border-bottom-style: ridge !important;border-radius: 1px !important;}&#8220;][\/vc_column][\/vc_row]<\/p>\n<\/div>","protected":false},"excerpt":{"rendered":"<p>[vc_row][vc_column css=&#8220;.vc_custom_1511706555453{margin-top: 120px !important;margin-right: -10px !important;}&#8220;][rev_slider_vc alias=&#8220;smslider3NEW&#8220;][\/vc_column][\/vc_row][vc_row wrap_container=&#8220;yes&#8220; text_align=&#8220;center&#8220; is_section=&#8220;yes&#8220; section_skin=&#8220;parallax&#8220; remove_margin_top=&#8220;yes&#8220; remove_margin_bottom=&#8220;yes&#8220; remove_border=&#8220;yes&#8220;][vc_column text_align=&#8220;center&#8220; conditional_render=&#8220;%5B%7B%22value_role%22%3A%22administrator%22%7D%5D&#8220; css_params=&#8220;&#8220;][vc_column_text css=&#8220;&#8220; css_params=&#8220;&#8220; text_typography=&#8220;{&#8222;family&#8222;:&#8222;Great Vibes&#8222;,&#8222;variant&#8222;:&#8222;Default&#8222;,&#8222;font_size&#8222;:&#8222;&#8222;,&#8222;line_height&#8222;:&#8222;&#8222;,&#8222;letter_spacing&#8222;:&#8222;&#8222;,&#8222;text_transform&#8222;:&#8222;&#8222;}&#8220;] Wie sch\u00f6n und gewaltig ist das Spiel der Wolken\u00a0 [\/vc_column_text][vc_column_text css=&#8220;&#8220; css_params=&#8220;&#8220; text_typography=&#8220;{&#8222;family&#8222;:&#8222;Great Vibes&#8222;,&#8222;variant&#8222;:&#8222;Default&#8222;,&#8222;font_size&#8222;:&#8222;&#8222;,&#8222;line_height&#8222;:&#8222;&#8222;,&#8222;letter_spacing&#8222;:&#8222;&#8222;,&#8222;text_transform&#8222;:&#8222;&#8222;}&#8220;] \u2013 doch verdeckt es nicht der Sonne zeitlosen Glanz ? [\/vc_column_text][\/vc_column][\/vc_row][vc_row][vc_column css=&#8220;.vc_custom_1751981425548{margin-bottom: 10px !important;}&#8220; conditional_render=&#8220;%5B%7B%22value_role%22%3A%22administrator%22%7D%5D&#8220; css_params=&#8220;&#8220;][vc_column_text css=&#8220;&#8220; text_typography=&#8220;{&#8222;family&#8222;:&#8222;Great Vibes&#8222;,&#8222;variant&#8222;:&#8222;Default&#8222;,&#8222;font_size&#8222;:&#8222;&#8222;,&#8222;line_height&#8222;:&#8222;&#8222;,&#8222;letter_spacing&#8222;:&#8222;&#8222;,&#8222;text_transform&#8222;:&#8222;&#8222;}&#8220; css_params=&#8220;&#8220;] [&hellip;]<\/p>\n","protected":false},"author":1,"featured_media":0,"parent":0,"menu_order":0,"comment_status":"closed","ping_status":"closed","template":"","meta":{"_acf_changed":false,"footnotes":""},"class_list":["post-143","page","type-page","status-publish","hentry"],"acf":[],"_links":{"self":[{"href":"https:\/\/sebastianmiga.de\/projekte\/meditationmuenchen\/wp-json\/wp\/v2\/pages\/143","targetHints":{"allow":["GET"]}}],"collection":[{"href":"https:\/\/sebastianmiga.de\/projekte\/meditationmuenchen\/wp-json\/wp\/v2\/pages"}],"about":[{"href":"https:\/\/sebastianmiga.de\/projekte\/meditationmuenchen\/wp-json\/wp\/v2\/types\/page"}],"author":[{"embeddable":true,"href":"https:\/\/sebastianmiga.de\/projekte\/meditationmuenchen\/wp-json\/wp\/v2\/users\/1"}],"replies":[{"embeddable":true,"href":"https:\/\/sebastianmiga.de\/projekte\/meditationmuenchen\/wp-json\/wp\/v2\/comments?post=143"}],"version-history":[{"count":527,"href":"https:\/\/sebastianmiga.de\/projekte\/meditationmuenchen\/wp-json\/wp\/v2\/pages\/143\/revisions"}],"predecessor-version":[{"id":6045,"href":"https:\/\/sebastianmiga.de\/projekte\/meditationmuenchen\/wp-json\/wp\/v2\/pages\/143\/revisions\/6045"}],"wp:attachment":[{"href":"https:\/\/sebastianmiga.de\/projekte\/meditationmuenchen\/wp-json\/wp\/v2\/media?parent=143"}],"curies":[{"name":"wp","href":"https:\/\/api.w.org\/{rel}","templated":true}]}}