{"id":1430,"date":"2017-08-15T19:02:45","date_gmt":"2017-08-15T17:02:45","guid":{"rendered":"http:\/\/meditationmuenchen.ecommerce-trend.de\/?page_id=1430"},"modified":"2019-04-28T17:40:25","modified_gmt":"2019-04-28T15:40:25","slug":"selbstwert","status":"publish","type":"page","link":"https:\/\/sebastianmiga.de\/projekte\/meditationmuenchen\/warum-meditieren\/selbstwert\/","title":{"rendered":"Selbstverwirklichung"},"content":{"rendered":"<div class=\"wpb-content-wrapper\"><p>[vc_row][vc_column][vc_column_text css=&#8220;.vc_custom_1555939057198{margin-top: 0px !important;margin-right: 4px !important;margin-bottom: 0px !important;margin-left: 4px !important;border-top-width: 4px !important;border-right-width: 4px !important;border-bottom-width: 4px !important;border-left-width: 4px !important;padding-top: 15px !important;padding-right: 10px !important;padding-bottom: 5px !important;padding-left: 10px !important;background-color: rgba(255,255,255,0.75) !important;*background-color: rgb(255,255,255) !important;border-left-style: ridge !important;border-right-style: ridge !important;border-top-style: ridge !important;border-bottom-style: ridge !important;border-radius: 5px !important;}&#8220;]<span style=\"font-size: 17px;\"><strong><span style=\"font-size: 34px;\">S<\/span>elbstwert<\/strong><\/span><br \/>\n<span style=\"font-size: 17px;\">Ein wichtiger Aspekt unserer Selbstverwirklichung ist die Entfaltung des Selbstwerts. Wenn die Kundalini in uns aufsteigt ber\u00fchrt Sie das H\u00f6here Selbst (Atma) und der Selbstwert und Selbstrespekt entwickelt sich, weil wir uns mehr und mehr unserer wahren Existenz bewusst werden.\u00a0 Schuld- und Minderwertigkeits-Emotionen l\u00f6sen sich nach und nach auf, und gehen \u00fcber in Selbstrespekt, Selbstwert, Selbstsicherheit &#8211; f\u00fchren zu einem gewandelten Selbstbewusstsein. In klassischer alter Yoga-Literatur wird betont, dass das Atma unfassbar ist, weil es jenseits aller Beschreibung ist. Trotzdem versucht sich unser Verstand immer ein Bild zu machen &#8211; in diesem Fall &#8211; was das Atma alles nicht ist. Hier der Versuch von Shri Shankaracharya dem Heiligen und Reformator des Hinduismus (Anmerkung: Shiva steht f\u00fcr Atma):<\/span><\/p>\n<p align=\"center\"><span style=\"color: #993366; font-size: 17px;\"><em><strong>Tad Niskala &#8211; Das Nichts das alles enth\u00e4lt<\/strong><\/em><\/span><\/p>\n<p align=\"center\"><span style=\"color: #993366; font-size: 17px;\"><em>Ich bin weder Gem\u00fct, Intelligenz, noch Ego oder Chitta, weder Ohren noch Zunge, noch Sinne des Geruchs oder des Sehens, weder \u00c4ther, noch Luft, noch Feuer, noch Wasser, noch Erde bin Ich.<\/em><\/span><br \/>\n<span style=\"color: #993366; font-size: 17px;\"><em>Ich bin ewige Gl\u00fcckseligkeit und Bewu\u00dftheit (Sat-Chit-Ananda)<\/em><\/span><br \/>\n<span style=\"color: #993366; font-size: 17px;\"><em>Ich bin Shiva (das Atma). &#8211; Ich bin Shiva (das Atma).<\/em><\/span><\/p>\n<p align=\"center\"><span style=\"color: #993366; font-size: 17px;\"><em>Ich bin weder die Pranas, noch die f\u00fcnf Arten des Atems, weder die sieben Elemente des K\u00f6rpers, noch seine f\u00fcnf H\u00fcllen, noch H\u00e4nde, F\u00fc\u00dfe, noch Zunge, oder Organe der Aktion.<\/em><\/span><br \/>\n<span style=\"color: #993366; font-size: 17px;\"><em>Ich bin ewige Gl\u00fcckseligkeit und Bewu\u00dftheit.<\/em><\/span><br \/>\n<span style=\"color: #993366; font-size: 17px;\"><em>Ich bin Shiva. Ich bin Shiva.<\/em><\/span><\/p>\n<p align=\"center\"><span style=\"color: #993366; font-size: 17px;\"><em>Weder Habsucht, noch Verblendung bin Ich, noch die Gefr\u00e4\u00dfigkeit. Nicht Stolz oder Ego, Dharma oder Befreiung bin Ich, weder Wunschkraft des Gem\u00fcts, noch Objekte seines Begehrens.<\/em><\/span><br \/>\n<span style=\"color: #993366; font-size: 17px;\"><em>Ich bin ewige Gl\u00fcckseligkeit und Bewu\u00dftheit.<\/em><\/span><br \/>\n<span style=\"color: #993366; font-size: 17px;\"><em>Ich bin Shiva. Ich bin Shiva.<\/em><\/span><\/p>\n<p align=\"center\"><span style=\"color: #993366; font-size: 17px;\"><em>Ich kenne weder Freude noch Schmerz, Ha\u00df oder Laster, Mantras oder heilige St\u00e4tten, weder heilige Schriften noch Opfer. Weder bin Ich der Esser, die Nahrung, noch der Akt des Essens.<\/em><\/span><br \/>\n<span style=\"color: #993366; font-size: 17px;\"><em>Ich bin ewige Gl\u00fcckseligkeit und Bewu\u00dftheit.<\/em><\/span><br \/>\n<span style=\"color: #993366; font-size: 17px;\"><em>Ich bin Shiva. Ich bin Shiva.<\/em><\/span><\/p>\n<p align=\"center\"><span style=\"color: #993366; font-size: 17px;\"><em>Furcht kenne Ich nicht, noch geh\u00f6re Ich jeglicher Kaste an. Ich habe nicht Vater noch Mutter, jenseits von Geburt und Tod bin Ich. Ich kenne weder Freund noch Sch\u00fcler noch Guru.<\/em><\/span><br \/>\n<span style=\"color: #993366; font-size: 17px;\"><em>Ich bin ewige Gl\u00fcckseligkeit und Bewu\u00dftheit.<\/em><\/span><br \/>\n<span style=\"color: #993366; font-size: 17px;\"><em>Ich bin Shiva. Ich bin Shiva.<\/em><\/span><\/p>\n<p align=\"center\"><span style=\"color: #993366; font-size: 17px;\"><em>Weder Form noch Vorstellung habe Ich, das all Durchdringende bin Ich, \u00fcberall existiere Ich, und doch bin Ich jenseits der Sinne. Weder Erl\u00f6sung bin Ich, noch etwas zu verstehen.<\/em><\/span><br \/>\n<span style=\"color: #993366; font-size: 17px;\"><em>Ich bin ewige Gl\u00fcckseligkeit und Bewu\u00dftheit.<\/em><\/span><br \/>\n<span style=\"color: #993366; font-size: 17px;\"><em>Ich bin Shiva, Ich bin Shiva. Ich bin Shiva.<\/em><\/span><\/p>\n<p style=\"text-align: left;\" align=\"center\"><span style=\"font-size: 17px;\">Damit es nicht zu theoretisch wird: Der Sanskrit-Begriff Satchitananda ist die Verbindung aus Satya-Wahrheit, Chitta-Aufmerksamkeit und Ananda der Freude. Obwohl hingeschrieben und per Intellekt verstanden, ist es keine Theorie, sondern reale nervale Erfahrung h\u00f6chster Gl\u00fcckseligkeit die jeder erreichen kann. Wer also best\u00e4ndig die Wahrheit im Blickfeld hat, wird innerlich best\u00e4tigt und belohnt werden mit grundloser Freude.<\/span><\/p>\n<p><span style=\"font-size: 17px;\"><a href=\"https:\/\/sebastianmiga.de\/projekte\/meditationmuenchen\/warum-meditieren\/\">Zur\u00fcck zum Hauptmenue<\/a><\/span>[\/vc_column_text][\/vc_column][\/vc_row]<\/p>\n<\/div>","protected":false},"excerpt":{"rendered":"<p>[vc_row][vc_column][vc_column_text css=&#8220;.vc_custom_1555939057198{margin-top: 0px !important;margin-right: 4px !important;margin-bottom: 0px !important;margin-left: 4px !important;border-top-width: 4px !important;border-right-width: 4px !important;border-bottom-width: 4px !important;border-left-width: 4px !important;padding-top: 15px !important;padding-right: 10px !important;padding-bottom: 5px !important;padding-left: 10px !important;background-color: rgba(255,255,255,0.75) !important;*background-color: rgb(255,255,255) !important;border-left-style: ridge !important;border-right-style: ridge !important;border-top-style: ridge !important;border-bottom-style: ridge !important;border-radius: 5px !important;}&#8220;]Selbstwert Ein wichtiger Aspekt unserer Selbstverwirklichung ist die Entfaltung des Selbstwerts. Wenn die Kundalini in uns [&hellip;]<\/p>\n","protected":false},"author":3,"featured_media":0,"parent":641,"menu_order":0,"comment_status":"closed","ping_status":"closed","template":"","meta":{"_acf_changed":false,"footnotes":""},"class_list":["post-1430","page","type-page","status-publish","hentry"],"acf":[],"_links":{"self":[{"href":"https:\/\/sebastianmiga.de\/projekte\/meditationmuenchen\/wp-json\/wp\/v2\/pages\/1430","targetHints":{"allow":["GET"]}}],"collection":[{"href":"https:\/\/sebastianmiga.de\/projekte\/meditationmuenchen\/wp-json\/wp\/v2\/pages"}],"about":[{"href":"https:\/\/sebastianmiga.de\/projekte\/meditationmuenchen\/wp-json\/wp\/v2\/types\/page"}],"author":[{"embeddable":true,"href":"https:\/\/sebastianmiga.de\/projekte\/meditationmuenchen\/wp-json\/wp\/v2\/users\/3"}],"replies":[{"embeddable":true,"href":"https:\/\/sebastianmiga.de\/projekte\/meditationmuenchen\/wp-json\/wp\/v2\/comments?post=1430"}],"version-history":[{"count":27,"href":"https:\/\/sebastianmiga.de\/projekte\/meditationmuenchen\/wp-json\/wp\/v2\/pages\/1430\/revisions"}],"predecessor-version":[{"id":4805,"href":"https:\/\/sebastianmiga.de\/projekte\/meditationmuenchen\/wp-json\/wp\/v2\/pages\/1430\/revisions\/4805"}],"up":[{"embeddable":true,"href":"https:\/\/sebastianmiga.de\/projekte\/meditationmuenchen\/wp-json\/wp\/v2\/pages\/641"}],"wp:attachment":[{"href":"https:\/\/sebastianmiga.de\/projekte\/meditationmuenchen\/wp-json\/wp\/v2\/media?parent=1430"}],"curies":[{"name":"wp","href":"https:\/\/api.w.org\/{rel}","templated":true}]}}