{"id":1605,"date":"2017-08-23T11:48:11","date_gmt":"2017-08-23T09:48:11","guid":{"rendered":"http:\/\/meditationmuenchen.ecommerce-trend.de\/?page_id=1605"},"modified":"2019-04-28T17:48:01","modified_gmt":"2019-04-28T15:48:01","slug":"realitaet-2","status":"publish","type":"page","link":"https:\/\/sebastianmiga.de\/projekte\/meditationmuenchen\/wie-meditieren\/realitaet-2\/","title":{"rendered":"Realit\u00e4t"},"content":{"rendered":"<div class=\"wpb-content-wrapper\"><p>[vc_row][vc_column][vc_column_text css=&#8220;.vc_custom_1555940132820{margin-top: 0px !important;margin-right: 4px !important;margin-bottom: 0px !important;margin-left: 4px !important;border-top-width: 4px !important;border-right-width: 4px !important;border-bottom-width: 4px !important;border-left-width: 4px !important;padding-top: 15px !important;padding-right: 10px !important;padding-bottom: 5px !important;padding-left: 10px !important;background-color: rgba(255,255,255,0.75) !important;*background-color: rgb(255,255,255) !important;border-left-style: ridge !important;border-right-style: ridge !important;border-top-style: ridge !important;border-bottom-style: ridge !important;border-radius: 5px !important;}&#8220;]<span style=\"font-size: 17px;\"><strong><span style=\"font-size: 34px;\">U<\/span>nser Geburtsrecht<br \/>\n<\/strong>&#8222;Tag ein Tag aus leben wir so sehr mit Materie, mit toten Dingen. Es ist l\u00e4cherlich, wir begreifen nicht, dass lebende Dinge spontan sind &#8211; absolut spontan. Wie viel zahlt man einem Baum um zu wachsen? Es ist ein lebendiger Vorgang, sowie der, durch den Ihr zum Menschen geworden seid nach vielen Reinkarnationen. Selbstverwirklichung bedeutet, die Essenz, das G\u00f6ttliche &#8211; in Sanskrit Atma &#8211; bewusst zu machen. Es ist schon da. Wenn Ihr darum bittet, wird es sich zeigen, weil es euer Geburtsrecht ist&#8230;Wie erfahren wir die Welt? Was ist Realit\u00e4t? Wer manipuliert uns? Auch unsere Vorstellungen von Kunst sind sehr unreif. Vielleicht habt Ihr gelesen, dass dies oder jenes Kunst sei, deshalb glaubt Ihr es und glaubt, dass es sch\u00f6n sei. Doch ist es das wirklich? Gibt es absolute Qualit\u00e4t, Echtheit, Tiefe&#8220;? (Shri Mataji)<\/span><\/p>\n<p><span style=\"font-size: 17px;\"><strong>Unverg\u00e4nglichkeit<br \/>\n<\/strong>Diese Instanz existiert, sie zeigt sehr deutlich und l\u00e4sst uns f\u00fchlen, was Sch\u00f6nheit, was Harmonie, was Wahrheit, was Kunst ist. Es ist das Atma, das sich unmissverst\u00e4ndlich in spontaner Freude (Sat-Chit-Ananda) \u00e4u\u00dfert, wenn es auf Seinesgleichen trifft. Und &#8211; es ist v\u00f6llig egal, ob Kunst, ob Wissenschaft, ob Poesie, ob Malerei, oder Musik. Alles Echte tr\u00e4gt den Kern der Zeitlosigkeit und Unverg\u00e4nglichkeit in sich, da es g\u00f6ttlicher Natur ist. Wahrheit und Echtheit sind Eins &#8211; nicht relativ, oder abh\u00e4ngig von Meinungen und Kritiken.<\/span><\/p>\n<p><span style=\"font-size: 17px;\"><a href=\"https:\/\/sebastianmiga.de\/projekte\/meditationmuenchen\/wie-meditieren\/\">Zur\u00fcck zum Hauptmenue<\/a><\/span>[\/vc_column_text][\/vc_column][\/vc_row][vc_row][vc_column][vc_empty_space height=&#8220;200 px&#8220;][\/vc_column][\/vc_row]<\/p>\n<\/div>","protected":false},"excerpt":{"rendered":"<p>[vc_row][vc_column][vc_column_text css=&#8220;.vc_custom_1555940132820{margin-top: 0px !important;margin-right: 4px !important;margin-bottom: 0px !important;margin-left: 4px !important;border-top-width: 4px !important;border-right-width: 4px !important;border-bottom-width: 4px !important;border-left-width: 4px !important;padding-top: 15px !important;padding-right: 10px !important;padding-bottom: 5px !important;padding-left: 10px !important;background-color: rgba(255,255,255,0.75) !important;*background-color: rgb(255,255,255) !important;border-left-style: ridge !important;border-right-style: ridge !important;border-top-style: ridge !important;border-bottom-style: ridge !important;border-radius: 5px !important;}&#8220;]Unser Geburtsrecht &#8222;Tag ein Tag aus leben wir so sehr mit Materie, mit toten Dingen. Es [&hellip;]<\/p>\n","protected":false},"author":3,"featured_media":0,"parent":628,"menu_order":0,"comment_status":"closed","ping_status":"closed","template":"","meta":{"_acf_changed":false,"footnotes":""},"class_list":["post-1605","page","type-page","status-publish","hentry"],"acf":[],"_links":{"self":[{"href":"https:\/\/sebastianmiga.de\/projekte\/meditationmuenchen\/wp-json\/wp\/v2\/pages\/1605","targetHints":{"allow":["GET"]}}],"collection":[{"href":"https:\/\/sebastianmiga.de\/projekte\/meditationmuenchen\/wp-json\/wp\/v2\/pages"}],"about":[{"href":"https:\/\/sebastianmiga.de\/projekte\/meditationmuenchen\/wp-json\/wp\/v2\/types\/page"}],"author":[{"embeddable":true,"href":"https:\/\/sebastianmiga.de\/projekte\/meditationmuenchen\/wp-json\/wp\/v2\/users\/3"}],"replies":[{"embeddable":true,"href":"https:\/\/sebastianmiga.de\/projekte\/meditationmuenchen\/wp-json\/wp\/v2\/comments?post=1605"}],"version-history":[{"count":16,"href":"https:\/\/sebastianmiga.de\/projekte\/meditationmuenchen\/wp-json\/wp\/v2\/pages\/1605\/revisions"}],"predecessor-version":[{"id":4706,"href":"https:\/\/sebastianmiga.de\/projekte\/meditationmuenchen\/wp-json\/wp\/v2\/pages\/1605\/revisions\/4706"}],"up":[{"embeddable":true,"href":"https:\/\/sebastianmiga.de\/projekte\/meditationmuenchen\/wp-json\/wp\/v2\/pages\/628"}],"wp:attachment":[{"href":"https:\/\/sebastianmiga.de\/projekte\/meditationmuenchen\/wp-json\/wp\/v2\/media?parent=1605"}],"curies":[{"name":"wp","href":"https:\/\/api.w.org\/{rel}","templated":true}]}}