{"id":1851,"date":"2017-09-25T20:37:46","date_gmt":"2017-09-25T18:37:46","guid":{"rendered":"http:\/\/meditationmuenchen.ecommerce-trend.de\/?page_id=1851"},"modified":"2019-04-22T16:13:03","modified_gmt":"2019-04-22T14:13:03","slug":"weiteres","status":"publish","type":"page","link":"https:\/\/sebastianmiga.de\/projekte\/meditationmuenchen\/weiteres\/","title":{"rendered":"Ressourcen"},"content":{"rendered":"<div class=\"wpb-content-wrapper\"><p>[vc_row][vc_column][vc_column_text css=&#8220;.vc_custom_1555942377821{margin-top: 0px !important;margin-right: 4px !important;margin-bottom: 0px !important;margin-left: 4px !important;border-top-width: 4px !important;border-right-width: 4px !important;border-bottom-width: 4px !important;border-left-width: 4px !important;padding-top: 15px !important;padding-right: 10px !important;padding-bottom: 5px !important;padding-left: 10px !important;background-color: rgba(255,255,255,0.75) !important;*background-color: rgb(255,255,255) !important;border-left-color: #ffffff !important;border-left-style: ridge !important;border-right-color: #ffffff !important;border-right-style: ridge !important;border-top-color: #ffffff !important;border-top-style: ridge !important;border-bottom-color: #ffffff !important;border-bottom-style: ridge !important;}&#8220;]<span style=\"color: #000000; font-size: 18px;\"><strong><span style=\"font-size: 34px;\">R<\/span>etro-Entwicklung<br \/>\n<\/strong>Sahaja Yoga existiert seit fast 50 Jahren und ist heute in ca. 120 L\u00e4ndern beheimatet. Das soll Sie nicht beeindrucken, da wir nichts verkaufen &#8211; nur zeigen, dass es auch eine Retro-Entwicklung gibt, hin zum Urspr\u00fcnglichen, Echten. Yoga selbst geht Tausende von Jahren zur\u00fcck mit seinen heiligen Schriften, die ebenfalls Niederschlag finden in Sahaja Yoga. Heute wird Yoga respektlos f\u00fcr beliebige Ert\u00fcchtigungs-Methoden missbraucht und ist zum modischen Hype degeneriert. Diese Trivialisierung ist ein Markenzeichen unserer Zeit. Shri Mataji ist es zu verdanken, Yoga seine wahre Bedeutung zur\u00fcckgegeben zu haben. Sahaja Yoga ist die Fortsetzung der Disziplin und des Wissens, denen sich der spirituelle Sucher seit Jahrtausenden widmet.<\/span><\/p>\n<p><span style=\"color: #000000; font-size: 18px;\"><strong>Eine Kerze entz\u00fcndet weitere<\/strong><\/span><br \/>\n<span style=\"color: #000000; font-size: 18px;\">Klassisch bedeutet Yoga R\u00fcckverbindung zu Gott. Wie kann dies geschehen? Sicher nicht durch menschliches Wollen. Denn &#8211; wir sind Gesch\u00f6pf nicht Sch\u00f6pfer. Entscheidend ist, dass Yoga keine Entsagung vom Leben braucht, sondern von der Kundalini-Kraft selbst bewirkt wird &#8211; schon immer &#8211; auch\u00a0 hier und jetzt. Wir sind in dieser Welt, aber nicht von dieser Welt &#8211; was zu entdecken ist. In den 40 Jahren Ihrer Mission hat Shri Mataji fast alle L\u00e4nder der Erde bereist und \u00fcber 4000 Reden gehalten um die Welt aufzukl\u00e4ren und den Menschen die unmittelbare Erfahrung des Yoga zu geben. Eine Kerze kann eine weitere Kerze entz\u00fcnden &#8211; dies gilt auch \u00fcber den Tod von Shri Mataji hinaus. Selbst fernab \u00fcber moderne Medien des Internet, kann dieses Licht weitergereicht werden, wenn der Wunsch echt und tief genug ist.<\/span><\/p>\n<p><span style=\"color: #000000; font-size: 18px;\"><strong>Fundus von Shri Mataji<br \/>\n<\/strong>Die Orginalreden von Shri Mataji sind zum Gro\u00dfteil erhalten &#8211; in Original, \u00fcbersetzt, transkribiert oder per Video oder Audio verf\u00fcgbar. Entsprechend riesig ist die Dokumentation ihres Wirkens. Dar\u00fcber hinaus existiert ein weites und laufend wachsendes Spektrum an Schriften, B\u00fcchern zu Kunst und Forschung in Sahaja Yoga, seinen gesellschaftlichen Auswirkungen und der Verbreitung dieses universalen Wissens. Wir m\u00f6chten Sie motivieren sich insbesondere einen Eindruck von Shri Mataji zu machen. Freiwillige Helfer sind laufend dabei ihren ungeheuren Fundus weltweit zu archivieren zu transkribieren zu \u00fcbersetzen und die Video-Talks mit den wichtigsten Sprachen zu untertiteln. Das Recherche-Angebot steigt also st\u00e4ndig. Hier in dieser Rubrik bem\u00fchen wir uns hilfreiches Material und Anlauf-Stellen f\u00fcr Sie bereitzustellen.<\/span>[\/vc_column_text][\/vc_column][\/vc_row]<\/p>\n<\/div>","protected":false},"excerpt":{"rendered":"<p>[vc_row][vc_column][vc_column_text css=&#8220;.vc_custom_1555942377821{margin-top: 0px !important;margin-right: 4px !important;margin-bottom: 0px !important;margin-left: 4px !important;border-top-width: 4px !important;border-right-width: 4px !important;border-bottom-width: 4px !important;border-left-width: 4px !important;padding-top: 15px !important;padding-right: 10px !important;padding-bottom: 5px !important;padding-left: 10px !important;background-color: rgba(255,255,255,0.75) !important;*background-color: rgb(255,255,255) !important;border-left-color: #ffffff !important;border-left-style: ridge !important;border-right-color: #ffffff !important;border-right-style: ridge !important;border-top-color: #ffffff !important;border-top-style: ridge !important;border-bottom-color: #ffffff !important;border-bottom-style: ridge !important;}&#8220;]Retro-Entwicklung Sahaja Yoga existiert seit fast 50 Jahren und ist [&hellip;]<\/p>\n","protected":false},"author":3,"featured_media":0,"parent":0,"menu_order":0,"comment_status":"closed","ping_status":"closed","template":"","meta":{"_acf_changed":false,"footnotes":""},"class_list":["post-1851","page","type-page","status-publish","hentry"],"acf":[],"_links":{"self":[{"href":"https:\/\/sebastianmiga.de\/projekte\/meditationmuenchen\/wp-json\/wp\/v2\/pages\/1851","targetHints":{"allow":["GET"]}}],"collection":[{"href":"https:\/\/sebastianmiga.de\/projekte\/meditationmuenchen\/wp-json\/wp\/v2\/pages"}],"about":[{"href":"https:\/\/sebastianmiga.de\/projekte\/meditationmuenchen\/wp-json\/wp\/v2\/types\/page"}],"author":[{"embeddable":true,"href":"https:\/\/sebastianmiga.de\/projekte\/meditationmuenchen\/wp-json\/wp\/v2\/users\/3"}],"replies":[{"embeddable":true,"href":"https:\/\/sebastianmiga.de\/projekte\/meditationmuenchen\/wp-json\/wp\/v2\/comments?post=1851"}],"version-history":[{"count":33,"href":"https:\/\/sebastianmiga.de\/projekte\/meditationmuenchen\/wp-json\/wp\/v2\/pages\/1851\/revisions"}],"predecessor-version":[{"id":4728,"href":"https:\/\/sebastianmiga.de\/projekte\/meditationmuenchen\/wp-json\/wp\/v2\/pages\/1851\/revisions\/4728"}],"wp:attachment":[{"href":"https:\/\/sebastianmiga.de\/projekte\/meditationmuenchen\/wp-json\/wp\/v2\/media?parent=1851"}],"curies":[{"name":"wp","href":"https:\/\/api.w.org\/{rel}","templated":true}]}}