{"id":1870,"date":"2017-09-27T19:20:53","date_gmt":"2017-09-27T17:20:53","guid":{"rendered":"http:\/\/meditationmuenchen.ecommerce-trend.de\/?page_id=1870"},"modified":"2019-10-31T15:52:46","modified_gmt":"2019-10-31T14:52:46","slug":"lehrmaterial","status":"publish","type":"page","link":"https:\/\/sebastianmiga.de\/projekte\/meditationmuenchen\/weiteres\/lehrmaterial\/","title":{"rendered":"Lehrmaterial"},"content":{"rendered":"<div class=\"wpb-content-wrapper\"><p>[vc_row][vc_column][vc_column_text css=&#8220;.vc_custom_1572533562432{margin-top: 0px !important;margin-right: 4px !important;margin-bottom: 0px !important;margin-left: 4px !important;border-top-width: 4px !important;border-right-width: 4px !important;border-bottom-width: 4px !important;border-left-width: 4px !important;padding-top: 15px !important;padding-right: 10px !important;padding-bottom: 5px !important;padding-left: 10px !important;background-color: rgba(255,255,255,0.75) !important;*background-color: rgb(255,255,255) !important;border-left-style: ridge !important;border-right-style: ridge !important;border-top-style: ridge !important;border-bottom-style: ridge !important;border-radius: 5px !important;}&#8220;]<span style=\"font-size: 17px;\"><span style=\"font-size: 34px;\"><strong>S<\/strong><\/span>ahaja Yoga ist simpel, andererseits verbirgt sich ein Universum an Wissen dahinter. Viel wird versucht Sahaja Yoga jedermann zug\u00e4nglich zu machen, denn es ist gedacht f\u00fcr jedermann. Haben Sie gute Erfahrungen gemacht, finden Sie weitere Materialien zur Vertiefung in Form von Pr\u00e4sentationen, Lehrmaterial, Poster inkl. Forschungsergebnissen. Sahaja Yoga ist weder Placebo- noch Nocebo-Erscheinung, es ver\u00e4ndert ganzheitlich &#8211;\u00a0 physiologisch und psychologisch. Deshalb muss sich seine Wirksamkeit auch real in Forschungsstudien niederschlagen. Sollten Sie \u00fcberzeugt sein, auch Ihren Mitmenschen Gutes tun zu wollen, k\u00f6nnen sie alle Materialien auch in eigener Regie benutzen, selbstverst\u00e4ndlich kostenlos. Hier eine Serie grafisch ansprechender <a href=\"https:\/\/sebastianmiga.de\/projekte\/meditationmuenchen\/wp-content\/uploads\/2018\/04\/AllPics.pdf\">gro\u00dfformatiger Darstellungen zu Kernpunkten<\/a> von Sahaja Yoga:<\/span><\/p>\n<p><span style=\"font-size: 17px;\"><a href=\"https:\/\/sebastianmiga.de\/projekte\/meditationmuenchen\/weiteres\/\">Zur\u00fcck zum Hauptmenue<\/a><\/span>[\/vc_column_text][\/vc_column][\/vc_row][vc_row][vc_column][vc_empty_space height=&#8220;500 px&#8220;][\/vc_column][\/vc_row]<\/p>\n<\/div>","protected":false},"excerpt":{"rendered":"<p>[vc_row][vc_column][vc_column_text css=&#8220;.vc_custom_1572533562432{margin-top: 0px !important;margin-right: 4px !important;margin-bottom: 0px !important;margin-left: 4px !important;border-top-width: 4px !important;border-right-width: 4px !important;border-bottom-width: 4px !important;border-left-width: 4px !important;padding-top: 15px !important;padding-right: 10px !important;padding-bottom: 5px !important;padding-left: 10px !important;background-color: rgba(255,255,255,0.75) !important;*background-color: rgb(255,255,255) !important;border-left-style: ridge !important;border-right-style: ridge !important;border-top-style: ridge !important;border-bottom-style: ridge !important;border-radius: 5px !important;}&#8220;]Sahaja Yoga ist simpel, andererseits verbirgt sich ein Universum an Wissen dahinter. Viel wird versucht Sahaja [&hellip;]<\/p>\n","protected":false},"author":3,"featured_media":0,"parent":1851,"menu_order":0,"comment_status":"closed","ping_status":"closed","template":"","meta":{"_acf_changed":false,"footnotes":""},"class_list":["post-1870","page","type-page","status-publish","hentry"],"acf":[],"_links":{"self":[{"href":"https:\/\/sebastianmiga.de\/projekte\/meditationmuenchen\/wp-json\/wp\/v2\/pages\/1870","targetHints":{"allow":["GET"]}}],"collection":[{"href":"https:\/\/sebastianmiga.de\/projekte\/meditationmuenchen\/wp-json\/wp\/v2\/pages"}],"about":[{"href":"https:\/\/sebastianmiga.de\/projekte\/meditationmuenchen\/wp-json\/wp\/v2\/types\/page"}],"author":[{"embeddable":true,"href":"https:\/\/sebastianmiga.de\/projekte\/meditationmuenchen\/wp-json\/wp\/v2\/users\/3"}],"replies":[{"embeddable":true,"href":"https:\/\/sebastianmiga.de\/projekte\/meditationmuenchen\/wp-json\/wp\/v2\/comments?post=1870"}],"version-history":[{"count":22,"href":"https:\/\/sebastianmiga.de\/projekte\/meditationmuenchen\/wp-json\/wp\/v2\/pages\/1870\/revisions"}],"predecessor-version":[{"id":5111,"href":"https:\/\/sebastianmiga.de\/projekte\/meditationmuenchen\/wp-json\/wp\/v2\/pages\/1870\/revisions\/5111"}],"up":[{"embeddable":true,"href":"https:\/\/sebastianmiga.de\/projekte\/meditationmuenchen\/wp-json\/wp\/v2\/pages\/1851"}],"wp:attachment":[{"href":"https:\/\/sebastianmiga.de\/projekte\/meditationmuenchen\/wp-json\/wp\/v2\/media?parent=1870"}],"curies":[{"name":"wp","href":"https:\/\/api.w.org\/{rel}","templated":true}]}}