{"id":2547,"date":"2017-11-11T15:05:08","date_gmt":"2017-11-11T14:05:08","guid":{"rendered":"http:\/\/meditationmuenchen.ecommerce-trend.de\/?page_id=2547"},"modified":"2019-04-28T17:57:33","modified_gmt":"2019-04-28T15:57:33","slug":"shri-mataji-4","status":"publish","type":"page","link":"https:\/\/sebastianmiga.de\/projekte\/meditationmuenchen\/wo-meditieren\/shri-mataji-4\/","title":{"rendered":"Shri Mataji"},"content":{"rendered":"<div class=\"wpb-content-wrapper\"><p>[vc_row][vc_column][vc_column_text css=&#8220;.vc_custom_1555940678205{margin-top: 0px !important;margin-right: 4px !important;margin-bottom: 0px !important;margin-left: 4px !important;border-top-width: 4px !important;border-right-width: 4px !important;border-bottom-width: 4px !important;border-left-width: 4px !important;padding-top: 15px !important;padding-right: 10px !important;padding-bottom: 5px !important;padding-left: 10px !important;background-color: rgba(255,255,255,0.75) !important;*background-color: rgb(255,255,255) !important;border-left-style: ridge !important;border-right-style: ridge !important;border-top-style: ridge !important;border-bottom-style: ridge !important;border-radius: 5px !important;}&#8220;]<span style=\"font-size: 17px;\"><strong><span style=\"font-size: 34px;\">S<\/span>alz der Erde<\/strong><\/span><br \/>\n<span style=\"font-size: 17px;\">Geschichte l\u00e4sst erkennen, wie gro\u00dfe\u00a0 Philosophen, Heilige, Propheten und Avatare der Menschheit jeweils spezifische, zeitaktuelle evolution\u00e4re Impulse vermittelten. Sie sind das Salz der Erde. Von der Masse der Menschen ihrer Epoche wurden sie und die Tragweite ihrer Lehren nur selten erkannt. Angefeindet, vertrieben und get\u00f6tet von den herrschenden Institutionen wurden diese gro\u00dfen Seelen, weil sie den Status quo st\u00f6rten. Einige ihrer Nachfolger tradierten\u00a0 Aspekte dieser Lehren ehrlichen Herzens, andere dagegen bewusst opportunistisch. Aussagen wurden heraus gegriffen, machtpolitisch verdreht, passend gemacht zur Situation. Dies ging so \u00fcber Jahrtausende.<\/span><\/p>\n<p><span style=\"font-size: 17px;\"><strong>Dokumentation f\u00fcr jeden<\/strong><\/span><br \/>\n<span style=\"font-size: 17px;\">Dies hat sich ge\u00e4ndert &#8211; grundlegend &#8211; durch die technologische Entwicklung der Informationsverbreitung, vor allem aber der Sprach- und Videoaufzeichnung. Die Manipulation von Information wird\u00a0 zu Ende gehen &#8211; genau deshalb &#8211; weil Hoaxes und Fakenews zum globalen Thema wurden. Wahrheit und Echtheit werden wieder erstrebenswert. Man arbeitet bereits daran, Quellen-Dokumentation nicht nur f\u00fcr Jahrhunderte sondern Jahrtausende zu konservieren. Geschichtsklitterung ist nicht mehr so einfach. Jeder wird zugreifen k\u00f6nnen auf Informationen und Bildung.<\/span><\/p>\n<p><span style=\"font-size: 17px;\"><strong>Spiritueller Materialismus<\/strong><\/span><br \/>\n<span style=\"font-size: 17px;\">Warum dieser Prolog? Wir m\u00f6chten Ihnen die Einzelstellung von Shri Matajis\u00a0 Pers\u00f6nlichkeit und ihren Aussagen nahebringen, da sie sich fundamental von allem unterscheiden, was es heute an Selbst- bzw. Weltverbesserungs-Angeboten gibt. Alles vervielfacht sich in Windeseile, weil man Frustration als Marktl\u00fccke erkannt hat. Man k\u00f6nnte es spirituellen Materialismus nennen, der heute den Sucher umgarnt. Abschlie\u00dfend: Sie k\u00f6nnen Shri Mataji&#8217;s Aussagen zwar unmittelbar verstehen &#8211; sie sind sehr direkt und einfach &#8211; aber ihre Wahrhaftigkeit leichter erfassen, wenn Sie versuchen, sie in meditativer Stimmung auf sich wirken zu lassen.<\/span><\/p>\n<p><span style=\"font-size: 17px;\"><img decoding=\"async\" src=\"https:\/\/sebastianmiga.de\/projekte\/meditationmuenchen\/wp-content\/uploads\/2017\/08\/Havan-1.jpg\" alt=\"Shri Mataji zu Beginn\" \/><\/span><\/p>\n<p><span style=\"font-size: 17px;\"><strong> Vision<\/strong><\/span><br \/>\n<span style=\"font-size: 17px;\">Shri Mataji erkl\u00e4rt: &#8222;Mein Leben, meine Mission, meine Existenz, mein Alles, dient einzig dem Zweck der <a href=\"https:\/\/sebastianmiga.de\/projekte\/meditationmuenchen\/wp-content\/uploads\/2018\/04\/ExemplarischesLeben.pdf\">Emanzipation der Menschheit<\/a>.\u00a0Dies ist meine Ank\u00fcndigung einer neuen Dimension, in der wir uns erheben&#8230;Diese Erkl\u00e4rung soll Euch in keinster Weise herabsetzen, beleidigen noch etwas \u00fcber Euch aussagen, sondern \u00a0mit der \u00a0Inspiration erf\u00fcllen, welche Tausende und Abertausende, Millionen und Abermillionen von Menschen veranlasste f\u00fcr eine gr\u00f6\u00dfere Sache einzustehen.&#8220;<\/span><\/p>\n<p><span style=\"font-size: 17px;\"><strong>Authentizit\u00e4t<\/strong><\/span><br \/>\n<span style=\"font-size: 17px;\">&#8222;But today is the day I declare that I am the One who has to save the humanity. I declare I am the One who is Adishakti, who is the Mother of all the mothers, who is the Primordial Mother, the Shakti, the desire of God, who has incarnated on this Earth to give its meaning to itself; to this creation, to human beings and I am sure through My Love and patience and My powers I am going to achieve it. I was the One who was born again and again, but now in my complete form and complete powers I have come on this Earth not only for salvation of human beings, not only for their emancipation, but for granting them the Kingdom of Heaven, the Joy, the Bliss that your Father wants to bestow upon you.&#8220; Shri Mataji Nirmala Devi\u00a0 2. December 1979 \u2014 London, UK<\/span><\/p>\n<p><span style=\"font-size: 17px;\"><strong>Nadel im Heuhaufen<br \/>\n<\/strong>Es ist klar, diese Erkl\u00e4rung ist entweder die gr\u00f6\u00dfte Anma\u00dfung oder Blasphemie aller Zeiten, oder sie ist eine epochale Ank\u00fcndigung globaler Bedeutung. Bedenken Sie, schon fr\u00fcher wurden gro\u00dfe Seelen meist nicht erkannt. Wie erst heute, im Zeitalter der \u00dcberinformation? Eine M\u00f6glichkeit bleibt, die Nadel im Heuhaufen zu finden &#8211; dann, wenn wir uns finden lassen, das &#8222;in den Griff kriegen&#8220; zumindest kurze Zeit vergessen. Shri Mataji versteckt sich nicht, sie sagt klar heraus wer sie ist. Ungef\u00e4hr 4000 Ansprachen sind als Transkription, Audio oder Video dokumentiert und \u00f6ffentlich unentgeltlich zug\u00e4nglich. Sie sind in Datenbanken niedergelegt und k\u00f6nnen recherchiert werden. Gro\u00dfe Anstrengungen werden gemacht, sie in die h\u00e4ufigsten Weltsprachen zu \u00fcbersetzen und Videoaufzeichnungen zu untertiteln. Um die Verwirrung noch zu steigern, hier noch einige <a href=\" https:\/\/drive.google.com\/open?id=1ipNLHXXfEonL_jmI86GaC8VoO672YQGw\">weitere Aussagen und Einblicke in Ihr Leben.<\/a><\/span><\/p>\n<p><span style=\"font-size: 17px;\"><a href=\"https:\/\/sebastianmiga.de\/projekte\/meditationmuenchen\/wo-meditieren\/\">Zur\u00fcck zum Hauptmenue<\/a><\/span>[\/vc_column_text][\/vc_column][\/vc_row]<\/p>\n<\/div>","protected":false},"excerpt":{"rendered":"<p>[vc_row][vc_column][vc_column_text css=&#8220;.vc_custom_1555940678205{margin-top: 0px !important;margin-right: 4px !important;margin-bottom: 0px !important;margin-left: 4px !important;border-top-width: 4px !important;border-right-width: 4px !important;border-bottom-width: 4px !important;border-left-width: 4px !important;padding-top: 15px !important;padding-right: 10px !important;padding-bottom: 5px !important;padding-left: 10px !important;background-color: rgba(255,255,255,0.75) !important;*background-color: rgb(255,255,255) !important;border-left-style: ridge !important;border-right-style: ridge !important;border-top-style: ridge !important;border-bottom-style: ridge !important;border-radius: 5px !important;}&#8220;]Salz der Erde Geschichte l\u00e4sst erkennen, wie gro\u00dfe\u00a0 Philosophen, Heilige, Propheten und Avatare der Menschheit jeweils [&hellip;]<\/p>\n","protected":false},"author":3,"featured_media":0,"parent":685,"menu_order":0,"comment_status":"closed","ping_status":"closed","template":"","meta":{"_acf_changed":false,"footnotes":""},"class_list":["post-2547","page","type-page","status-publish","hentry"],"acf":[],"_links":{"self":[{"href":"https:\/\/sebastianmiga.de\/projekte\/meditationmuenchen\/wp-json\/wp\/v2\/pages\/2547","targetHints":{"allow":["GET"]}}],"collection":[{"href":"https:\/\/sebastianmiga.de\/projekte\/meditationmuenchen\/wp-json\/wp\/v2\/pages"}],"about":[{"href":"https:\/\/sebastianmiga.de\/projekte\/meditationmuenchen\/wp-json\/wp\/v2\/types\/page"}],"author":[{"embeddable":true,"href":"https:\/\/sebastianmiga.de\/projekte\/meditationmuenchen\/wp-json\/wp\/v2\/users\/3"}],"replies":[{"embeddable":true,"href":"https:\/\/sebastianmiga.de\/projekte\/meditationmuenchen\/wp-json\/wp\/v2\/comments?post=2547"}],"version-history":[{"count":22,"href":"https:\/\/sebastianmiga.de\/projekte\/meditationmuenchen\/wp-json\/wp\/v2\/pages\/2547\/revisions"}],"predecessor-version":[{"id":4712,"href":"https:\/\/sebastianmiga.de\/projekte\/meditationmuenchen\/wp-json\/wp\/v2\/pages\/2547\/revisions\/4712"}],"up":[{"embeddable":true,"href":"https:\/\/sebastianmiga.de\/projekte\/meditationmuenchen\/wp-json\/wp\/v2\/pages\/685"}],"wp:attachment":[{"href":"https:\/\/sebastianmiga.de\/projekte\/meditationmuenchen\/wp-json\/wp\/v2\/media?parent=2547"}],"curies":[{"name":"wp","href":"https:\/\/api.w.org\/{rel}","templated":true}]}}