{"id":2854,"date":"2017-12-19T19:01:05","date_gmt":"2017-12-19T18:01:05","guid":{"rendered":"http:\/\/meditationmuenchen.ecommerce-trend.de\/?page_id=2854"},"modified":"2019-04-28T17:18:44","modified_gmt":"2019-04-28T15:18:44","slug":"newsletter-anmeldung","status":"publish","type":"page","link":"https:\/\/sebastianmiga.de\/projekte\/meditationmuenchen\/aktuelles-newsletter\/newsletter-anmeldung\/","title":{"rendered":"An- &#038; Abmeldung Newsletter"},"content":{"rendered":"<div class=\"wpb-content-wrapper\"><p>[vc_row][vc_column][vc_column_text css=&#8220;.vc_custom_1556182447882{margin-top: 0px !important;margin-right: 4px !important;margin-bottom: 50px !important;margin-left: 4px !important;border-top-width: 4px !important;border-right-width: 4px !important;border-bottom-width: 4px !important;border-left-width: 4px !important;padding-top: 15px !important;padding-right: 10px !important;padding-bottom: 5px !important;padding-left: 10px !important;background-color: rgba(255,255,255,0.75) !important;*background-color: rgb(255,255,255) !important;border-left-color: #ffffff !important;border-left-style: ridge !important;border-right-color: #ffffff !important;border-right-style: ridge !important;border-top-color: #ffffff !important;border-top-style: ridge !important;border-bottom-color: #ffffff !important;border-bottom-style: ridge !important;border-radius: 5px !important;}&#8220;]<strong><span style=\"font-size: 34px;\">N<\/span>ewsletter<\/strong><br \/>\nWenn Sie sich in unsere Liste eintragen, informieren wir Sie \u00fcber Sahaja Yoga Aktivit\u00e4ten und sonst nichts. Eigentlich ben\u00f6tigen wir nur Ihre email-Adresse. Damit wir Sie h\u00f6flich ansprechen k\u00f6nnen, w\u00e4re uns auch Ihr Name lieb. Die Postleitzahl kann uns zeigen, wo unsere Werbung ankommt. In unserem Fall nur ideeller, nicht monet\u00e4rer Vorteil, da wir nichts verkaufen \u2013 und selbstverst\u00e4ndlich geben wir Ihre Daten nicht weiter an Gierschlund &amp; Raffke oder Geheimdienste.<\/p>\n<p><strong>Blogs<\/strong><br \/>\nWollen Sie Ihre Meinung kundtun\u00a0zu unseren Blog-Themen, oder eigene ansto\u00dfen, bitten wir um Ihre Anmeldung \u2013 m\u00f6glichst nicht als Pseudonym. Nat\u00fcrlich versuchen wir sanft zu moderieren, m\u00fcssen aber manchmal auch Kommentare ablehnen oder k\u00fcrzen. In jedem Fall geht es um liebevolle und respektvolle Kommunikation, das ist uns wichtig.<\/p>\n<p><a href=\"https:\/\/sebastianmiga.de\/projekte\/meditationmuenchen\/aktuelles-newsletter\/\">Zur\u00fcck zum Hauptmenue<\/a>[\/vc_column_text][\/vc_column][\/vc_row][vc_row][vc_column][ult_buttons btn_title=&#8220;Newsletter Bestellen&#8220; btn_link=&#8220;url:http%3A%2F%2Feepurl.com%2FdBQRBD|title:Newsletter%20Bestellen||&#8220; btn_align=&#8220;ubtn-right&#8220; btn_size=&#8220;ubtn-custom&#8220; btn_width=&#8220;200&#8243; btn_height=&#8220;50&#8243; btn_title_color=&#8220;rgba(255,255,255,0.75)&#8220; btn_bg_color=&#8220;rgba(30,115,190,0.75)&#8220; icon=&#8220;none&#8220; icon_size=&#8220;32&#8243; btn_icon_pos=&#8220;ubtn-sep-icon-at-right&#8220; btn_border_style=&#8220;inset&#8220; btn_color_border=&#8220;rgba(255,255,255,0.75)&#8220; btn_color_border_hover=&#8220;#ffffff&#8220; btn_border_size=&#8220;2&#8243; btn_radius=&#8220;5&#8243; css_adv_btn=&#8220;.vc_custom_1533728716587{margin-top: 0px !important;margin-right: 2px !important;margin-bottom: 5px !important;margin-left: 4px !important;padding-top: 4px !important;padding-right: 10px !important;padding-bottom: 4px !important;padding-left: 10px !important;}&#8220;][ult_buttons btn_title=&#8220;Newsletter Abmelden&#8220; btn_link=&#8220;url:https%3A%2F%2Fmeditationmuenchen.us15.list-manage.com%2Funsubscribe%3Fu%3Dfc12c592c7906c401ea96e6b5%26id%3D83198f0bc9|title:Newsletter%20Abmelden||&#8220; btn_align=&#8220;ubtn-right&#8220; btn_size=&#8220;ubtn-custom&#8220; btn_width=&#8220;200&#8243; btn_height=&#8220;50&#8243; btn_title_color=&#8220;rgba(255,255,255,0.75)&#8220; btn_bg_color=&#8220;rgba(30,115,190,0.75)&#8220; icon=&#8220;none&#8220; icon_size=&#8220;32&#8243; btn_icon_pos=&#8220;ubtn-sep-icon-at-right&#8220; btn_border_style=&#8220;inset&#8220; btn_color_border=&#8220;rgba(255,255,255,0.75)&#8220; btn_border_size=&#8220;2&#8243; btn_radius=&#8220;5&#8243; css_adv_btn=&#8220;.vc_custom_1533728737419{margin-top: 5px !important;margin-right: 2px !important;margin-bottom: 0px !important;margin-left: 4px !important;padding-top: 4px !important;padding-right: 10px !important;padding-bottom: 4px !important;padding-left: 10px !important;}&#8220;][vc_empty_space height=&#8220;500px&#8220;][\/vc_column][\/vc_row]<\/p>\n<\/div>","protected":false},"excerpt":{"rendered":"<p>[vc_row][vc_column][vc_column_text css=&#8220;.vc_custom_1556182447882{margin-top: 0px !important;margin-right: 4px !important;margin-bottom: 50px !important;margin-left: 4px !important;border-top-width: 4px !important;border-right-width: 4px !important;border-bottom-width: 4px !important;border-left-width: 4px !important;padding-top: 15px !important;padding-right: 10px !important;padding-bottom: 5px !important;padding-left: 10px !important;background-color: rgba(255,255,255,0.75) !important;*background-color: rgb(255,255,255) !important;border-left-color: #ffffff !important;border-left-style: ridge !important;border-right-color: #ffffff !important;border-right-style: ridge !important;border-top-color: #ffffff !important;border-top-style: ridge !important;border-bottom-color: #ffffff !important;border-bottom-style: ridge !important;border-radius: 5px !important;}&#8220;]Newsletter Wenn Sie sich in unsere Liste eintragen, [&hellip;]<\/p>\n","protected":false},"author":3,"featured_media":0,"parent":3497,"menu_order":0,"comment_status":"closed","ping_status":"closed","template":"","meta":{"_acf_changed":false,"footnotes":""},"class_list":["post-2854","page","type-page","status-publish","hentry"],"acf":[],"_links":{"self":[{"href":"https:\/\/sebastianmiga.de\/projekte\/meditationmuenchen\/wp-json\/wp\/v2\/pages\/2854","targetHints":{"allow":["GET"]}}],"collection":[{"href":"https:\/\/sebastianmiga.de\/projekte\/meditationmuenchen\/wp-json\/wp\/v2\/pages"}],"about":[{"href":"https:\/\/sebastianmiga.de\/projekte\/meditationmuenchen\/wp-json\/wp\/v2\/types\/page"}],"author":[{"embeddable":true,"href":"https:\/\/sebastianmiga.de\/projekte\/meditationmuenchen\/wp-json\/wp\/v2\/users\/3"}],"replies":[{"embeddable":true,"href":"https:\/\/sebastianmiga.de\/projekte\/meditationmuenchen\/wp-json\/wp\/v2\/comments?post=2854"}],"version-history":[{"count":121,"href":"https:\/\/sebastianmiga.de\/projekte\/meditationmuenchen\/wp-json\/wp\/v2\/pages\/2854\/revisions"}],"predecessor-version":[{"id":4778,"href":"https:\/\/sebastianmiga.de\/projekte\/meditationmuenchen\/wp-json\/wp\/v2\/pages\/2854\/revisions\/4778"}],"up":[{"embeddable":true,"href":"https:\/\/sebastianmiga.de\/projekte\/meditationmuenchen\/wp-json\/wp\/v2\/pages\/3497"}],"wp:attachment":[{"href":"https:\/\/sebastianmiga.de\/projekte\/meditationmuenchen\/wp-json\/wp\/v2\/media?parent=2854"}],"curies":[{"name":"wp","href":"https:\/\/api.w.org\/{rel}","templated":true}]}}