{"id":3222,"date":"2018-02-13T19:28:03","date_gmt":"2018-02-13T18:28:03","guid":{"rendered":"http:\/\/meditationmuenchen.ecommerce-trend.de\/?page_id=3222"},"modified":"2019-04-28T18:09:22","modified_gmt":"2019-04-28T16:09:22","slug":"hilfe-2","status":"publish","type":"page","link":"https:\/\/sebastianmiga.de\/projekte\/meditationmuenchen\/weiteres\/hilfe-2\/","title":{"rendered":"Hilfe"},"content":{"rendered":"<div class=\"wpb-content-wrapper\"><p>[vc_row][vc_column][vc_column_text css=&#8220;.vc_custom_1555942608036{margin-top: 0px !important;margin-right: 4px !important;margin-bottom: 0px !important;margin-left: 4px !important;border-top-width: 4px !important;border-right-width: 4px !important;border-bottom-width: 4px !important;border-left-width: 5px !important;padding-top: 15px !important;padding-right: 10px !important;padding-bottom: 5px !important;padding-left: 10px !important;background-color: rgba(255,255,255,0.75) !important;*background-color: rgb(255,255,255) !important;border-left-color: #ffffff !important;border-left-style: ridge !important;border-right-color: #ffffff !important;border-right-style: ridge !important;border-top-color: #ffffff !important;border-top-style: ridge !important;border-bottom-color: #ffffff !important;border-bottom-style: ridge !important;border-radius: 5px !important;}&#8220;]<span style=\"font-size: 17px;\"><strong><span style=\"font-size: 34px;\">W<\/span>ie gehts weiter?<\/strong><\/span><br \/>\n<span style=\"font-size: 17px;\">Waren Sie schon einmal in unseren Programmen? Wir sind uns bewusst, dass Sahaja Yoga etwas sehr Gegens\u00e4tzliches ist zu Ihren bisherigen Erfahrungen. Auf \u00fcbliche K\u00f6rperstellungen, Atem\u00fcbungen (Postures, Pranayama) wird nicht gro\u00dfe Bedeutung gelegt, jedoch auf Meditation und Reinigungs-\u00dcbungen mit \u201eeigenartigen Bewegungen\u201c. Bisher gings um den K\u00f6rper jetzt um Bewusstsein und Aufmerksamkeit. Einerseits gibt es viel zu wissen, andererseits hei\u00dft es wieder, man sollte loslassen und spontan bleiben. Was denn jetzt, um was gehts eigentlich \u2026 ?<\/span><\/p>\n<p><span style=\"font-size: 17px;\"><strong>Anfangsh\u00fcrde<\/strong><\/span><br \/>\n<span style=\"font-size: 17px;\">Wir wissen, dies ist eine Anfangsh\u00fcrde. Sie ist leicht \u00fcberwindbar, wenn Sie erstmals die segensreiche Wirkung der Kundalini k\u00f6rperlich erfahren haben. Wenn nicht so deutlich, geben Sie uns ein klein wenig Vertrauensvorschuss und kommen wieder. Es besteht auch immer die M\u00f6glichkeit nach den Programmen mit den Yogis, die schon l\u00e4ngere Zeit Sahaja Yoga praktizieren, ein pers\u00f6nliches Gespr\u00e4ch zu f\u00fchren oder sich sog. Vibrationen geben zu lassen, wodurch Sie intensiv das Wirken der Kundalini an Ihren Chakren und Gunas sp\u00fcren. Dies geschieht durch die Manifestations-Kraft der H\u00e4nde, die sowohl diagnostisch als auch therapeutisch wirken.\u00a0 Auch dies ist Folge der Kundalini-Aktivit\u00e4t, die sie auch bei sich entwickeln k\u00f6nnen. Sie k\u00f6nnen buchst\u00e4blich damit experimentieren an sich, Familie oder Freunde, die Sie auch ohne weiteres mitbringen d\u00fcrfen. Unsere Programme in M\u00fcnchen und bayrischen Raum sehen Sie nochmal hier.<\/span><\/p>\n<p><span style=\"font-size: 17px;\"><strong>Pers\u00f6nlicher Kontak<\/strong>t<\/span><br \/>\n<span style=\"font-size: 17px;\">Wir versuchen in den Programmen neben dem Vortragenden, immer auch erfahrene Yogis dabei zu haben, die Ihnen dann mit Wort und Tat, theoretisch und praktisch weiterhelfen k\u00f6nnen. Bei Sprachproblemen, gibt es ein englisches Programm am Dienstag und ein internationales Programm am Freitag. Wenn Englisch nicht ausreicht, gibt es die M\u00f6glichkeit evtl. Yogis zu kontaktieren, die Ihre Muttersprache sprechen. Die M\u00f6glichkeit dazu ist eher am Freitag-Programm gegeben, oder \u00fcber das allgegenw\u00e4rtige Mobil-Telefon. In M\u00fcnchen gibt es Yogis aus Brasilien, Bulgarien, Frankreich, Italien, Indien, Nepal, T\u00fcrkei, Slowakei, Russland. <a href=\"https:\/\/sebastianmiga.de\/projekte\/meditationmuenchen\/wp-content\/uploads\/2018\/02\/PrgVerantw.pdf\">Hier finden Sie die Kontaktdaten der derzeitigen Programm-Verantwortlichen<\/a>, die Ihnen zum richtigen Ansprechpartner weiterhelfen und den Sie auch sonst jederzeit ansprechen k\u00f6nnen.<\/span><\/p>\n<p><span style=\"font-size: 17px;\"><strong>Internationale Pr\u00e4senz<\/strong><\/span><br \/>\n<span style=\"font-size: 17px;\">Noch aufschlu\u00dfreicher w\u00e4re, sich einen Eindruck zu verschaffen von der Begr\u00fcnderin von Sahaja Yoga, Shri Matji Nirmala Devi. Ihre Reden finden Sie komplett oder Ausz\u00fcge davon auf allen gro\u00dfen Plattformen. Ansonsten recherchieren Sie im Internet. sehen sie sich internationale Web-Pages an, zB. ausgehend von\u00a0<a href=\"http:\/\/www.sahajayoga.org\/worldwidecontacts\">www.sahajayoga.org\/worldwidecontacts.<\/a><\/span><\/p>\n<p><span style=\"font-size: 17px;\"><a href=\"https:\/\/sebastianmiga.de\/projekte\/meditationmuenchen\/weiteres\/\">Zur\u00fcck zum Hauptmenue<\/a><\/span>[\/vc_column_text][\/vc_column][\/vc_row]<\/p>\n<\/div>","protected":false},"excerpt":{"rendered":"<p>[vc_row][vc_column][vc_column_text css=&#8220;.vc_custom_1555942608036{margin-top: 0px !important;margin-right: 4px !important;margin-bottom: 0px !important;margin-left: 4px !important;border-top-width: 4px !important;border-right-width: 4px !important;border-bottom-width: 4px !important;border-left-width: 5px !important;padding-top: 15px !important;padding-right: 10px !important;padding-bottom: 5px !important;padding-left: 10px !important;background-color: rgba(255,255,255,0.75) !important;*background-color: rgb(255,255,255) !important;border-left-color: #ffffff !important;border-left-style: ridge !important;border-right-color: #ffffff !important;border-right-style: ridge !important;border-top-color: #ffffff !important;border-top-style: ridge !important;border-bottom-color: #ffffff !important;border-bottom-style: ridge !important;border-radius: 5px !important;}&#8220;]Wie gehts weiter? Waren Sie schon einmal in [&hellip;]<\/p>\n","protected":false},"author":3,"featured_media":0,"parent":1851,"menu_order":0,"comment_status":"closed","ping_status":"closed","template":"","meta":{"_acf_changed":false,"footnotes":""},"class_list":["post-3222","page","type-page","status-publish","hentry"],"acf":[],"_links":{"self":[{"href":"https:\/\/sebastianmiga.de\/projekte\/meditationmuenchen\/wp-json\/wp\/v2\/pages\/3222","targetHints":{"allow":["GET"]}}],"collection":[{"href":"https:\/\/sebastianmiga.de\/projekte\/meditationmuenchen\/wp-json\/wp\/v2\/pages"}],"about":[{"href":"https:\/\/sebastianmiga.de\/projekte\/meditationmuenchen\/wp-json\/wp\/v2\/types\/page"}],"author":[{"embeddable":true,"href":"https:\/\/sebastianmiga.de\/projekte\/meditationmuenchen\/wp-json\/wp\/v2\/users\/3"}],"replies":[{"embeddable":true,"href":"https:\/\/sebastianmiga.de\/projekte\/meditationmuenchen\/wp-json\/wp\/v2\/comments?post=3222"}],"version-history":[{"count":16,"href":"https:\/\/sebastianmiga.de\/projekte\/meditationmuenchen\/wp-json\/wp\/v2\/pages\/3222\/revisions"}],"predecessor-version":[{"id":4730,"href":"https:\/\/sebastianmiga.de\/projekte\/meditationmuenchen\/wp-json\/wp\/v2\/pages\/3222\/revisions\/4730"}],"up":[{"embeddable":true,"href":"https:\/\/sebastianmiga.de\/projekte\/meditationmuenchen\/wp-json\/wp\/v2\/pages\/1851"}],"wp:attachment":[{"href":"https:\/\/sebastianmiga.de\/projekte\/meditationmuenchen\/wp-json\/wp\/v2\/media?parent=3222"}],"curies":[{"name":"wp","href":"https:\/\/api.w.org\/{rel}","templated":true}]}}