{"id":3497,"date":"2018-03-13T14:29:08","date_gmt":"2018-03-13T13:29:08","guid":{"rendered":"https:\/\/sebastianmiga.de\/projekte\/meditationmuenchen\/?page_id=3497"},"modified":"2025-06-19T11:04:31","modified_gmt":"2025-06-19T09:04:31","slug":"aktuelles-newsletter","status":"publish","type":"page","link":"https:\/\/sebastianmiga.de\/projekte\/meditationmuenchen\/aktuelles-newsletter\/","title":{"rendered":"Aktuelles &#038; Newsletter"},"content":{"rendered":"<div class=\"wpb-content-wrapper\"><p>[vc_row][vc_column][vc_column_text css=&#8220;.vc_custom_1750323865330{margin-top: 0px !important;margin-right: 4px !important;margin-bottom: 0px !important;margin-left: 4px !important;border-top-width: 4px !important;border-right-width: 4px !important;border-bottom-width: 4px !important;border-left-width: 4px !important;padding-top: 5px !important;padding-right: 10px !important;padding-bottom: 5px !important;padding-left: 10px !important;background-color: rgba(255,255,255,0.75) !important;*background-color: rgb(255,255,255) !important;border-left-color: #ffffff !important;border-left-style: ridge !important;border-right-color: #ffffff !important;border-right-style: ridge !important;border-top-color: #ffffff !important;border-top-style: ridge !important;border-bottom-color: #ffffff !important;border-bottom-style: ridge !important;border-radius: 5px !important;}&#8220;]<\/p>\n<h2 style=\"text-align: center;\"><strong><span style=\"font-size: 18px;\">Neben unseren regul\u00e4ren Sahaja Yoga Meditations Programmen Di. Do. Fr. (Sa.) nehmen wir auch teil an \u00f6ffentlichen Veranstaltungen. Details zu regul\u00e4ren und Sonderveranstaltungen <a href=\"https:\/\/sebastianmiga.de\/projekte\/meditationmuenchen\/wp-content\/uploads\/2025\/06\/Sahaja-Yoga-Newsletter-05-2025-1.html\">finden Sie\u00a0 im Newsletter<\/a><\/span><\/strong><\/h2>\n<h4 style=\"text-align: center;\">Wieder dabei am<\/h4>\n<h2 style=\"text-align: center;\">21. Juni Internationaler Yogatag<\/h2>\n<p><img loading=\"lazy\" decoding=\"async\" class=\"wp-image-5928 aligncenter\" src=\"https:\/\/sebastianmiga.de\/projekte\/meditationmuenchen\/wp-content\/uploads\/2025\/06\/Yogaday25t.jpg\" alt=\"\" width=\"354\" height=\"492\" \/><\/p>\n<h2><\/h2>\n<h2 style=\"text-align: center;\"><a href=\"https:\/\/www.buergerfest-regensburg.de\/?ort=Medizin%2CParken%2CWC%2CInfo%2CFahrrad%2CPlatz\">21. bis 22. Juni B\u00fcrgerfest in Regensburg<\/a><\/h2>\n<h2 style=\"text-align: center;\"><a href=\"https:\/\/zamanand.de\/\">26 bis 27. Juli &#8222;Zamanand Festival M\u00fcnchen<\/a><\/h2>\n<h2 style=\"text-align: center;\"><\/h2>\n<h3><\/h3>\n<h3><\/h3>\n<h3><\/h3>\n<h4 style=\"text-align: center;\"><\/h4>\n<h3><\/h3>\n<h3 style=\"text-align: center;\"><\/h3>\n<h3 style=\"text-align: center;\"><\/h3>\n<h4 style=\"text-align: center;\"><\/h4>\n<h4><\/h4>\n<h4><\/h4>\n<h4 style=\"text-align: center;\"><\/h4>\n<h3><\/h3>\n<h3 style=\"text-align: center;\">Zum Leitartikel\u00a0von Thorsten Schmitz<br \/>\nin der SZ vom 13. September 2024<\/h3>\n<h3 style=\"text-align: center;\"><strong>\u201cMeditation &#8211; \u00dcber Risiken und Nebenwirkungen<\/strong><br \/>\n<strong>\u201cMeditation gilt als Allheilmittel gegen Stress, Konzentrationsschw\u00e4chen, Burn-out.<\/strong><br \/>\n<strong>Manchmal kann die Technik jedoch das Gegenteil von dem bewirken, was sie soll:<\/strong><br \/>\n<strong>nicht heilen, sondern krank machen.\u201c\u2026<\/strong><\/h3>\n<h4 style=\"text-align: center;\"><a href=\"https:\/\/sebastianmiga.de\/projekte\/meditationmuenchen\/wp-content\/uploads\/2024\/10\/3SZ-Antwort.pdf\"><strong>Unsere Antwort finden sie hier:<\/strong> <\/a><\/h4>\n<h4 style=\"text-align: center;\">(Aus Copyrightgr\u00fcnden kann der Originaltext leider<br \/>\nhier nicht gezeigt werden, kann aber beim SZ-Verlag<br \/>\nin M\u00fcnchen eingesehen werden)<\/h4>\n<h1 style=\"text-align: center;\"><span style=\"font-size: 40px; color: #ff00ff;\"><strong>\u00a0<\/strong><\/span><\/h1>\n<h3 style=\"text-align: center;\"><\/h3>\n<h3 style=\"text-align: center;\"><\/h3>\n<p>&nbsp;<\/p>\n<p>&nbsp;<\/p>\n<p style=\"text-align: center;\"><span style=\"font-size: 20px;\"><span style=\"color: #008080;\"><strong>Tel.: 0049-89-333629\u00a0 \u00a0oder\u00a0 \u00a00049 -176-94169665\u00a0<\/strong><\/span><\/span><\/p>\n<div><\/div>\n<p>&nbsp;<\/p>\n<p>&nbsp;<\/p>\n<p>&nbsp;<\/p>\n<p style=\"text-align: center;\"><span style=\"color: #ff0000;\"><strong><span style=\"font-size: 20px;\"><img loading=\"lazy\" decoding=\"async\" class=\" wp-image-4999 aligncenter\" src=\"https:\/\/sebastianmiga.de\/projekte\/meditationmuenchen\/wp-content\/uploads\/2019\/10\/GusSpeth-300x204.jpg\" alt=\"\" width=\"557\" height=\"379\" \/><\/span><\/strong><\/span><\/p>\n<p>&nbsp;<\/p>\n<div dir=\"ltr\"><\/div>\n<div dir=\"ltr\"><\/div>\n<div dir=\"ltr\" style=\"text-align: center;\"><a href=\"https:\/\/sebastianmiga.de\/projekte\/meditationmuenchen\/wp-content\/uploads\/2020\/12\/Philosophie-und-Leadership.html\"><span style=\"font-size: 20px;\"><strong>Um Obiges zu vertiefen, lesen Sie bitte auch hier:<\/strong><\/span><\/a><\/div>\n<div dir=\"ltr\"><\/div>\n<div dir=\"ltr\" style=\"font-weight: 400; text-align: center;\"><\/div>\n<div dir=\"ltr\"><\/div>\n<div dir=\"ltr\"><\/div>\n<div dir=\"ltr\"><\/div>\n<div dir=\"ltr\"><\/div>\n<div dir=\"ltr\"><\/div>\n<div dir=\"ltr\"><\/div>\n<div dir=\"ltr\"><\/div>\n<div dir=\"ltr\" style=\"font-weight: 400;\"><\/div>\n<div dir=\"ltr\"><\/div>\n<p>[\/vc_column_text][\/vc_column][\/vc_row]<\/p>\n<\/div>","protected":false},"excerpt":{"rendered":"<p>[vc_row][vc_column][vc_column_text css=&#8220;.vc_custom_1750323865330{margin-top: 0px !important;margin-right: 4px !important;margin-bottom: 0px !important;margin-left: 4px !important;border-top-width: 4px !important;border-right-width: 4px !important;border-bottom-width: 4px !important;border-left-width: 4px !important;padding-top: 5px !important;padding-right: 10px !important;padding-bottom: 5px !important;padding-left: 10px !important;background-color: rgba(255,255,255,0.75) !important;*background-color: rgb(255,255,255) !important;border-left-color: #ffffff !important;border-left-style: ridge !important;border-right-color: #ffffff !important;border-right-style: ridge !important;border-top-color: #ffffff !important;border-top-style: ridge !important;border-bottom-color: #ffffff !important;border-bottom-style: ridge !important;border-radius: 5px !important;}&#8220;] Neben unseren regul\u00e4ren Sahaja Yoga Meditations Programmen [&hellip;]<\/p>\n","protected":false},"author":3,"featured_media":0,"parent":0,"menu_order":0,"comment_status":"closed","ping_status":"closed","template":"","meta":{"_acf_changed":false,"footnotes":""},"class_list":["post-3497","page","type-page","status-publish","hentry"],"acf":[],"_links":{"self":[{"href":"https:\/\/sebastianmiga.de\/projekte\/meditationmuenchen\/wp-json\/wp\/v2\/pages\/3497","targetHints":{"allow":["GET"]}}],"collection":[{"href":"https:\/\/sebastianmiga.de\/projekte\/meditationmuenchen\/wp-json\/wp\/v2\/pages"}],"about":[{"href":"https:\/\/sebastianmiga.de\/projekte\/meditationmuenchen\/wp-json\/wp\/v2\/types\/page"}],"author":[{"embeddable":true,"href":"https:\/\/sebastianmiga.de\/projekte\/meditationmuenchen\/wp-json\/wp\/v2\/users\/3"}],"replies":[{"embeddable":true,"href":"https:\/\/sebastianmiga.de\/projekte\/meditationmuenchen\/wp-json\/wp\/v2\/comments?post=3497"}],"version-history":[{"count":611,"href":"https:\/\/sebastianmiga.de\/projekte\/meditationmuenchen\/wp-json\/wp\/v2\/pages\/3497\/revisions"}],"predecessor-version":[{"id":5938,"href":"https:\/\/sebastianmiga.de\/projekte\/meditationmuenchen\/wp-json\/wp\/v2\/pages\/3497\/revisions\/5938"}],"wp:attachment":[{"href":"https:\/\/sebastianmiga.de\/projekte\/meditationmuenchen\/wp-json\/wp\/v2\/media?parent=3497"}],"curies":[{"name":"wp","href":"https:\/\/api.w.org\/{rel}","templated":true}]}}