{"id":3603,"date":"2018-03-15T14:00:59","date_gmt":"2018-03-15T13:00:59","guid":{"rendered":"https:\/\/sebastianmiga.de\/projekte\/meditationmuenchen\/?page_id=3603"},"modified":"2019-04-28T18:09:57","modified_gmt":"2019-04-28T16:09:57","slug":"linkliste","status":"publish","type":"page","link":"https:\/\/sebastianmiga.de\/projekte\/meditationmuenchen\/weiteres\/linkliste\/","title":{"rendered":"Linkliste"},"content":{"rendered":"<div class=\"wpb-content-wrapper\"><p>[vc_row][vc_column][vc_column_text css=&#8220;.vc_custom_1555942892264{margin-top: 0px !important;margin-right: 4px !important;margin-bottom: 0px !important;margin-left: 4px !important;border-top-width: 4px !important;border-right-width: 4px !important;border-bottom-width: 4px !important;border-left-width: 4px !important;padding-top: 15px !important;padding-right: 10px !important;padding-bottom: 5px !important;padding-left: 10px !important;background-color: rgba(255,255,255,0.75) !important;*background-color: rgb(255,255,255) !important;border-left-color: #ffffff !important;border-left-style: ridge !important;border-right-color: #ffffff !important;border-right-style: ridge !important;border-top-color: #ffffff !important;border-top-style: ridge !important;border-bottom-color: #ffffff !important;border-bottom-style: ridge !important;border-radius: 5px !important;}&#8220;]<strong><span style=\"font-size: 17px;\"><span style=\"font-size: 34px;\">D<\/span>ie einzige Wahrheit die ich kenne, ist meine eigene Erfahrung.<\/span><\/strong><br \/>\n<span style=\"font-size: 17px;\">Diese Liste ist Ausdruck der transformierenden Kraft der Kundalini auf die Gesellschaft, in der Abfolge erkenne Dich selbst \u2013 erkenne die Welt.\u00a0 Diese Erfahrung ist ein liebevoller ganzheitlicher Proze\u00df von K\u00f6rper, Intellekt und Emotion angesto\u00dfen von der Kundalinikraft \u2013 ihr Ziel, in uns das Verborgene (Atma) zu offenbaren. Es ist nichts anderes als der g\u00f6ttliche Kern, umgeben mit der Schale der Illusion von Verschiedenheit und Individualit\u00e4t. Kultur ist der Niederschlag der kreativen und forschenden Kraft des Menschen, die seine Entwicklung kollektiv f\u00f6rdern oder hemmen kann. Letztlich ist Kultur nichts anderes als der Gradmesser kollektiven Menschseins. Die folgenden Links enthalten verschiedenste Ans\u00e4tze dazu.<\/span><\/p>\n<p><span style=\"font-size: 17px;\">Dies ist ein Versuch nationale und internationale Links von bzw. relevant zu Sahaja Yoga aufzulisten. Da alles im Flu\u00df ist, kann keine Garantie f\u00fcr Inhalte, Aktualit\u00e4t und Funktionalit\u00e4t gegeben werden.<\/span><\/p>\n<table>\n<tbody>\n<tr>\n<td width=\"167\"><a href=\"http:\/\/freemeditation.ca\/\">Free meditation<\/a><\/p>\n<p>&nbsp;<\/td>\n<td width=\"123\"><a href=\"http:\/\/www.sahaja-yoga-experiences.com\/\">Sahaja Yoga Experiences<\/a><\/p>\n<p>&nbsp;<\/td>\n<td width=\"157\"><a href=\"http:\/\/sahajayogais.wordpress.com\/\">Sahaja Yoga is\u2026<\/a><\/p>\n<p>&nbsp;<\/td>\n<td width=\"157\"><a href=\"http:\/\/www.sahaja-yoga-sites.org\/all-website-links\">Sahaja Yoga Global Websites<\/a><\/p>\n<p>&nbsp;<\/td>\n<\/tr>\n<tr>\n<td width=\"167\"><a href=\"http:\/\/janan.eu\/english\/\">East meets West<\/a><\/p>\n<p>&nbsp;<\/td>\n<td width=\"123\"><a href=\"http:\/\/www.sol.com.au\/kor\/\">Knowledge of reality<\/a><\/p>\n<p>&nbsp;<\/td>\n<td width=\"157\"><a href=\"http:\/\/www.researchingmeditation.org\/\">Meditation research<\/a><\/p>\n<p>&nbsp;<\/td>\n<td width=\"157\"><a href=\"http:\/\/www.sahaja-yoga-experiences.com\/\">Sahaja Yoga experiences with Shri Mataji<\/a><\/p>\n<p>&nbsp;<\/td>\n<\/tr>\n<tr>\n<td width=\"167\"><a href=\"http:\/\/sahajameditation.wordpress.com\/\">Sahajameditation<\/a><\/p>\n<p>&nbsp;<\/td>\n<td width=\"123\"><a href=\"http:\/\/www.sahajayoga.at\/shrimataji\/page4\/page4.html\">Memories of an extraordinary Mother<\/a><\/p>\n<p>&nbsp;<\/td>\n<td width=\"157\"><a href=\"http:\/\/www.sahajayoga.com.au\/index.php\">sy australia<\/a><\/p>\n<p>&nbsp;<\/td>\n<td width=\"157\"><a href=\"http:\/\/photopoetry.wordpress.com\/\">Photopoetry<\/a><\/p>\n<p>&nbsp;<\/td>\n<\/tr>\n<tr>\n<td width=\"167\"><a href=\"http:\/\/www.sahajayogawa.com\/flash\/charlie-1.swf\">Get your self-realisation!<\/a><\/p>\n<p>&nbsp;<\/td>\n<td width=\"123\"><a href=\"http:\/\/prophecies21.blogspot.com\/\">prophecies<\/a><\/p>\n<p>&nbsp;<\/td>\n<td width=\"157\"><a href=\"http:\/\/frauenpower.wordpress.com\/\">Frauen Power<\/a><\/p>\n<p>&nbsp;<\/td>\n<td width=\"157\"><a href=\"http:\/\/www.meditationresearch.co.uk\/index.html\">Meditation research UK<\/a><\/p>\n<p>&nbsp;<\/td>\n<\/tr>\n<tr>\n<td width=\"167\"><a href=\"http:\/\/historye.blogspot.com\/\">History Enlightened<\/a><\/p>\n<p>&nbsp;<\/td>\n<td width=\"123\"><a href=\"http:\/\/www.sahaj-az.blogspot.com\/\">sahaj A-Z<\/a><\/p>\n<p>&nbsp;<\/td>\n<td width=\"157\"><a href=\"http:\/\/sahajayogalive.wordpress.com\/\">\u0421\u0430\u0445\u0430\u0434\u0436\u0430 \u0419\u043e\u0433\u0430.Live<\/a><\/p>\n<p>&nbsp;<\/td>\n<td width=\"157\"><a href=\"http:\/\/sitemaker.umich.edu\/sahajayoga\/references\">Papers, Publication &amp; Media Specific to Sahaja Meditation<\/a><\/p>\n<p>&nbsp;<\/td>\n<\/tr>\n<tr>\n<td width=\"167\"><a href=\"http:\/\/littleganeshas.wordpress.com\/\">Childrens`s land<\/a><\/p>\n<p>&nbsp;<\/td>\n<td width=\"123\"><a href=\"http:\/\/russianwomen.wordpress.com\/\">Russian women<\/a><\/p>\n<p>&nbsp;<\/td>\n<td width=\"157\"><a href=\"http:\/\/mysticsaint.blogspot.com\/\">Inspiration<\/a><\/p>\n<p>&nbsp;<\/td>\n<td width=\"157\"><a href=\"http:\/\/www.sahajayoga.org.uk\/\">Sahaja Yoga<\/a><\/p>\n<p>&nbsp;<\/td>\n<\/tr>\n<tr>\n<td width=\"167\"><a href=\"http:\/\/www.evolutionary-learning.org\/index.html\">CEL<\/a><\/p>\n<p>&nbsp;<\/td>\n<td width=\"123\"><a href=\"http:\/\/1000loves.wordpress.com\/\">I LOVE. photoblog<\/a><\/p>\n<p>&nbsp;<\/td>\n<td width=\"157\"><a href=\"http:\/\/radhagarima.wordpress.com\/\">radha in hong kong<\/a><\/p>\n<p>&nbsp;<\/td>\n<td width=\"157\"><a href=\"http:\/\/www.sahajayogaradio.org\/\">Sahaja Yoga Radio<\/a><\/p>\n<p>&nbsp;<\/td>\n<\/tr>\n<tr>\n<td width=\"167\"><a href=\"http:\/\/www.sahaja-yoga-sites.org\/\">Sahaja Yoga Sites<\/a><\/p>\n<p>&nbsp;<\/td>\n<td width=\"123\"><a href=\"http:\/\/russianwomenspeak.wordpress.com\/\">Russian Women Speak<\/a><\/p>\n<p>&nbsp;<\/td>\n<td width=\"157\"><a href=\"http:\/\/leelajesus.wordpress.com\/\">Leela \u2013 the game of life<\/a><\/p>\n<p>&nbsp;<\/td>\n<td width=\"157\"><a href=\"http:\/\/www.sahajayogavideo.com\/\">Sahaja Yoga Videos<\/a><\/p>\n<p>&nbsp;<\/td>\n<\/tr>\n<tr>\n<td width=\"167\"><a href=\"http:\/\/womanpower.wordpress.com\/\">\u0436\u0435\u043d\u0441\u043a\u0430\u044f \u0441\u0438\u043b\u0430<\/a><\/p>\n<p>&nbsp;<\/td>\n<td width=\"123\"><a href=\"http:\/\/nirmalamagazine.wordpress.com\/\">Nirmala Magazine<\/a><\/p>\n<p>&nbsp;<\/td>\n<td width=\"157\"><a href=\"http:\/\/sahajayoga16.wordpress.com\/\">Sahajayoga16<\/a><\/p>\n<p>&nbsp;<\/td>\n<td width=\"157\"><a href=\"http:\/\/shaktipower.wordpress.com\/\">ShaktiPower<\/a><\/p>\n<p>&nbsp;<\/td>\n<\/tr>\n<tr>\n<td width=\"167\"><a href=\"http:\/\/midasik.livejournal.com\/\">S\u043b\u0430\u0434\u043a\u0430\u044f \u0436\u0438\u0437\u043d\u044c.<\/a><\/p>\n<p>&nbsp;<\/td>\n<td width=\"123\"><a href=\"http:\/\/edword.wordpress.com\/\">Self-Help<\/a><\/p>\n<p>&nbsp;<\/td>\n<td width=\"157\"><a href=\"http:\/\/wordandimage.wordpress.com\/\">word and image<\/a><\/p>\n<p>&nbsp;<\/td>\n<td width=\"157\"><a href=\"http:\/\/clubprincess.wordpress.com\/\">Club \u041f\u0440\u0438\u043d\u0446\u0435\u0441\u0441<\/a><\/p>\n<p>&nbsp;<\/td>\n<\/tr>\n<tr>\n<td width=\"167\"><a href=\"http:\/\/purespirit.wordpress.com\/\">\u041f\u0443\u0442\u044c \u0421\u0435\u0440\u0434\u0446\u0430<\/a><\/p>\n<p>&nbsp;<\/td>\n<td width=\"123\"><a href=\"http:\/\/writinglounge.blogspot.com\/\">Writing Lounge<\/a><\/p>\n<p>&nbsp;<\/td>\n<td width=\"157\"><a href=\"http:\/\/www.freewebs.com\/dharmavisionsy\/\">Dharmavision \u2013 best films<\/a><\/p>\n<p>&nbsp;<\/td>\n<td width=\"157\"><a href=\"http:\/\/nitawriter.wordpress.com\/\">India update \u2013 Nita Writer<\/a><\/p>\n<p>&nbsp;<\/td>\n<\/tr>\n<tr>\n<td width=\"167\"><a href=\"http:\/\/www.sahaja-yoga.org.au\/\">Sahaja Yoga Essentials<\/a><\/p>\n<p>&nbsp;<\/td>\n<td width=\"123\"><a href=\"http:\/\/sahajayogafotos.wordpress.com\/\">Sahaj Photo Blog<\/a><\/p>\n<p>&nbsp;<\/td>\n<td width=\"157\"><\/td>\n<td width=\"157\"><\/td>\n<\/tr>\n<\/tbody>\n<\/table>\n<p>&nbsp;<\/p>\n<p><a href=\"https:\/\/sebastianmiga.de\/projekte\/meditationmuenchen\/weiteres\/\">Zur\u00fcck zum Hauptmenue<\/a>[\/vc_column_text][\/vc_column][\/vc_row]<\/p>\n<\/div>","protected":false},"excerpt":{"rendered":"<p>[vc_row][vc_column][vc_column_text css=&#8220;.vc_custom_1555942892264{margin-top: 0px !important;margin-right: 4px !important;margin-bottom: 0px !important;margin-left: 4px !important;border-top-width: 4px !important;border-right-width: 4px !important;border-bottom-width: 4px !important;border-left-width: 4px !important;padding-top: 15px !important;padding-right: 10px !important;padding-bottom: 5px !important;padding-left: 10px !important;background-color: rgba(255,255,255,0.75) !important;*background-color: rgb(255,255,255) !important;border-left-color: #ffffff !important;border-left-style: ridge !important;border-right-color: #ffffff !important;border-right-style: ridge !important;border-top-color: #ffffff !important;border-top-style: ridge !important;border-bottom-color: #ffffff !important;border-bottom-style: ridge !important;border-radius: 5px !important;}&#8220;]Die einzige Wahrheit die ich kenne, ist meine [&hellip;]<\/p>\n","protected":false},"author":3,"featured_media":0,"parent":1851,"menu_order":0,"comment_status":"closed","ping_status":"closed","template":"","meta":{"_acf_changed":false,"footnotes":""},"class_list":["post-3603","page","type-page","status-publish","hentry"],"acf":[],"_links":{"self":[{"href":"https:\/\/sebastianmiga.de\/projekte\/meditationmuenchen\/wp-json\/wp\/v2\/pages\/3603","targetHints":{"allow":["GET"]}}],"collection":[{"href":"https:\/\/sebastianmiga.de\/projekte\/meditationmuenchen\/wp-json\/wp\/v2\/pages"}],"about":[{"href":"https:\/\/sebastianmiga.de\/projekte\/meditationmuenchen\/wp-json\/wp\/v2\/types\/page"}],"author":[{"embeddable":true,"href":"https:\/\/sebastianmiga.de\/projekte\/meditationmuenchen\/wp-json\/wp\/v2\/users\/3"}],"replies":[{"embeddable":true,"href":"https:\/\/sebastianmiga.de\/projekte\/meditationmuenchen\/wp-json\/wp\/v2\/comments?post=3603"}],"version-history":[{"count":14,"href":"https:\/\/sebastianmiga.de\/projekte\/meditationmuenchen\/wp-json\/wp\/v2\/pages\/3603\/revisions"}],"predecessor-version":[{"id":4731,"href":"https:\/\/sebastianmiga.de\/projekte\/meditationmuenchen\/wp-json\/wp\/v2\/pages\/3603\/revisions\/4731"}],"up":[{"embeddable":true,"href":"https:\/\/sebastianmiga.de\/projekte\/meditationmuenchen\/wp-json\/wp\/v2\/pages\/1851"}],"wp:attachment":[{"href":"https:\/\/sebastianmiga.de\/projekte\/meditationmuenchen\/wp-json\/wp\/v2\/media?parent=3603"}],"curies":[{"name":"wp","href":"https:\/\/api.w.org\/{rel}","templated":true}]}}