{"id":3716,"date":"2018-04-11T19:09:22","date_gmt":"2018-04-11T17:09:22","guid":{"rendered":"https:\/\/sebastianmiga.de\/projekte\/meditationmuenchen\/?page_id=3716"},"modified":"2019-04-23T13:44:23","modified_gmt":"2019-04-23T11:44:23","slug":"spiegel-2","status":"publish","type":"page","link":"https:\/\/sebastianmiga.de\/projekte\/meditationmuenchen\/spiegel-2\/","title":{"rendered":"Spiegel"},"content":{"rendered":"<div class=\"wpb-content-wrapper\"><p>[vc_row][vc_column][vc_column_text css=&#8220;.vc_custom_1556019856496{margin-top: 0px !important;margin-right: 4px !important;margin-bottom: 0px !important;margin-left: 4px !important;border-top-width: 4px !important;border-right-width: 4px !important;border-bottom-width: 4px !important;border-left-width: 4px !important;padding-top: 15px !important;padding-right: 10px !important;padding-bottom: 5px !important;padding-left: 10px !important;background-color: rgba(255,255,255,0.75) !important;*background-color: rgb(255,255,255) !important;border-left-color: #ffffff !important;border-left-style: ridge !important;border-right-color: #ffffff !important;border-right-style: ridge !important;border-top-color: #ffffff !important;border-top-style: ridge !important;border-bottom-color: #ffffff !important;border-bottom-style: ridge !important;border-radius: 5px !important;}&#8220;]<span style=\"font-size: 18px;\"><strong><span style=\"font-size: 34px;\">D<\/span>er Spiegel<\/strong><\/span><br \/>\n<span style=\"font-size: 18px;\">Shri Mataji beschreibt das Atma als Reflektion des H\u00f6chsten (Paramatma). Zur Reflektion wird ein Spiegel ben\u00f6tigt. Die Anstrengungen der Kundalini geb\u00fchren insbesonders der Entwicklung des Bewu\u00dftseins seines Tr\u00e4gers. Die Beseitigung, L\u00f6sung von Blockaden und die Balancierung der Aspekte des feinstofflichen Systems, entspricht der Schaffung eines Spiegels, indem sich das H\u00f6chste reflektieren kann Der Spiegel bedarf einer ebenen glatten Fl\u00e4che, entsprechend einem h\u00f6heren Erkenntnis-Verm\u00f6gen menschlichen Bewu\u00dftseins. Leblose Materie ist dazu nicht f\u00e4hig. Die Art der Widerspiegelung wiederum ist abh\u00e4ngig von der G\u00fcte und Reinheit des Spiegels. Damit das Atma dauerhaft erstrahlt, mu\u00df der Spiegel laufend \u201cgeputzt\u201c werden.<\/span><\/p>\n<p><span style=\"font-size: 18px;\"><strong>Blockaden<\/strong><\/span><br \/>\n<span style=\"font-size: 18px;\">Als offenes System werden wir unabl\u00e4ssig von au\u00dfen, sowie unseren eigenen individuellen Schw\u00e4chen tangiert. Unser Spiegel wird matt. Unsere Chakren haben Blockaden, weil wir bewu\u00dft oder unbewu\u00dft gegen deren Grundprinzipien leben. Die Reflektion wird schwach oder verschwindet ganz. Die Kundalini hilft dabei \u2013 geduldig wieder und wieder \u2013 den Spiegel zu reinigen. Dies tut sie allerdings nur, solange wir ernsthaft genug sind in unserem Bestreben zu wachsen. Festzuhalten ist, da\u00df die Kundalini sowohl Sch\u00f6pfer des Spiegels ist, als auch die Instanz, die den Spiegel erh\u00e4lt und immer wieder geduldig putzt.<\/span><\/p>\n<p><span style=\"font-size: 18px;\"><strong>Unser Wunsch<\/strong><\/span><br \/>\n<span style=\"font-size: 18px;\">Dies tut sie zeitlebens, solange unser Wunsch aufrichtig unserer Entwicklung gilt. Sinken wir wieder zur\u00fcck in eine materialistische Grundhaltung, stellt sie ihre Unterst\u00fctzung ein. Es ist ein Wachstumsprozess: Die erstmalige Aktivierung dieser Kraft ist Initialz\u00fcndung, der jetzt eigenes Bem\u00fchen folgen mu\u00df \u2013 nicht in blinder Ritualistik \u2013 sondern dem Wunsch nach positiver Erfahrung und innerer Reifung. Daf\u00fcr existiert eine Vielzahl frei verf\u00fcgbarer Reinigungs-\u00dcbungen, Mantras, Gebete und Lieder, die auch im Internet gefunden werden k\u00f6nnen. Inbrunst und Kreativit\u00e4t spielen dabei die weit wichtigere Rolle, als mechanische Wiederholung.<\/span><\/p>\n<p><span style=\"font-size: 18px;\"><strong>\u00dcbung der Aufmerksamkeit<\/strong><\/span><br \/>\n<span style=\"font-size: 18px;\">Trotzdem \u2013 Disziplin und Praxis sind wichtig, denn sie f\u00fchren zu positiver Konditionierung. Wo liegen unsere Interessen, sind wir Spielball all der Verlockungen? Auf was richtet sich unsere Aufmerksamkeit? Springt sie umher wie ein wildgewordener Affe, oder ist sie fokussiert. Nur so kann sich Sicherheit in der Bewertung der eigenen Erfahrungen etablieren und spirituelles Wachstum stattfinden. Erst wenn das Gedanken-Karusell zum Stehen kommt \u2013 Stille einkehrt \u2013 kann sich das verborgene Licht des Atmas zeigen. Dies ist der wahre und einzige Grund, warum die Natur diesen neurologischen Modus der Meditation \u00fcberhaupt schuf.<\/span><\/p>\n<p><span style=\"font-size: 18px;\"><strong>Nicht zweckfrei<\/strong><\/span><br \/>\n<span style=\"font-size: 18px;\">Damit ist Meditation definiert als Gedankenfreiheit. Nicht Selbstzweck, ist sie unverzichtbares Vehikel der H\u00f6herentwicklung des Bewusstseins. Sowie Bewegung die Muskeln trainiert, trainiert Meditation sowohl unser \u201eBewusstes-Sein\u201c als auch den Fokus seiner Aufmerksamkeit. Wird das H\u00f6chste angestrebt, wird auch alles andere, das diesen Prozess beeinflusst, sich positiv entwickeln, wie Gesundheit, Schlaf, Konzentration, Ged\u00e4chtnis, Famili\u00e4res, Beruf etc. Es ist kein neuer Trend oder Hype, sondern ein gesamtheitlicher, nachhaltiger Prozess, der unser Leben in eine neue Bahn lenkt.<\/span><\/p>\n<p><span style=\"font-size: 18px;\"><strong>Geistige \u00d6kologie<\/strong><\/span><br \/>\n<span style=\"font-size: 18px;\">Wahrheit erh\u00e4lt in diesem Kontext eine neue Definition: Alles ist wahr, was unsere Evolution f\u00f6rdert, falsch, was diese bremst oder blockiert. Es ist dabei gleichg\u00fcltig ob es sich um Verhaltensformen\/Trends, Literatur, Audio, Video, Spiele handelt. Hier schlie\u00dft sich der Kreis. Wir vergiften unsere Umwelt nicht nur auf materieller Ebene, sondern ebenso auf spiritueller Ebene; die Verschlackung findet innerhalb und au\u00dferhalb statt. Nahrung wie auch geistige Kost, beide bed\u00fcrfen der Verdauung und haben Auswirkungen. Schlechte Ern\u00e4hrung findet also nicht nur k\u00f6rperlich statt, sondern auch durch schleichende Vergiftung des Bewusstseins auf der Ebene des Feinstofflichen (dem Chakra-System). Die Idee der \u00d6kologie entstammt der Ratio materieller Begrenztheit oder Endlichkeit (1972 Club of Rome Report: \u201cLimits of Growth\u201c), basierend auf Modell-Annahmen, Algorithmen und Vorhersagen, die mehr oder weniger der Realit\u00e4t entsprechen. Das dahinter stehende materialistische Wertesystem wurde jedoch nicht grunds\u00e4tzlich angezweifelt. Philosophische, spirituelle Erkenntnisse haben kaum Eingang gefunden in Politik und Wirtschaft, dabei ist es geblieben, bis heute.<\/span><\/p>\n<p><span style=\"font-size: 18px;\"><strong>Theorie und Praxis<\/strong><\/span><br \/>\n<span style=\"font-size: 18px;\">Ein Letztes: Alles l\u00e4\u00dft sich behaupten, meist penetranter, wenn es viel kostet. Bleiben Sie skeptisch, denn Papier \u2013 auch Bildschirm \u2013 sind geduldig, dies gilt auch f\u00fcr Sahaja Yoga. Immer angebracht ist die Urstrategie \u201eVersuch und Irrtum\u201c (Trial and Error), was bedeutet, dass Theorie und Praxis sich in unserem Wachstum st\u00e4ndig wechselseitig best\u00e4tigen m\u00fcssen. Blinder Glaube ist bequem, kann in der heutigen Zeit aber keine Option sein, Jahrhunderte hat er uns in die Irre gef\u00fchrt und Millionen Leben gekostet. Immer hilfreich ist es deshalb, um die Logik und gro\u00dfen Zusammenh\u00e4nge zu wissen. In unseren Links, k\u00f6nnen sie zahlreiche weitere Vorteile und Begr\u00fcndungen zu echter Meditation nachlesen \u2013 auch aus der Forschung.<\/span><\/p>\n<p style=\"text-align: left;\"><span style=\"font-size: 18px;\"><a href=\"https:\/\/sebastianmiga.de\/projekte\/meditationmuenchen\/warum-meditieren#Reife\">zur\u00fcck<\/a><\/p>\n<p><\/span><span style=\"font-size: 18px;\"><a href=\"https:\/\/sebastianmiga.de\/projekte\/meditationmuenchen\/warum-meditieren\/\">zur\u00fcck zum Hauptmenue<\/a><\/span><\/p>\n<p>[\/vc_column_text][\/vc_column][\/vc_row]<\/p>\n<\/div>","protected":false},"excerpt":{"rendered":"<p>[vc_row][vc_column][vc_column_text css=&#8220;.vc_custom_1556019856496{margin-top: 0px !important;margin-right: 4px !important;margin-bottom: 0px !important;margin-left: 4px !important;border-top-width: 4px !important;border-right-width: 4px !important;border-bottom-width: 4px !important;border-left-width: 4px !important;padding-top: 15px !important;padding-right: 10px !important;padding-bottom: 5px !important;padding-left: 10px !important;background-color: rgba(255,255,255,0.75) !important;*background-color: rgb(255,255,255) !important;border-left-color: #ffffff !important;border-left-style: ridge !important;border-right-color: #ffffff !important;border-right-style: ridge !important;border-top-color: #ffffff !important;border-top-style: ridge !important;border-bottom-color: #ffffff !important;border-bottom-style: ridge !important;border-radius: 5px !important;}&#8220;]Der Spiegel Shri Mataji beschreibt das Atma als [&hellip;]<\/p>\n","protected":false},"author":3,"featured_media":0,"parent":0,"menu_order":0,"comment_status":"closed","ping_status":"closed","template":"","meta":{"_acf_changed":false,"footnotes":""},"class_list":["post-3716","page","type-page","status-publish","hentry"],"acf":[],"_links":{"self":[{"href":"https:\/\/sebastianmiga.de\/projekte\/meditationmuenchen\/wp-json\/wp\/v2\/pages\/3716","targetHints":{"allow":["GET"]}}],"collection":[{"href":"https:\/\/sebastianmiga.de\/projekte\/meditationmuenchen\/wp-json\/wp\/v2\/pages"}],"about":[{"href":"https:\/\/sebastianmiga.de\/projekte\/meditationmuenchen\/wp-json\/wp\/v2\/types\/page"}],"author":[{"embeddable":true,"href":"https:\/\/sebastianmiga.de\/projekte\/meditationmuenchen\/wp-json\/wp\/v2\/users\/3"}],"replies":[{"embeddable":true,"href":"https:\/\/sebastianmiga.de\/projekte\/meditationmuenchen\/wp-json\/wp\/v2\/comments?post=3716"}],"version-history":[{"count":14,"href":"https:\/\/sebastianmiga.de\/projekte\/meditationmuenchen\/wp-json\/wp\/v2\/pages\/3716\/revisions"}],"predecessor-version":[{"id":4759,"href":"https:\/\/sebastianmiga.de\/projekte\/meditationmuenchen\/wp-json\/wp\/v2\/pages\/3716\/revisions\/4759"}],"wp:attachment":[{"href":"https:\/\/sebastianmiga.de\/projekte\/meditationmuenchen\/wp-json\/wp\/v2\/media?parent=3716"}],"curies":[{"name":"wp","href":"https:\/\/api.w.org\/{rel}","templated":true}]}}