{"id":4238,"date":"2018-09-07T18:18:08","date_gmt":"2018-09-07T16:18:08","guid":{"rendered":"https:\/\/sebastianmiga.de\/projekte\/meditationmuenchen\/?page_id=4238"},"modified":"2019-04-28T17:46:42","modified_gmt":"2019-04-28T15:46:42","slug":"selbstverwirklichung-mit-sm","status":"publish","type":"page","link":"https:\/\/sebastianmiga.de\/projekte\/meditationmuenchen\/wie-meditieren\/selbstverwirklichung-mit-sm\/","title":{"rendered":"Selbstverwirklichung mit SM"},"content":{"rendered":"<div class=\"wpb-content-wrapper\"><p>[vc_row][vc_column][vc_column_text css=&#8220;.vc_custom_1555939948789{margin-top: 0px !important;margin-right: 4px !important;margin-bottom: 0px !important;margin-left: 4px !important;border-top-width: 4px !important;border-right-width: 4px !important;border-bottom-width: 4px !important;border-left-width: 4px !important;padding-top: 15px !important;padding-right: 10px !important;padding-bottom: 5px !important;padding-left: 10px !important;background-color: rgba(255,255,255,0.75) !important;*background-color: rgb(255,255,255) !important;border-left-color: #ffffff !important;border-left-style: ridge !important;border-right-color: #ffffff !important;border-right-style: ridge !important;border-top-color: #ffffff !important;border-top-style: ridge !important;border-bottom-color: #ffffff !important;border-bottom-style: ridge !important;border-radius: 5px !important;}&#8220;]<span style=\"font-size: 17px;\"><strong><span style=\"font-size: 34px;\">S<\/span>imple Wahrheit<br \/>\n<\/strong>Die Bedeutung von Sahaja Yoga kann besser verstanden werden, wenn wir das Wort Sahaja in seine Bestandteile zerlegen \u201cSaha\u201c bedeutet \u201cMit\u201c und \u201cJa\u201c bedeutet geboren. Yoga hei\u00dft so viel wie Union oder Technik. Sahaja Yoga verweist also darauf, dass die Technik sich weiterzuentwickeln, jedem von uns angeboren ist. Genauso wie wir ohne Anstrengung mit H\u00e4nden und F\u00fc\u00dfen und menschlichem Bewusstsein auf die Welt kommen, so werden wir f\u00fcr die spontane Vereinigung mit dem G\u00f6ttlichen geboren, die uns gleicherma\u00dfen m\u00fchelos begegnet. Viele k\u00f6nnen sich mit dieser Wahrheit nur schwer anfreunden. Doch Sahaja Yoga ist ein evolution\u00e4rer Prozess, der nicht durch menschliche Anstrengungen gemacht werden kann, da er das wirkende Leben selbst ist. Sofern Selbstverwirklichung die Identifikation mit sich selbst bedeutet, kann auch noch so viel menschliches Streben sie nicht erreichen. Sogar ein winziges Staubkorn oder der Himalaya existieren einfach nur, falls sie existieren. F\u00fcr Pflanze und Tiere ist das selbstverst\u00e4ndlich, sie leben einfach nur, ohne sich zu bem\u00fchen sie selbst zu sein. Der Evolutionsprozess ist das Werk von Mutter Natur und sie vollbringt ihn ohne menschliche Hilfe oder Intelligenz. Nur das menschliche Ego erlaubt nicht, diese simple Wahrheit zu akzeptieren.<\/span><\/p>\n<p><span style=\"font-size: 17px;\"><strong>Ein Analogon<\/strong><\/span><br \/>\n<span style=\"font-size: 17px;\">Gott erschafft seine Sch\u00f6pfung mithilfe kreativer und destruktiver Kr\u00e4fte. Sie sind wie Stift und Radiergummi in der Hand eines K\u00fcnstlers. Durch den Einsatz dieser Kr\u00e4fte erschafft er letztlich den Menschen. Obwohl trivial doch treffend ist das Analogon eines Fahrsch\u00fclers. Gaspedal und Bremse sind die beiden Komponenten mit denen er als erstes konfrontiert wird. Wie jeder Beginner, begeht er jede Menge Fehler. Doch eines Tages hat er die Kunst des Autofahrens gemeistert und die g\u00f6ttliche Anleitung \u00fcberl\u00e4sst dem Menschen das Fahrzeug. Von dieser hohen Warte aus, beobachtet der qualifizierte Fahrer, der selbst-verwirklichte Mensch, die Wirkung von Bremse und Gaspedal, die dann zum festen Bestandteil seines Wesens werden. Nicht erw\u00e4hnt<\/span><span style=\"font-size: 17px;\">\u00a0wurde allerdings, <\/span><span style=\"font-size: 17px;\">was Demut und Respekt\u00a0<\/span><span style=\"font-size: 17px;\">ausdr\u00fccken, n\u00e4mlich \u00fcberhaupt\u00a0<\/span><span style=\"font-size: 17px;\">Sch\u00fcler sein zu wollen.<\/span><\/p>\n<p><span style=\"font-size: 17px;\"><strong>Probieren geht \u00fcber Studieren<br \/>\n<\/strong>Auch das ist eine einfache Wahrheit, die sich seit Jahrtausenden beweist, denn es ist die Urstrategie der Evolution, die optimale L\u00f6sung zu finden. Will man Fernsehen und dazu einen guten Kuchen genie\u00dfen, hilft es nicht, erst die Details der Technik oder des Rezepts zu wissen. Etwas flapsig gesagt: Einschalten und den L\u00f6ffel schwingen, zeigen dann was Sache ist. <a href=\"https:\/\/www.youtube.com\/watch?v=g4IEFlwuvOU&amp;list=PL4837850DE9322E4C&amp;index=22\">Probieren Sie hier unter Anleitung von Shri Mataji die Meditation zur Selbstverwirklichung.<\/a> Es ist die erstmalige Erhebung der Kundalini die uns zum Atma unserem wahren Selbst bringen wird. Nur Sie vermag dies, denn nur deshalb wurde sie erschaffen.<\/span><\/p>\n<p><span style=\"font-size: 17px;\"><a href=\"https:\/\/sebastianmiga.de\/projekte\/meditationmuenchen\/wie-meditieren\/\">Zur\u00fcck zum Hauptmenue<\/a><\/span>[\/vc_column_text][\/vc_column][\/vc_row][vc_row][vc_column][vc_empty_space height=&#8220;75&#8243;][\/vc_column][\/vc_row]<\/p>\n<\/div>","protected":false},"excerpt":{"rendered":"<p>[vc_row][vc_column][vc_column_text css=&#8220;.vc_custom_1555939948789{margin-top: 0px !important;margin-right: 4px !important;margin-bottom: 0px !important;margin-left: 4px !important;border-top-width: 4px !important;border-right-width: 4px !important;border-bottom-width: 4px !important;border-left-width: 4px !important;padding-top: 15px !important;padding-right: 10px !important;padding-bottom: 5px !important;padding-left: 10px !important;background-color: rgba(255,255,255,0.75) !important;*background-color: rgb(255,255,255) !important;border-left-color: #ffffff !important;border-left-style: ridge !important;border-right-color: #ffffff !important;border-right-style: ridge !important;border-top-color: #ffffff !important;border-top-style: ridge !important;border-bottom-color: #ffffff !important;border-bottom-style: ridge !important;border-radius: 5px !important;}&#8220;]Simple Wahrheit Die Bedeutung von Sahaja Yoga kann [&hellip;]<\/p>\n","protected":false},"author":3,"featured_media":0,"parent":628,"menu_order":0,"comment_status":"closed","ping_status":"closed","template":"","meta":{"_acf_changed":false,"footnotes":""},"class_list":["post-4238","page","type-page","status-publish","hentry"],"acf":[],"_links":{"self":[{"href":"https:\/\/sebastianmiga.de\/projekte\/meditationmuenchen\/wp-json\/wp\/v2\/pages\/4238","targetHints":{"allow":["GET"]}}],"collection":[{"href":"https:\/\/sebastianmiga.de\/projekte\/meditationmuenchen\/wp-json\/wp\/v2\/pages"}],"about":[{"href":"https:\/\/sebastianmiga.de\/projekte\/meditationmuenchen\/wp-json\/wp\/v2\/types\/page"}],"author":[{"embeddable":true,"href":"https:\/\/sebastianmiga.de\/projekte\/meditationmuenchen\/wp-json\/wp\/v2\/users\/3"}],"replies":[{"embeddable":true,"href":"https:\/\/sebastianmiga.de\/projekte\/meditationmuenchen\/wp-json\/wp\/v2\/comments?post=4238"}],"version-history":[{"count":20,"href":"https:\/\/sebastianmiga.de\/projekte\/meditationmuenchen\/wp-json\/wp\/v2\/pages\/4238\/revisions"}],"predecessor-version":[{"id":4704,"href":"https:\/\/sebastianmiga.de\/projekte\/meditationmuenchen\/wp-json\/wp\/v2\/pages\/4238\/revisions\/4704"}],"up":[{"embeddable":true,"href":"https:\/\/sebastianmiga.de\/projekte\/meditationmuenchen\/wp-json\/wp\/v2\/pages\/628"}],"wp:attachment":[{"href":"https:\/\/sebastianmiga.de\/projekte\/meditationmuenchen\/wp-json\/wp\/v2\/media?parent=4238"}],"curies":[{"name":"wp","href":"https:\/\/api.w.org\/{rel}","templated":true}]}}