{"id":4519,"date":"2019-02-25T15:36:56","date_gmt":"2019-02-25T14:36:56","guid":{"rendered":"https:\/\/sebastianmiga.de\/projekte\/meditationmuenchen\/?page_id=4519"},"modified":"2019-06-19T11:02:49","modified_gmt":"2019-06-19T09:02:49","slug":"meditation-versus-yoga","status":"publish","type":"page","link":"https:\/\/sebastianmiga.de\/projekte\/meditationmuenchen\/warum-meditieren\/meditation-versus-yoga\/","title":{"rendered":"Meditation versus Yoga"},"content":{"rendered":"<div class=\"wpb-content-wrapper\"><p>[vc_row][vc_column][vc_column_text css=&#8220;.vc_custom_1560934953797{margin-top: 0px !important;margin-right: 4px !important;margin-bottom: 0px !important;margin-left: 4px !important;border-top-width: 4px !important;border-right-width: 4px !important;border-bottom-width: 4px !important;border-left-width: 4px !important;padding-top: 15px !important;padding-right: 10px !important;padding-bottom: 5px !important;padding-left: 10px !important;background-color: rgba(255,255,255,0.75) !important;*background-color: rgb(255,255,255) !important;border-left-color: rgba(255,255,255,0.75) !important;border-left-style: ridge !important;border-right-color: rgba(255,255,255,0.75) !important;border-right-style: ridge !important;border-top-color: rgba(255,255,255,0.75) !important;border-top-style: ridge !important;border-bottom-color: rgba(255,255,255,0.75) !important;border-bottom-style: ridge !important;border-radius: 5px !important;}&#8220;]<span style=\"font-size: 17px;\"><strong><span style=\"font-size: 34px;\">v<\/span>erkleidungen<\/strong><br \/>\nVielleicht \u00fcberraschend &#8211; Yoga und Religion meinen eigentlich das Gleiche &#8222;Die R\u00fcckverbindung&#8220;.\u00a0 Wohin? Gemeint ist, unsere Herkunft ist einzigartig aber nicht einmalig. Einzigartig im Sinne eines spirituellen Ursprungs, der sich in der Evolution immer neu &#8222;verkleidet&#8220;. Ja &#8211; , wir waren oftmals hier in unterschiedlichsten Rollen. Irgendwann f\u00e4llt die Maske und das Urspr\u00fcngliche tritt wieder zu Tage. Ohne\u00a0Meditation kann sich\u00a0die R\u00fcckverbindung nicht etablieren und endet in der Sackgasse unserer Egozentrik. Unsinn\u00a0ist es demnach Yoga und Meditation gegen\u00fcber zu stellen. Leider geschieht dies laufend. Kommerzialisiert, werden zusammengeh\u00f6rige Begriffe einfach eigenst\u00e4ndig oder sogar konkurrierend dargestellt.\u00a0Diese Trivialisierung ereilt viele klassische Disziplinen<\/span><span style=\"font-size: 17px;\">.\u00a0Jetzt ist Meditation an der Reihe &#8211; verspricht den Menschen zum Super-Human zu machen, ihn anzupassen an den Rat-Race.\u00a0Wie soll es da gelingen, etwas H\u00f6heres zu erreichen, mit\u00a0\u00a0blinden Ritualen,\u00a0kleinem Denken in Teilwahrheiten und Toleranz f\u00fcr Alles und Jedes.\u00a0Mit Sicherheit l\u00e4sst sich das Spirituelle nicht kaufen, organisieren und reglementieren. Nur sich selbst zu hinterfragen wird diesem Anspruch gerecht. Uralt zwar, ist die Aussage &#8222;Erkenne Dich, erkenne die Welt!&#8220; zeitlos g\u00fcltige Logik, auch wenn der Mainstream das Gegenteil lebt.\u00a0Nicht nur individuell sondern kollektiv, kann dann die Umpolung von Au\u00dfen zu Innen auch in der Welt\u00a0Gro\u00dfes bewirken.\u00a0<\/span><\/p>\n<p><span style=\"font-size: 17px;\"><strong>Reset<\/strong><br \/>\n<\/span><span style=\"font-size: 17px;\">Die Reise nach innen ist zwar der beschworene &#8222;Weg&#8220;. Zumeist bleiben wir jedoch in den Vorbereitungen stecken. Um das Ziel zu erreichen, ist es sinnlos den Koffer zu packen, den Motor zu starten, um dann stehen zu bleiben. Denn was sich jetzt in den Weg stellt, sind Ego und Gewohnheiten (Konditionierungen). Ein echtes Problem, denn beide wollen das Ruder nicht aus der Hand geben.\u00a0<\/span><span style=\"font-size: 17px;\">Das Gedanken-Karussell beginnt zu kreisen.<\/span><span style=\"font-size: 17px;\">\u00a0Gedanken abzuwehren oder kontrollieren zu wollen, sind nur wieder Gedanken,wie immer man es anstellen will. Es bedarf also einer Methode, Gedanken generell Einhalt zu gebieten. <\/span><span style=\"font-size: 17px;\">Sahaja-Yoga-Meditation tut genau dies, sie vermittelt\u00a0<\/span><span style=\"font-size: 17px;\">Gedanken-Stille,\u00a0<\/span><span style=\"font-size: 17px;\">in der das System einen &#8222;Reset&#8220; startet.<\/span><span style=\"font-size: 17px;\">\u00a0\u00c4u\u00dfere Handlungen in Achtsamkeit und Symbol-Bedeutung (Rituale, Yoga-Postures, Pranayamas, Mudras) bleiben nur Vorbereitung. Sie sollen entspannen, balancieren und die Aufmerksamkeit sammeln f\u00fcr die Reise nach Innen. Meditation selbst\u00a0ist die Kern-Disziplin der Innenschau (Introspektion) ohne die es nicht geht: Falsches von Wahrem zu scheiden, Eingestehen von Fortschritt oder R\u00fcckschritt\u00a0<\/span><span style=\"font-size: 17px;\">sind existentielle Phasen dieser Reise. Solches Erkennen ist kein mentales sondern intuitives Erkennen, das aus der Stille aufsteigt. Man nennt es Kontemplation und f\u00fchrt zu dem, was Yoga eigentlich will, den Menschen zu transformieren.<\/span><\/p>\n<p><strong><span style=\"font-size: 17px;\">Psychohygiene<br \/>\n<\/span><\/strong><span style=\"font-size: 17px;\">Unsere Identit\u00e4t beziehen wir fast ausschlie\u00dflich aus der Zweiheit von EGO und Konditionierungen (Super-EGO). Sie beide sind es, die im Wach-Bewusstsein das Gedanken-Karussell am Laufen halten. Es zu bremsen scheitert, da\u00a0<\/span><span style=\"font-size: 17px;\">sich\u00a0<\/span><span style=\"font-size: 17px;\">st\u00e4ndig neue\u00a0<\/span><span style=\"font-size: 17px;\">Gedanken regen. Wie sch\u00f6n w\u00e4re da ein Hauptschalter. Man br\u00e4uchte einen Zufluchtsort vor peinigenden Gedanken,\u00a0<\/span><span style=\"font-size: 17px;\">egal welcher Natur oder\u00a0<\/span><span style=\"font-size: 17px;\">F\u00e4rbung. Diese Art Psycho-Hygiene ist nicht nur ratsam, sondern von der Natur vorgesehen, gibt sie uns doch Auszeit, Kr\u00e4fte zu sammeln, Hoffnung zu sch\u00f6pfen und Intuition f\u00fcr Neues. Die gute Nachricht: Der Hauptschalter existiert. Die Schlechte: Leider ist es ein Anderer als wir erwarten. Nicht Wollen-Machen sondern nur Ehrfurcht und Demut bet\u00e4tigen Ihn.<\/span><\/p>\n<p><span style=\"font-size: 17px;\"><strong>Subtile Sicht<\/strong><\/span><br \/>\n<span style=\"font-size: 17px;\">Das G\u00f6ttliche verschlie\u00dft sich menschlicher Ratio. Es steht dar\u00fcber, denn es hat sie erfunden. Das H\u00f6chste k\u00f6nnen wir nicht denken oder wollen, weil es selbst den Antrieb zu Erkenntnis schafft. Als Ziel der Evolution musste trotzdem die M\u00f6glichkeit geschaffen werden, sich anzun\u00e4hern &#8211; das G\u00f6ttliche zumindest zu erahnen. Damit sich das Undenkbare offenbaren kann, wird der Zustand der Gedankenstille physiologisch von der Kundalini-Kraft bewirkt. Das ist echte Meditation und auch ihr Sinn und Zweck.<\/span><\/p>\n<p><span style=\"font-size: 17px;\"><a href=\"https:\/\/sebastianmiga.de\/projekte\/meditationmuenchen\/warum-meditieren\/\">Zur\u00fcck zum Hauptmenue<\/a><\/span>[\/vc_column_text][\/vc_column][\/vc_row]<\/p>\n<\/div>","protected":false},"excerpt":{"rendered":"<p>[vc_row][vc_column][vc_column_text css=&#8220;.vc_custom_1560934953797{margin-top: 0px !important;margin-right: 4px !important;margin-bottom: 0px !important;margin-left: 4px !important;border-top-width: 4px !important;border-right-width: 4px !important;border-bottom-width: 4px !important;border-left-width: 4px !important;padding-top: 15px !important;padding-right: 10px !important;padding-bottom: 5px !important;padding-left: 10px !important;background-color: rgba(255,255,255,0.75) !important;*background-color: rgb(255,255,255) !important;border-left-color: rgba(255,255,255,0.75) !important;border-left-style: ridge !important;border-right-color: rgba(255,255,255,0.75) !important;border-right-style: ridge !important;border-top-color: rgba(255,255,255,0.75) !important;border-top-style: ridge !important;border-bottom-color: rgba(255,255,255,0.75) !important;border-bottom-style: ridge !important;border-radius: 5px !important;}&#8220;]verkleidungen Vielleicht \u00fcberraschend &#8211; Yoga und Religion meinen [&hellip;]<\/p>\n","protected":false},"author":3,"featured_media":0,"parent":641,"menu_order":0,"comment_status":"closed","ping_status":"closed","template":"","meta":{"_acf_changed":false,"footnotes":""},"class_list":["post-4519","page","type-page","status-publish","hentry"],"acf":[],"_links":{"self":[{"href":"https:\/\/sebastianmiga.de\/projekte\/meditationmuenchen\/wp-json\/wp\/v2\/pages\/4519","targetHints":{"allow":["GET"]}}],"collection":[{"href":"https:\/\/sebastianmiga.de\/projekte\/meditationmuenchen\/wp-json\/wp\/v2\/pages"}],"about":[{"href":"https:\/\/sebastianmiga.de\/projekte\/meditationmuenchen\/wp-json\/wp\/v2\/types\/page"}],"author":[{"embeddable":true,"href":"https:\/\/sebastianmiga.de\/projekte\/meditationmuenchen\/wp-json\/wp\/v2\/users\/3"}],"replies":[{"embeddable":true,"href":"https:\/\/sebastianmiga.de\/projekte\/meditationmuenchen\/wp-json\/wp\/v2\/comments?post=4519"}],"version-history":[{"count":54,"href":"https:\/\/sebastianmiga.de\/projekte\/meditationmuenchen\/wp-json\/wp\/v2\/pages\/4519\/revisions"}],"predecessor-version":[{"id":4880,"href":"https:\/\/sebastianmiga.de\/projekte\/meditationmuenchen\/wp-json\/wp\/v2\/pages\/4519\/revisions\/4880"}],"up":[{"embeddable":true,"href":"https:\/\/sebastianmiga.de\/projekte\/meditationmuenchen\/wp-json\/wp\/v2\/pages\/641"}],"wp:attachment":[{"href":"https:\/\/sebastianmiga.de\/projekte\/meditationmuenchen\/wp-json\/wp\/v2\/media?parent=4519"}],"curies":[{"name":"wp","href":"https:\/\/api.w.org\/{rel}","templated":true}]}}