{"id":641,"date":"2017-07-27T10:54:27","date_gmt":"2017-07-27T08:54:27","guid":{"rendered":"http:\/\/meditationmuenchen.ecommerce-trend.de\/?page_id=641"},"modified":"2023-02-22T17:56:31","modified_gmt":"2023-02-22T16:56:31","slug":"warum-meditieren","status":"publish","type":"page","link":"https:\/\/sebastianmiga.de\/projekte\/meditationmuenchen\/warum-meditieren\/","title":{"rendered":"Warum meditieren"},"content":{"rendered":"<div class=\"wpb-content-wrapper\"><p>[vc_row full_height=&#8220;yes&#8220; remove_border=&#8220;yes&#8220;][vc_column][vc_column_text css=&#8220;.vc_custom_1555944130432{margin-top: 0px !important;margin-right: 4px !important;margin-bottom: 0px !important;margin-left: 4px !important;border-top-width: 4px !important;border-right-width: 4px !important;border-bottom-width: 4px !important;border-left-width: 4px !important;padding-top: 15px !important;padding-right: 10px !important;padding-bottom: 5px !important;padding-left: 10px !important;background-color: rgba(255,255,255,0.75) !important;*background-color: rgb(255,255,255) !important;border-left-color: #ffffff !important;border-left-style: ridge !important;border-right-color: #ffffff !important;border-right-style: ridge !important;border-top-color: #ffffff !important;border-top-style: ridge !important;border-bottom-color: #ffffff !important;border-bottom-style: ridge !important;border-radius: 5px !important;}&#8220;]<span style=\"font-size: 18px;\"><strong><span style=\"font-size: 34px;\">W<\/span>ozu<br \/>\n<\/strong>\u00fcberhaupt etwas wissen \u00fcber Meditation, man sitzt doch nur da? Wenn Sie das Folgende zu &#8222;schlau und hochgestochen&#8220; empfinden und zun\u00e4chst nur weltliche Ambitionen haben &#8211; auch dann sollten Sie Meditation versuchen &#8211; <a href=\"https:\/\/sebastianmiga.de\/projekte\/meditationmuenchen\/wp-content\/uploads\/2017\/09\/EinfRealis.pdf\">mit diesem Schnelleinstieg<\/a>. Probieren geht \u00fcber Studieren. Erfahrung lehrt: Wenn es gut tut, will man mehr und\u00a0die Anspr\u00fcche steigen.\u00a0Tun sie einen ersten Schritt!<\/span><\/p>\n<p><span style=\"font-size: 18px;\"><strong>Unterscheidung<\/strong><\/span><br \/>\n<span style=\"font-size: 18px;\">Abzugrenzen ist von Achtsamkeits- und Meditations-Techniken, die beabsichtigen mittels mentaler Vorstellungen, Wunschbilder oder Zielsetzungen in uns zu implantieren. Damit sind wir weiterhin gefangen in der grauen Normalit\u00e4t des Machens und Bestimmens, der wir eigentlich entfliehen wollten. Wenn also Meditation, dann das Original \u2013 Meditation in Gedankenstille. Sie ist die erprobte Jahrtausende alte Disziplin.\u00a0<a href=\"https:\/\/sebastianmiga.de\/projekte\/meditationmuenchen\/wp-content\/uploads\/2017\/11\/Qualitaet.pdf\">Mehr zu Unterscheidung finden Sie hier:<\/a><\/span><\/p>\n<p><span style=\"font-size: 18px;\"><span style=\"color: #000000;\"><b>Eingebaute L\u00f6sung<br \/>\n<\/b><\/span>Menschlichkeit dr\u00fcckt sich aus, als \u00dcbergang von Gebundenheit zu spiritueller Freiheit. Die freie Entscheidung hebt uns hervor im Guten wie Schlechten.\u00a0Pflanzen- wie Tierwelt sind gebunden an ihre &#8222;Maryadas&#8220;, was die festen Grenzen ihrer Spezies meint. Auch Materie reagiert nach ihren Maryadas, ihren naturgesetzlichen Abl\u00e4ufen. Es dr\u00e4ngt sich der Begriff des \u201cBeharrungs-Verm\u00f6gens\u201c des Materiellen auf, dem Widerstand gegen Bewegung oder Ver\u00e4nderung. Sei es ein Gegenstand, ein Individuum oder eine soziale Gruppe, es ist die gleiche Erscheinung. K\u00f6rper und Bewusstsein in Wechselwirkung bilden die Spannungsebene auf der Ver\u00e4nderung stattfindet im Hier und Jetzt. Da es diesen \u00e4u\u00dfert schwer oder gar nicht zu kontrollierenden physiologischen Mechanismus gibt, hat die Vorsehung eine Kraft vorweg genommen, die dies in die Hand nimmt. Die Kundalini. Sie kann das, weil sie als Kraft der Evolution den Mechanismus selbst erschaffen hat. Sie ist die eingebaute L\u00f6sung des Problems.\u00a0L\u00fcgenbaron\u00a0M\u00fcnchhausen,\u00a0der sich selbst am Haarschopf aus den Sumpf zieht und die Saga der &#8222;Tausend Wege nach Rom&#8220; bauchpinseln nur das Ego &#8211; denn es sucht Selbstbest\u00e4tigung ohne Unterlass.\u00a0Der\u00a0entscheidende\u00a0Unterschied: Die Kundalini\u00a0agiert\u00a0aus eigener Machtvollkommenheit. In keinster Weise dem menschlichen Wollen unterstellt, reagiert sie, wenn\u00a0Demut einkehrt und die\u00a0&#8222;Gro\u00dfartigkeit&#8220; des Ego pausiert. Sie ist eine spiralige Kraft, die aus stetiger Erfahrung\u00a0 einen Apex an Bewu\u00dftsein anstrebt (siehe unten William Blakes Vision).<\/span><\/p>\n<p><span style=\"font-size: 18px;\"><img decoding=\"async\" class=\"aligncenter\" src=\"https:\/\/sebastianmiga.de\/projekte\/meditationmuenchen\/wp-content\/uploads\/2018\/07\/BlakeSpiral.jpg\" alt=\"Spirale der Entwicklung\" \/><\/span><\/p>\n<p><span style=\"color: #000000; font-size: 18px;\"><strong>Reifezeit<\/strong><\/span><br \/>\n<span style=\"color: #000000; font-size: 18px;\">Dazu Shri Mataji: \u201cDiese alles durchdringende Kraft ist von einer Heiligkeit, die beseitigt, korrigiert, f\u00fchrt, koordiniert, die liebt und alles f\u00fcr euch organisiert. Man mu\u00df also verstehen, da\u00df die Kundalini-Erweckung das Wichtigste ist, was einem geschehen kann. Die Erweckung der Kundalini ist der einzige Weg, euer Selbst (auch Spirit, Atma oder Shiva-Tatwa genannt) kennenzulernen. Dies ist das wichtigste Ereignis der Sch\u00f6pfungsgeschichte. Es ist, wie wenn man einen Garten vorbereitet; man pflanzt die B\u00e4ume, die B\u00e4ume bekommen Bl\u00fcten und jetzt ist die Zeit gekommen, da\u00df die Fr\u00fcchte reifen. Es ist das Bedeutenste und es mu\u00df geschehen. Jeder, der die Wahrheit sucht, wird das erkennen.\u201c<\/span><\/p>\n<p style=\"text-align: center;\"><span style=\"font-size: 18px;\"><a href=\"https:\/\/sebastianmiga.de\/projekte\/meditationmuenchen\/spiegel-2\/\">weiterlesen<\/a> <a id=\"Reife\"><\/a><\/span><\/p>\n<p>[\/vc_column_text][\/vc_column][\/vc_row]<\/p>\n<\/div>","protected":false},"excerpt":{"rendered":"<p>[vc_row full_height=&#8220;yes&#8220; remove_border=&#8220;yes&#8220;][vc_column][vc_column_text css=&#8220;.vc_custom_1555944130432{margin-top: 0px !important;margin-right: 4px !important;margin-bottom: 0px !important;margin-left: 4px !important;border-top-width: 4px !important;border-right-width: 4px !important;border-bottom-width: 4px !important;border-left-width: 4px !important;padding-top: 15px !important;padding-right: 10px !important;padding-bottom: 5px !important;padding-left: 10px !important;background-color: rgba(255,255,255,0.75) !important;*background-color: rgb(255,255,255) !important;border-left-color: #ffffff !important;border-left-style: ridge !important;border-right-color: #ffffff !important;border-right-style: ridge !important;border-top-color: #ffffff !important;border-top-style: ridge !important;border-bottom-color: #ffffff !important;border-bottom-style: ridge !important;border-radius: 5px !important;}&#8220;]Wozu \u00fcberhaupt etwas wissen \u00fcber Meditation, [&hellip;]<\/p>\n","protected":false},"author":3,"featured_media":0,"parent":0,"menu_order":0,"comment_status":"closed","ping_status":"closed","template":"","meta":{"_acf_changed":false,"footnotes":""},"class_list":["post-641","page","type-page","status-publish","hentry"],"acf":[],"_links":{"self":[{"href":"https:\/\/sebastianmiga.de\/projekte\/meditationmuenchen\/wp-json\/wp\/v2\/pages\/641","targetHints":{"allow":["GET"]}}],"collection":[{"href":"https:\/\/sebastianmiga.de\/projekte\/meditationmuenchen\/wp-json\/wp\/v2\/pages"}],"about":[{"href":"https:\/\/sebastianmiga.de\/projekte\/meditationmuenchen\/wp-json\/wp\/v2\/types\/page"}],"author":[{"embeddable":true,"href":"https:\/\/sebastianmiga.de\/projekte\/meditationmuenchen\/wp-json\/wp\/v2\/users\/3"}],"replies":[{"embeddable":true,"href":"https:\/\/sebastianmiga.de\/projekte\/meditationmuenchen\/wp-json\/wp\/v2\/comments?post=641"}],"version-history":[{"count":209,"href":"https:\/\/sebastianmiga.de\/projekte\/meditationmuenchen\/wp-json\/wp\/v2\/pages\/641\/revisions"}],"predecessor-version":[{"id":4738,"href":"https:\/\/sebastianmiga.de\/projekte\/meditationmuenchen\/wp-json\/wp\/v2\/pages\/641\/revisions\/4738"}],"wp:attachment":[{"href":"https:\/\/sebastianmiga.de\/projekte\/meditationmuenchen\/wp-json\/wp\/v2\/media?parent=641"}],"curies":[{"name":"wp","href":"https:\/\/api.w.org\/{rel}","templated":true}]}}