{"id":701,"date":"2017-07-27T12:56:05","date_gmt":"2017-07-27T10:56:05","guid":{"rendered":"http:\/\/meditationmuenchen.ecommerce-trend.de\/?page_id=701"},"modified":"2023-02-22T18:51:09","modified_gmt":"2023-02-22T17:51:09","slug":"datenschutz","status":"publish","type":"page","link":"https:\/\/sebastianmiga.de\/projekte\/meditationmuenchen\/aktuelles-newsletter\/datenschutz\/","title":{"rendered":"Datenschutz"},"content":{"rendered":"<div class=\"wpb-content-wrapper\"><p>[vc_row][vc_column][vc_column_text css=&#8220;.vc_custom_1556017733462{margin-top: 0px !important;margin-right: 4px !important;margin-bottom: 0px !important;margin-left: 4px !important;border-top-width: 4px !important;border-right-width: 4px !important;border-bottom-width: 4px !important;border-left-width: 4px !important;padding-top: 5px !important;padding-right: 10px !important;padding-bottom: 5px !important;padding-left: 10px !important;background-color: rgba(255,255,255,0.75) !important;*background-color: rgb(255,255,255) !important;border-left-color: #ffffff !important;border-left-style: ridge !important;border-right-color: #ffffff !important;border-right-style: ridge !important;border-top-color: #ffffff !important;border-top-style: ridge !important;border-bottom-color: #ffffff !important;border-bottom-style: ridge !important;border-radius: 5px !important;}&#8220;]<\/p>\n<h2 style=\"text-align: center;\"><strong>DATENSCHUTZERKL\u00c4RUNG<\/strong><\/h2>\n<p><span style=\"font-size: 17px;\"><strong>Newsletter-Versand &amp; Datenschutzunterrichtung<br \/>\n<\/strong>Sie erhalten diesen Newsletter, weil Sie sich f\u00fcr den Empfang registriert oder f\u00fcr eine Veranstaltung von Sahaja Yoga angemeldet haben. Ihre hierf\u00fcr bei uns hinterlegten Daten (E-Mail-Adresse und optional: Vorname, Name, Telefonnummer) werden f\u00fcr keinen anderen Zweck als f\u00fcr Information und Einladung zu Veranstaltungen von Sahaja Yoga genutzt und werden niemals an Dritte weitergegeben.<\/span><\/p>\n<p><span style=\"font-size: 17px;\">Wenn Sie unseren\u00a0Newsletter abonnieren, oder abbestellen m\u00f6chten, k\u00f6nnen Sie dies ganz einfach im Newsletter selbst (Menuepunkt &#8222;Newsletter&#8220;) ganz unten tun.<\/span><\/p>\n<p><span style=\"font-size: 17px;\"><strong>Einsatz des Versanddienstleisters \u201eMailChimp\u201c<\/strong><\/span><br \/>\n<span style=\"font-size: 17px;\">Der Versand der Newsletter erfolgt mittels \u201eMailChimp\u201c, einer Newsletterversandplattform des US-Anbieters Rocket Science Group, LLC, 675 Ponce De Leon Ave NE #5000, Atlanta, GA 30308, USA. Die E-Mail-Adressen unserer Newsletterempf\u00e4nger, als auch deren weitere, im Rahmen dieser Hinweise beschriebenen Daten, werden auf den Servern von MailChimp in den USA gespeichert. MailChimp verwendet diese Informationen zum Versand und zur Auswertung der Newsletter in unserem Auftrag. Des Weiteren kann MailChimp nach eigenen Informationen diese Daten zur Optimierung oder Verbesserung der eigenen Services nutzen, z.B. zur technischen Optimierung des Versandes und der Darstellung der Newsletter oder f\u00fcr wirtschaftliche Zwecke, um zu bestimmen aus welchen L\u00e4ndern die Empf\u00e4nger kommen. MailChimp nutzt die Daten unserer Newsletterempf\u00e4nger jedoch nicht, um diese selbst anzuschreiben oder an Dritte weiterzugeben.<\/span><br \/>\n<span style=\"font-size: 17px;\">Wir vertrauen auf die Zuverl\u00e4ssigkeit und die IT- sowie Datensicherheit von MailChimp. MailChimp ist unter dem US-EU-Datenschutzabkommen\u00a0<a href=\"https:\/\/www.privacyshield.gov\/participant?id=a2zt0000000TO6hAAG\" target=\"_blank\" rel=\"noopener\">\u201ePrivacy Shield\u201c<\/a>\u00a0zertifiziert und verpflichtet sich damit die EU-Datenschutzvorgaben einzuhalten. Des Weiteren haben wir mit MailChimp ein\u00a0<a href=\"https:\/\/mailchimp.com\/legal\/forms\/data-processing-agreement\/\" target=\"_blank\" rel=\"noopener\">\u201eData-Processing-Agreement\u201c<\/a>\u00a0abgeschlossen. Dabei handelt es sich um einen Vertrag, in dem sich MailChimp dazu verpflichtet, die Daten unserer Nutzer zu sch\u00fctzen, entsprechend dessen Datenschutzbestimmungen in unserem Auftrag zu verarbeiten und insbesondere nicht an Dritte weiter zu geben. Die Datenschutzbestimmungen von MailChimp k\u00f6nnen Sie\u00a0<a href=\"https:\/\/mailchimp.com\/legal\/privacy\/\" target=\"_blank\" rel=\"noopener\">hier<\/a>\u00a0einsehen.<\/span><\/p>\n<p><span style=\"font-size: 17px;\"><strong>Statistische Erhebung und Analysen<\/strong><\/span><br \/>\n<span style=\"font-size: 17px;\">Die Newsletter enthalten einen sog. \u201eweb-beacon\u201c, d.h. eine pixelgro\u00dfe Datei, die beim \u00d6ffnen des Newsletters von dem Server von MailChimp abgerufen wird. Im Rahmen dieses Abrufs werden zun\u00e4chst technische Informationen, wie Informationen zum Browser und Ihrem System, als auch Ihre IP-Adresse und Zeitpunkt des Abrufs erhoben. Diese Informationen werden zur technischen Verbesserung der Services anhand der technischen Daten oder der Zielgruppen und ihres Leseverhaltens anhand derer Abruforte (die mit Hilfe der IP-Adresse bestimmbar sind) oder der Zugriffszeiten genutzt. Zu den statistischen Erhebungen geh\u00f6rt ebenfalls die Feststellung, ob die Newsletter ge\u00f6ffnet werden, wann sie ge\u00f6ffnet werden und welche Links geklickt werden. Diese Informationen k\u00f6nnen aus technischen Gr\u00fcnden zwar den einzelnen Newsletterempf\u00e4ngern zugeordnet werden. Es ist jedoch weder unser Bestreben, noch das von MailChimp, einzelne Nutzer zu beobachten. Die Auswertungen dienen uns viel mehr dazu, die Lesegewohnheiten unserer Nutzer zu erkennen und unsere Inhalte auf sie anzupassen oder unterschiedliche Inhalte entsprechend den Interessen unserer Nutzer zu versenden.<\/span><\/p>\n<p><span style=\"font-size: 17px;\"><strong>Online-Aufruf und Datenmanagement<\/strong><\/span><br \/>\n<span style=\"font-size: 17px;\">Es gibt F\u00e4lle, in denen wir die Newsletterempf\u00e4nger auf die Webseiten von MailChimp leiten. Z.B. enthalten unsere Newsletter einen Link, mit dem die Newsletterempf\u00e4nger die Newsletter online abrufen k\u00f6nnen (z.B. bei Darstellungsproblemen im E-Mailprogramm). Ferner k\u00f6nnen Newsletterempf\u00e4nger ihre Daten, wie z.B. die E-Mailadresse nachtr\u00e4glich korrigieren. Ebenso ist die\u00a0<a href=\"https:\/\/mailchimp.com\/legal\/privacy\/\" target=\"_blank\" rel=\"noopener\">Datenschutzerkl\u00e4rung<\/a>\u00a0von MailChimp nur auf deren Seite abrufbar. In diesem Zusammenhang weisen wir darauf hin, dass auf den Webseiten von MailChimp Cookies eingesetzt und damit personenbezogene Daten durch MailChimp, deren Partnern und eingesetzten Dienstleistern (z.B. Google Analytics) verarbeitet werden. Auf diese Datenerhebung haben wir keinen Einfluss. Weitere Informationen k\u00f6nnen Sie der\u00a0<a href=\"https:\/\/mailchimp.com\/legal\/privacy\/\" target=\"_blank\" rel=\"noopener\">Datenschutzerkl\u00e4rung<\/a>\u00a0von MailChimp entnehmen. Wir weisen Sie zus\u00e4tzlich auf die Widerspruchsm\u00f6glichkeiten in die Datenerhebung zu Werbezwecken auf den Webseiten\u00a0<a href=\"http:\/\/www.aboutads.info\/choices\/\" target=\"_blank\" rel=\"noopener\">http:\/\/www.aboutads.info\/choices\/<\/a>\u00a0und\u00a0<a href=\"http:\/\/www.youronlinechoices.com\/\" target=\"_blank\" rel=\"noopener\">http:\/\/www.youronlinechoices.com\/<\/a>\u00a0(f\u00fcr den Europ\u00e4ischen Raum) hin.<\/span><\/p>\n<p><span style=\"font-size: 17px;\"><a href=\"https:\/\/sebastianmiga.de\/projekte\/meditationmuenchen\/aktuelles-newsletter\/\">Zur\u00fcck zum Hauptmenue<\/a><\/span>[\/vc_column_text][\/vc_column][\/vc_row]<\/p>\n<\/div>","protected":false},"excerpt":{"rendered":"<p>[vc_row][vc_column][vc_column_text css=&#8220;.vc_custom_1556017733462{margin-top: 0px !important;margin-right: 4px !important;margin-bottom: 0px !important;margin-left: 4px !important;border-top-width: 4px !important;border-right-width: 4px !important;border-bottom-width: 4px !important;border-left-width: 4px !important;padding-top: 5px !important;padding-right: 10px !important;padding-bottom: 5px !important;padding-left: 10px !important;background-color: rgba(255,255,255,0.75) !important;*background-color: rgb(255,255,255) !important;border-left-color: #ffffff !important;border-left-style: ridge !important;border-right-color: #ffffff !important;border-right-style: ridge !important;border-top-color: #ffffff !important;border-top-style: ridge !important;border-bottom-color: #ffffff !important;border-bottom-style: ridge !important;border-radius: 5px !important;}&#8220;] DATENSCHUTZERKL\u00c4RUNG Newsletter-Versand &amp; Datenschutzunterrichtung Sie erhalten diesen [&hellip;]<\/p>\n","protected":false},"author":1,"featured_media":0,"parent":3497,"menu_order":0,"comment_status":"closed","ping_status":"closed","template":"","meta":{"_acf_changed":false,"footnotes":""},"class_list":["post-701","page","type-page","status-publish","hentry"],"acf":[],"_links":{"self":[{"href":"https:\/\/sebastianmiga.de\/projekte\/meditationmuenchen\/wp-json\/wp\/v2\/pages\/701","targetHints":{"allow":["GET"]}}],"collection":[{"href":"https:\/\/sebastianmiga.de\/projekte\/meditationmuenchen\/wp-json\/wp\/v2\/pages"}],"about":[{"href":"https:\/\/sebastianmiga.de\/projekte\/meditationmuenchen\/wp-json\/wp\/v2\/types\/page"}],"author":[{"embeddable":true,"href":"https:\/\/sebastianmiga.de\/projekte\/meditationmuenchen\/wp-json\/wp\/v2\/users\/1"}],"replies":[{"embeddable":true,"href":"https:\/\/sebastianmiga.de\/projekte\/meditationmuenchen\/wp-json\/wp\/v2\/comments?post=701"}],"version-history":[{"count":14,"href":"https:\/\/sebastianmiga.de\/projekte\/meditationmuenchen\/wp-json\/wp\/v2\/pages\/701\/revisions"}],"predecessor-version":[{"id":4751,"href":"https:\/\/sebastianmiga.de\/projekte\/meditationmuenchen\/wp-json\/wp\/v2\/pages\/701\/revisions\/4751"}],"up":[{"embeddable":true,"href":"https:\/\/sebastianmiga.de\/projekte\/meditationmuenchen\/wp-json\/wp\/v2\/pages\/3497"}],"wp:attachment":[{"href":"https:\/\/sebastianmiga.de\/projekte\/meditationmuenchen\/wp-json\/wp\/v2\/media?parent=701"}],"curies":[{"name":"wp","href":"https:\/\/api.w.org\/{rel}","templated":true}]}}