{"id":776,"date":"2017-07-28T00:10:30","date_gmt":"2017-07-27T22:10:30","guid":{"rendered":"http:\/\/meditationmuenchen.ecommerce-trend.de\/?page_id=776"},"modified":"2019-04-28T18:15:45","modified_gmt":"2019-04-28T16:15:45","slug":"ueber-uns","status":"publish","type":"page","link":"https:\/\/sebastianmiga.de\/projekte\/meditationmuenchen\/ueber-uns\/","title":{"rendered":"Organisation"},"content":{"rendered":"<div class=\"wpb-content-wrapper\"><p>[vc_row][vc_column][vc_column_text css=&#8220;.vc_custom_1555943043366{margin-top: 0px !important;margin-right: 4px !important;margin-bottom: 0px !important;margin-left: 4px !important;border-top-width: 4px !important;border-right-width: 4px !important;border-bottom-width: 4px !important;border-left-width: 4px !important;padding-top: 15px !important;padding-right: 10px !important;padding-bottom: 5px !important;padding-left: 10px !important;background-color: rgba(255,255,255,0.75) !important;*background-color: rgb(255,255,255) !important;border-left-color: #ffffff !important;border-left-style: ridge !important;border-right-color: #ffffff !important;border-right-style: ridge !important;border-top-color: #ffffff !important;border-top-style: ridge !important;border-bottom-color: #ffffff !important;border-bottom-style: ridge !important;}&#8220;]<span style=\"color: #000000; font-size: 18px;\"><strong><span style=\"font-size: 34px;\">V<\/span>erbreitung\u00a0<\/strong><\/span><br \/>\n<span style=\"font-size: 18px;\"><span style=\"color: #000000;\">Organisatorisch ist Sahaja Yoga ein loser Zusammenschluss ohne monet\u00e4re oder politische Zielsetzungen. In Deutschland ist Sahaja Yoga\u00a0<\/span><span style=\"color: #000000;\">als eingetragener Verein mit Pr\u00e4dikat Gemeinn\u00fctzigkeit\u00a0<\/span><span style=\"color: #000000;\">in den meisten gr\u00f6\u00dferen aber auch kleineren St\u00e4dten pr\u00e4sent. (Zur Zeit\u00a0<\/span>40x in Deutschland: Aalen \u2022 Augsburg \u2022 Berlin \u2022 Bonn \u2022 Bregenz\u00a0\u00a0\u2022 Bruchsal \u2022 Darmstadt \u2022 Dresden \u2022 D\u00fcsseldorf \u2022 Frankfurt \u2022 Freiburg \u2022 Freudenberg\/Main \u2022 Geldern \u2022 Grafing \u2022 Giessen \u2022 Hamburg \u2022 Hannover \u2022 Hofheim \u2022 Inning \u2022 Karlsruhe \u2022 K\u00f6ln \u2022 Kronach \u2022 Landshut \u2022 Ludwigshafen \u2022 L\u00fcbeck \u2022 Mannheim \u2022 Marburg \u2022 M\u00fcnchen \u2022 N\u00fcrnberg \u2022 F\u00fcrth \u2022 Erlangen \u2022 Passau \u2022 Potsdam \u2022 Rastatt \u2022 Regensburg \u2022 Rosenheim \u2022 Saarbr\u00fccken \u2022 Stuttgart \u2022 T\u00fcrkheim \u2022 Ulm)<\/span><\/p>\n<p><span style=\"font-size: 18px;\"><span style=\"color: #000000;\">Weltweit praktizieren in \u00fcber 120 L\u00e4ndern Menschen aller Rassen und Religionen Sahaja Yoga. Das Internet ist Plattform f\u00fcr die Pr\u00e4sentation aller L\u00e4nder, in denen Sahaja Yoga existiert. Die internationale Adresse lautet: <\/span><a href=\"http:\/\/www.sahajayoga.org\/\">www.sahajayoga.org<\/a><span style=\"color: #000000;\">. Links f\u00fchren dann weiter zur gesuchten Landes-Homepage. Zur Vertiefung findet man auf vielen Seiten thematisch geordnet Vorschl\u00e4ge, Anleitungen, Erfahrungen sowie Reden oder Ausz\u00fcge von Shri Mataji.<\/span><\/span><\/p>\n<p align=\"JUSTIFY\"><span style=\"color: #000000; font-size: 18px;\"><strong>Zertifizierung<\/strong><\/span><br \/>\n<span style=\"color: #000000; font-size: 18px;\">Der Name Sahaja Yoga existiert seit nahezu einem halben Jahrhundert, seine Kontinuit\u00e4t jedoch reicht zur\u00fcck Tausende von Jahren. Ein Trademark existierte damals nicht, und sollte auch weiterhin den Namen nicht verunstalten. Der Begriff \u201cSahaja\u201c steht f\u00fcr spontan und damit geboren. Er weist auf die spontane Kundalini-Kraft im Menschen, die nicht Geld, Zeit oder Ort kennt. Das Weltliche hat keine Ehrfurcht gebietende Bedeutung. Unabh\u00e4ngig davon, strebt Sahaja Yoga in der Gesellschaft eine Rechtsstellung an, die verdeutlicht, da\u00df es bei dieser Organisation um Echtheit, Reinheit und die h\u00f6chste Zielsetzung geht, das Atma zu erreichen. Shri Mataji hat daf\u00fcr den Namen \u201cReligion des Reinen Wissens = Vishwa Nirmala Vidya\u201c gepr\u00e4gt und in Statuten detailliert die Zielsetzungen von Sahaja Yoga f\u00fcr die individuelle und gesellschaftliche Entwicklung fixiert. Sahaja Yoga strebt eine Art Zertifizierung seiner Seriosit\u00e4t und Unbedenklichkeit an, wer aber sollte dies tun? Kann Spiritualit\u00e4t \u00fcberhaupt bewertet werden? Die Antwort lautet nicht nein, sondern ja. Die neutrale Autorit\u00e4t ist schon da, es ist unser Atma. Setzen sie sich in Ruhe hin und fragen sie still in sich: \u201cIst Sahaja Yoga gut f\u00fcr mich?\u201c<\/span><\/p>\n<p><span style=\"color: #000000; font-size: 18px;\"><strong>Wachstum<\/strong><\/span><br \/>\n<span style=\"font-size: 18px;\"><span style=\"color: #000000;\">In der Zwischenzeit ist Sahaja Yoga in \u00fcber 120 L\u00e4ndern pr\u00e4sent, nicht als straffe Welt-Hierarchie, sondern als lokale Gruppierungen, die sich selbst organisieren und gegenseitig unterst\u00fctzen. Da hinter Sahaja Yoga die Kundalini &#8211; die Kraft der Evolution selbst \u2013 steht, mu\u00df sich dies ohne Globalisierung, trotzdem in gro\u00dfem Denken und Agieren wiederfinden. Sahaja Yoga w\u00e4chst stetig und ist vielseitig involviert in Kultur, Gesellschaft, \u00d6kologie und \u00d6konomie. Alle Vorhaben und Projekte basieren auf der selbstlosen Lehre von Shri Mataji und sprechen f\u00fcr sich. Dies ist vielleicht die beste und sch\u00f6nste Information, die m\u00f6glich ist f\u00fcr Neulinge. Dar\u00fcber hinaus gibt es gen\u00fcgend Informationen (www.sahajayoga.org) \u00fcber Shri Mataji\u00b4s Leben selbst, ihreAusstrahlung, <a href=\"http:\/\/shrimataji.org\/site\/life\/awards-and-recognition.html\">ihr internationales Ansehen<\/a>, ihre authentische, selbstlose Arbeit, die sie immer auch von ihren Sch\u00fclern eingefordert hat. Vor allem, sehen Sie sich Videos ihrer Reden an. Grasen sie es also ab, das Internet; alle Anstrengungen sind es wert, um sich vor Irrwegen, Profit- und Macht-Gier zu sch\u00fctzen<\/span>.<\/span>[\/vc_column_text][\/vc_column][\/vc_row]<\/p>\n<\/div>","protected":false},"excerpt":{"rendered":"<p>[vc_row][vc_column][vc_column_text css=&#8220;.vc_custom_1555943043366{margin-top: 0px !important;margin-right: 4px !important;margin-bottom: 0px !important;margin-left: 4px !important;border-top-width: 4px !important;border-right-width: 4px !important;border-bottom-width: 4px !important;border-left-width: 4px !important;padding-top: 15px !important;padding-right: 10px !important;padding-bottom: 5px !important;padding-left: 10px !important;background-color: rgba(255,255,255,0.75) !important;*background-color: rgb(255,255,255) !important;border-left-color: #ffffff !important;border-left-style: ridge !important;border-right-color: #ffffff !important;border-right-style: ridge !important;border-top-color: #ffffff !important;border-top-style: ridge !important;border-bottom-color: #ffffff !important;border-bottom-style: ridge !important;}&#8220;]Verbreitung\u00a0 Organisatorisch ist Sahaja Yoga ein loser Zusammenschluss ohne monet\u00e4re [&hellip;]<\/p>\n","protected":false},"author":3,"featured_media":0,"parent":0,"menu_order":0,"comment_status":"closed","ping_status":"closed","template":"","meta":{"_acf_changed":false,"footnotes":""},"class_list":["post-776","page","type-page","status-publish","hentry"],"acf":[],"_links":{"self":[{"href":"https:\/\/sebastianmiga.de\/projekte\/meditationmuenchen\/wp-json\/wp\/v2\/pages\/776","targetHints":{"allow":["GET"]}}],"collection":[{"href":"https:\/\/sebastianmiga.de\/projekte\/meditationmuenchen\/wp-json\/wp\/v2\/pages"}],"about":[{"href":"https:\/\/sebastianmiga.de\/projekte\/meditationmuenchen\/wp-json\/wp\/v2\/types\/page"}],"author":[{"embeddable":true,"href":"https:\/\/sebastianmiga.de\/projekte\/meditationmuenchen\/wp-json\/wp\/v2\/users\/3"}],"replies":[{"embeddable":true,"href":"https:\/\/sebastianmiga.de\/projekte\/meditationmuenchen\/wp-json\/wp\/v2\/comments?post=776"}],"version-history":[{"count":31,"href":"https:\/\/sebastianmiga.de\/projekte\/meditationmuenchen\/wp-json\/wp\/v2\/pages\/776\/revisions"}],"predecessor-version":[{"id":4809,"href":"https:\/\/sebastianmiga.de\/projekte\/meditationmuenchen\/wp-json\/wp\/v2\/pages\/776\/revisions\/4809"}],"wp:attachment":[{"href":"https:\/\/sebastianmiga.de\/projekte\/meditationmuenchen\/wp-json\/wp\/v2\/media?parent=776"}],"curies":[{"name":"wp","href":"https:\/\/api.w.org\/{rel}","templated":true}]}}