{"id":989,"date":"2017-08-11T13:47:52","date_gmt":"2017-08-11T11:47:52","guid":{"rendered":"http:\/\/meditationmuenchen.ecommerce-trend.de\/?page_id=989"},"modified":"2019-04-28T17:41:05","modified_gmt":"2019-04-28T15:41:05","slug":"intuition","status":"publish","type":"page","link":"https:\/\/sebastianmiga.de\/projekte\/meditationmuenchen\/warum-meditieren\/intuition\/","title":{"rendered":"Intuition"},"content":{"rendered":"<div class=\"wpb-content-wrapper\"><p>[vc_row][vc_column][vc_column_text css=&#8220;.vc_custom_1555939140137{margin-top: 0px !important;margin-right: 4px !important;margin-bottom: 0px !important;margin-left: 4px !important;border-top-width: 4px !important;border-right-width: 4px !important;border-bottom-width: 4px !important;border-left-width: 4px !important;padding-top: 15px !important;padding-right: 10px !important;padding-bottom: 5px !important;padding-left: 10px !important;background-color: rgba(255,255,255,0.75) !important;*background-color: rgb(255,255,255) !important;border-left-style: ridge !important;border-right-style: ridge !important;border-top-style: ridge !important;border-bottom-style: ridge !important;border-radius: 5px !important;}&#8220;]<span style=\"font-size: 17px;\"><strong><span style=\"font-size: 34px;\">G<\/span>eistesblitz<br \/>\n<\/strong>Endlich die z\u00fcndende Idee &#8211; einen &#8222;Geistes-Blitz&#8220;! Ist das Intuition? Vielleicht, vielleicht auch nicht. So vielseitig sie sich zeigt und verkannt wird, kann Sie nicht fest gemacht werden an Zeit, Raum oder Situation. Warum sie sich verweigert oder hilfreich beispringt liegt im Dunkel. Dennoch eine Gemeinsamkeit existiert, eine meist intensive Besch\u00e4ftigung, oder Betroffenheit, die unser Gehirn in Atem h\u00e4lt. Zwanghaft suchen wir nach Auswegen oder der L\u00f6sung eines Dilemmas, eines Schicksalschlags, eines Forschungsobjekts, etc. Bis zur Ersch\u00f6pfung verbei\u00dft sich unser Denken. Man kann nicht loslassen, bis letztlich Aussichtslosigkeit und Frustration \u00fcberm\u00e4chtig werden.<\/span><\/p>\n<p><span style=\"font-size: 17px;\"><strong> Grenzen<\/strong><\/span><br \/>\n<span style=\"font-size: 17px;\">Schmerzhaft erfahren wir die Grenzen unseres Denkens und unseres Egos. Erste Zweifel der eigenen Gro\u00dfartigkeit schleichen sich ein. Erst jetzt sind wir bereit zu pausieren. Das Gef\u00fchl der Ohnmacht l\u00e4sst uns kapitulieren. Damit ist Intuition auch ein Wink mit dem Zaunpfahl: Unsere Ratio ist eben nicht die &#8222;Ultima Ratio&#8220;. Es gibt Regionen der Erkenntnis, die uns zun\u00e4chs verwehrt sind. Die Barrieren dazu errichtet unser Intellekt selbst, der nur kausal und dual zu denken vermag. Erst die Katharsis des Intellekts bringt die Erfahrung h\u00f6herer Erkenntnis. &#8211; Die gleiche, die in der Gedankenfreiheit der Meditation die Regel ist, nur friedlich, ohne existentielle Auseinandersetzung.<\/span><\/p>\n<p><span style=\"font-size: 17px;\"><strong>Fehlende Intuition<\/strong><\/span><br \/>\n<span style=\"font-size: 17px;\">Wegen immenser Probleme und deren Komplexit\u00e4t wird neuerlich bedauert, dass uns Intuition fehle. Immerhin ist anerkannt, dass Intuition oftmals \u00fcberraschende L\u00f6sungen bietet aus aussichtslosen Situationen. W\u00fcnschenswert w\u00e4re es demnach Intuition irgendwie fassbar, trainierbar zu machen &#8211; als Forschungsgebiet der Psychologie vielleicht. Wozu? &#8211; Um unser Leben noch effektiver dem &#8222;Rat-Race&#8220; unterzuordnen. Leider Fehlanzeige: Intuition ist nicht manipulier- oder trainierbar, denn sie ist ein Aspekt der Kundalinikraft, die aus sich heraus Gedankenfreiheit und in Folge Intuition beschert. Schon C. G. Jung mutma\u00dfte, dass Intuition eine Eingebung sei aus dem Bereich des Unbewussten &#8211; seiner Definition nach &#8211; der Region des \u00dcbernat\u00fcrlichen.<\/span><\/p>\n<p><span style=\"font-size: 17px;\"><strong>Stille<\/strong><\/span><br \/>\n<span style=\"font-size: 17px;\">Alles Tun und Machen sind nur Gedanken auf der Peripherie eines sich endlos drehenden Rades. Die Gedankenfreiheit der Meditation vermag uns in die Nabe des Rades zu bringen, dort wo Stille und Intuition eins sind. Der Alltag beschert uns dann freudvolle Momente der Einsicht auch ohne langes Gr\u00fcbeln.<\/span><\/p>\n<p><span style=\"font-size: 17px;\"><a href=\"https:\/\/sebastianmiga.de\/projekte\/meditationmuenchen\/warum-meditieren\/\">Zur\u00fcck zum Hauptmenue<\/a><\/span>[\/vc_column_text][\/vc_column][\/vc_row]<\/p>\n<\/div>","protected":false},"excerpt":{"rendered":"<p>[vc_row][vc_column][vc_column_text css=&#8220;.vc_custom_1555939140137{margin-top: 0px !important;margin-right: 4px !important;margin-bottom: 0px !important;margin-left: 4px !important;border-top-width: 4px !important;border-right-width: 4px !important;border-bottom-width: 4px !important;border-left-width: 4px !important;padding-top: 15px !important;padding-right: 10px !important;padding-bottom: 5px !important;padding-left: 10px !important;background-color: rgba(255,255,255,0.75) !important;*background-color: rgb(255,255,255) !important;border-left-style: ridge !important;border-right-style: ridge !important;border-top-style: ridge !important;border-bottom-style: ridge !important;border-radius: 5px !important;}&#8220;]Geistesblitz Endlich die z\u00fcndende Idee &#8211; einen &#8222;Geistes-Blitz&#8220;! Ist das Intuition? Vielleicht, vielleicht auch nicht. So [&hellip;]<\/p>\n","protected":false},"author":3,"featured_media":0,"parent":641,"menu_order":0,"comment_status":"closed","ping_status":"closed","template":"","meta":{"_acf_changed":false,"footnotes":""},"class_list":["post-989","page","type-page","status-publish","hentry"],"acf":[],"_links":{"self":[{"href":"https:\/\/sebastianmiga.de\/projekte\/meditationmuenchen\/wp-json\/wp\/v2\/pages\/989","targetHints":{"allow":["GET"]}}],"collection":[{"href":"https:\/\/sebastianmiga.de\/projekte\/meditationmuenchen\/wp-json\/wp\/v2\/pages"}],"about":[{"href":"https:\/\/sebastianmiga.de\/projekte\/meditationmuenchen\/wp-json\/wp\/v2\/types\/page"}],"author":[{"embeddable":true,"href":"https:\/\/sebastianmiga.de\/projekte\/meditationmuenchen\/wp-json\/wp\/v2\/users\/3"}],"replies":[{"embeddable":true,"href":"https:\/\/sebastianmiga.de\/projekte\/meditationmuenchen\/wp-json\/wp\/v2\/comments?post=989"}],"version-history":[{"count":23,"href":"https:\/\/sebastianmiga.de\/projekte\/meditationmuenchen\/wp-json\/wp\/v2\/pages\/989\/revisions"}],"predecessor-version":[{"id":4698,"href":"https:\/\/sebastianmiga.de\/projekte\/meditationmuenchen\/wp-json\/wp\/v2\/pages\/989\/revisions\/4698"}],"up":[{"embeddable":true,"href":"https:\/\/sebastianmiga.de\/projekte\/meditationmuenchen\/wp-json\/wp\/v2\/pages\/641"}],"wp:attachment":[{"href":"https:\/\/sebastianmiga.de\/projekte\/meditationmuenchen\/wp-json\/wp\/v2\/media?parent=989"}],"curies":[{"name":"wp","href":"https:\/\/api.w.org\/{rel}","templated":true}]}}