{"id":992,"date":"2017-08-11T13:47:52","date_gmt":"2017-08-11T11:47:52","guid":{"rendered":"http:\/\/meditationmuenchen.ecommerce-trend.de\/?page_id=992"},"modified":"2019-04-28T17:39:47","modified_gmt":"2019-04-28T15:39:47","slug":"gesundheit","status":"publish","type":"page","link":"https:\/\/sebastianmiga.de\/projekte\/meditationmuenchen\/warum-meditieren\/gesundheit\/","title":{"rendered":"Gesundheit"},"content":{"rendered":"<div class=\"wpb-content-wrapper\"><p>[vc_row][vc_column][vc_column_text css=&#8220;.vc_custom_1555938979485{margin-top: 0px !important;margin-right: 4px !important;margin-bottom: 0px !important;margin-left: 4px !important;border-top-width: 4px !important;border-right-width: 4px !important;border-bottom-width: 4px !important;border-left-width: 4px !important;padding-top: 15px !important;padding-right: 10px !important;padding-bottom: 5px !important;padding-left: 10px !important;background-color: rgba(255,255,255,0.75) !important;*background-color: rgb(255,255,255) !important;border-left-style: ridge !important;border-right-style: ridge !important;border-top-style: ridge !important;border-bottom-style: ridge !important;border-radius: 5px !important;}&#8220;]<span style=\"font-size: 17px;\"><strong><span style=\"font-size: 34px;\">M<\/span>echanistisches Weltbild<\/strong><\/span><br \/>\n<span style=\"font-size: 17px;\">Gesundheit wird definiert als Zustand k\u00f6rperlichen, psychischen, mentalen und sozialen Wohlbefindens. Es scheint allerdings, dass wir uns zusehends entfernen von dieser Definition, trotz all unserer technologischen &#8222;Durchbr\u00fcche&#8220;. Vor allem mangelt es am psychischen und sozialen Wohlbefinden. Mobilit\u00e4t, mehr Geld, Hygiene, Bio-Bio, hoher Lebensstandard, gr\u00f6\u00dfere Lebenserwartung und, und &#8230; scheinen nicht alles zu sein. Je mehr Optionen wir zu unserer Lebensgestaltung erhalten, desto dichter das Netz, in das wir uns wie in einen Kokon einspinnen. Best\u00e4ndig sind wir dabei unsere geistig-spirituelle Freiheit gegen immer neue kurzsichtigere Ideen einzutauschen. Religionen haben uns obendrein f\u00fcr Jahrhunderte Minderwertigkeit und S\u00fcndhaftigkeit eingeimpft. Was fehlt? Wozu leben &#8211; dieses Leben?<\/span><\/p>\n<p><span style=\"font-size: 17px;\"><strong>Sinngebung<br \/>\n<\/strong>F\u00fcr was also sind wir n\u00fctze &#8211; nach uns der Asteroid, die Sintflut, oder Auswandern zum Mars? Blicken wir\u00a0in den klaren n\u00e4chtlichen Sternenhimmel. Ehrlich &#8211; angesichts dieser Unermesslichkeit &#8211; hat die menschliche Existenz &#8211; inklusive all ihrer Technologie Bedeutung? Hat sie &#8211; wenn auch nur wieder rational begr\u00fcndbar &#8211; mit der astronomisch immensen Unwahrscheinlichkeit menschlicher Existenz auf diesem Planet Erde. Die Verbund-Wahrscheinlichkeit (logisches UND) all der Variablen, die n\u00f6tig waren nur um Leben zu erm\u00f6glichen und im weiteren, all der Lebensformen bis hin zum Menschen, grenzen an schiere Unm\u00f6glichkeit. Kein Gottesbeweis, aber m\u00f6gliche Zeichen einer gro\u00dfen Intention. Vielleicht sind Ehrfurcht, Demut, Gen\u00fcgsamkeit das, was uns am meisten fehlt. Unser Verst\u00e4ndnis von Gesundheit muss begrenzt sein, solange es auf das enge mechanistische Weltbild bezogen ist. Der H\u00f6henflug des Rationalen in der westlichen Medizin, war Segen und Fluch zugleich. Ein Kahlschlag f\u00fcr Quacksalberei, Hexerei aber auch ein Vergessen der edelsten und tiefsten philosophischen Erkenntnisse f\u00fcr Jahrhunderte. Voll zutreffend, wurde hier das Bad mit dem Kind ausgesch\u00fcttet. Bezeichnend &#8211; konnte sich in der Schulmedizin erst in j\u00fcngerer Zeit der Begriff Psychosomatik etablieren. Unverst\u00e4ndlich, weil in anderen Systemen, seit Jahrtausenden eine viel gr\u00f6\u00dfere Sicht besteht.<\/span><\/p>\n<p><span style=\"font-size: 17px;\"><strong>Asiatische Kosmologie<\/strong><\/span><br \/>\n<span style=\"font-size: 17px;\">Besonders das indische und chinesische Medizin-System haben es verstanden, eine Synthese der die Gesundheit beeinflussenden Faktoren von Innen- und Au\u00dfenwelt herzustellen. Die indische Philosophie sieht den Menschen als einen Verbund von Grobstofflichem, Feinstofflichem &amp; Spirituellem, heute bekannt als Chakrensystem. Die Konstituenten des Stofflichen sind die Chakren, die sogenannten Gunas und die klassischen Elemente. Die Konstituenten des Spirituellen sind Atma und Kundalini. Die stofflichen oder materiellen Faktoren versteht man als Kausal-System, die spirituellen als superkausal. Kausal bedeutet urs\u00e4chlich, eine Anspielung auf das Gesetz von Ursache und Wirkung. Zu verstehen, dass\u00a0 alles Agieren im positiven wie negativen Sinne Auswirkungen hat. Das Superkausale ist sowohl Ursache wie Ziel allen Seins, unerreichbar f\u00fcr Wollen und Tun.<\/span><\/p>\n<p><span style=\"font-size: 17px;\"><strong>Kundalini enttarnt Maya<\/strong><\/span><br \/>\n<span style=\"font-size: 17px;\">Das Atma ist der verborgene Impuls unserer Existenz &#8211; und gleicherma\u00dfen in allem was ist. Jedes Atom, Molek\u00fcl oder Lebewesen basiert auf dieser Seins-Grundlage, die nach und nach von der Evolutionskraft der Kundlini offenbar gemacht wird. Das Atma ist die kleine Reflektion des G\u00f6ttlichen Willensaktes im Urknall, sich selbst zu erfahren in Vielfalt und Vielheit, ummantelt von der Illusion der Verschiedenheit und Individualit\u00e4t &#8211; Maya genannt. Alle Seinsformen entstammen dem gleichen Ursprung. Die Kundalini ist sowohl die Kraft, die uns diese Illusion glauben macht, als auch die Erscheinungswelt demaskiert als Verblendung. Das dauert und dazu geh\u00f6rt, dass wir wiederkommen &#8211; nur so kann Evolution stattfinden. Soweit die indische Kosmologie. Auch die chinesische Kosmologie ist \u00e4hnlich erhaben: Laotse dem gro\u00dfen Weisen, l\u00e4sst man im Tao-Te-Ching sagen:\u00a0&#8222;Da ist etwas inh\u00e4rent und nat\u00fcrlich,\u00a0welches existierte vor Himmel und Erde,\u00a0bewegungslos und unergr\u00fcndlich.\u00a0Allein steht es, unver\u00e4nderbar,\u00a0alles durchdringend, sich nicht ersch\u00f6pfend.\u00a0Als Mutter des Universums mag es gelten.\u00a0Ich wei\u00df seinen Namen nicht. Ich nenne es Tao,\u00a0und hei\u00dfe es das H\u00f6chste&#8220;. Yin und Yang, die sich rythmisch durchdringenden und bedingenden Ur-Qualit\u00e4ten hervorgegangen aus Tao bzw. Chi sind heute ebenfalls bekannt, wenn auch nicht anerkannt in der Schulmedizin.<\/span><\/p>\n<p><span style=\"font-size: 17px;\"><strong>Wir sind wichtig<\/strong><\/span><br \/>\n<span style=\"font-size: 17px;\">Was gewinnen, was verlieren wir, wenn wir uns diesen Aussagen \u00f6ffnen? Wir erweitern unser Bewusstsein um eine kosmische Dimension. Unsere Bedeutung, unser Selbstwert erh\u00e4lt Fl\u00fcgel, weil unsere Existenz einem gro\u00dfen Plan folgt. Der Sanskrit-Begriff &#8222;Dwija&#8220; bezeichnet den Vogel als den zweifach Geborenen. Im Ei ist er noch eingekerkert. Ist er fertig in seiner Entwicklung, hilft ihm die Mutterhenne, pickt oben die Schale auf, um ihm herauszuhelfen aus seinem Gef\u00e4ngnis, f\u00fcttert und pflegt ihn, bis er fl\u00fcgge ist. Ein sehr tiefes Gleichnis &#8211; und Sie ahnen, f\u00fcr was sie steht, die Mutterhenne\u00a0&#8211; es ist die Kundalini. Doch etwas fehlt noch? Sie leitet auch an zu fliegen, l\u00e4sst den Jungvogel nach und nach los, den Himmel selbst zu erkunden. Je h\u00f6her er fliegt, umso weiter wird auch sein Blick.<\/span><\/p>\n<p><span style=\"font-size: 17px;\"><strong>Diagnostik und Therapie<br \/>\n<\/strong>Das indische Chakrensystem verk\u00f6rpert die in uns hineingeborene Ethik, als Interface vom Geistigen ins Materielle. Jedes Chakra regiert und dr\u00fcckt sich aus, im ihm unterstellten Nervenplexus z.B. das Nabelchakra (Nabhi) \u00fcber den Solarplexus, das Kehlchakra (Vishuddhi) \u00fcber den Cervicalplexus usw. Wie weit die ethischen Prinzipien der Chakren im Alltag verletzt oder gelebt werden, entscheidet damit auch \u00fcber den Zustand des untergeordneten Nervenplexus und dessen nachgeordneter Funktionalit\u00e4ten. Die in der konventionellen Medizin anerkannte Steuerungs-Hierarchie der Organsysteme besteht aus Nerven- und Hormonsystem. Tats\u00e4chlich aber kulminiert dar\u00fcber diese Ebene hoher Prinzipien, die dem menschlichen Leben Sinn und Zweck geben. Nicht nur das: Die Maxime freier Entscheidung erforderte letztlich die M\u00f6glichkeit zu Selbserkenntnis und Kurskorrektur. Die Kundalini ist es, die uns beides beschert hat in ihrer evolution\u00e4ren Genialit\u00e4t. L\u00e4sst man sie gew\u00e4hren in der Stille der Meditation &#8211; wenn das Ego schweigt &#8211; zeigt sie uns gleicherma\u00dfen unsere Schwachstellen, Blockaden der Chakren und Inbalancen, wie auch die M\u00f6glichkeit, diese zu berichtigen. Betont sei, dass es kein theoretischer, sondern ein realer nervaler Vorgang ist, in dem die H\u00e4nde &#8211; als Organe unserer Tatkraft &#8211; eine besondere Rolle spielen. Als Ausdruck des Verlassens der Tierwelt sind unsere H\u00e4nde ausgestattet mit h\u00f6chster Sensibilit\u00e4t und Motilit\u00e4t. Zugleich verm\u00f6gen sie zu f\u00fchlen und zu agieren, zu diagnostizieren und zu therapieren. Probieren Sie es aus!<\/span><\/p>\n<p><span style=\"font-size: 17px;\"><strong>Neue Definition<br \/>\n<\/strong>Diese Geburt haben wir erhalten, etwas daraus zu machen &#8211; spirituell nicht kommerziell. Oft bedeutet Introspektion deshalb Loslassen und die Revidierung unserer Wichtigkeiten im Leben. Ein Beispiel: Unsere Kinder sind wichtiger als wir &#8211; eine h\u00e4ufige Ansicht. Wird es zur totalen Selbstaufgabe, widerspricht es dem Auftrag zu eigener Entwicklung. Ethik und Moral sind demnach zu trennen. Moral ist der Verhaltenskodex der Gesellschaft, Ethik ist nicht verhandelbar, da angeboren. Zw\u00e4nge der Gesellschaft haben uns viel Unsinniges gelehrt. Etikettiert als Moral, sind sie oft\u00a0 h\u00f6her geachtet als unser Gewissen, das der Ethik folgt. Eine umfassendere Definition von Gesundheit w\u00e4re demnach, wie weit es uns gelingt, Ethik in unser Leben zu bringen.<\/span><\/p>\n<p><span style=\"font-size: 17px;\"><a href=\"https:\/\/sebastianmiga.de\/projekte\/meditationmuenchen\/warum-meditieren\/\">Zur\u00fcck zum Hauptmenue<\/a><\/span>[\/vc_column_text][\/vc_column][\/vc_row]<\/p>\n<\/div>","protected":false},"excerpt":{"rendered":"<p>[vc_row][vc_column][vc_column_text css=&#8220;.vc_custom_1555938979485{margin-top: 0px !important;margin-right: 4px !important;margin-bottom: 0px !important;margin-left: 4px !important;border-top-width: 4px !important;border-right-width: 4px !important;border-bottom-width: 4px !important;border-left-width: 4px !important;padding-top: 15px !important;padding-right: 10px !important;padding-bottom: 5px !important;padding-left: 10px !important;background-color: rgba(255,255,255,0.75) !important;*background-color: rgb(255,255,255) !important;border-left-style: ridge !important;border-right-style: ridge !important;border-top-style: ridge !important;border-bottom-style: ridge !important;border-radius: 5px !important;}&#8220;]Mechanistisches Weltbild Gesundheit wird definiert als Zustand k\u00f6rperlichen, psychischen, mentalen und sozialen Wohlbefindens. Es scheint allerdings, [&hellip;]<\/p>\n","protected":false},"author":3,"featured_media":0,"parent":641,"menu_order":0,"comment_status":"closed","ping_status":"closed","template":"","meta":{"_acf_changed":false,"footnotes":""},"class_list":["post-992","page","type-page","status-publish","hentry"],"acf":[],"_links":{"self":[{"href":"https:\/\/sebastianmiga.de\/projekte\/meditationmuenchen\/wp-json\/wp\/v2\/pages\/992","targetHints":{"allow":["GET"]}}],"collection":[{"href":"https:\/\/sebastianmiga.de\/projekte\/meditationmuenchen\/wp-json\/wp\/v2\/pages"}],"about":[{"href":"https:\/\/sebastianmiga.de\/projekte\/meditationmuenchen\/wp-json\/wp\/v2\/types\/page"}],"author":[{"embeddable":true,"href":"https:\/\/sebastianmiga.de\/projekte\/meditationmuenchen\/wp-json\/wp\/v2\/users\/3"}],"replies":[{"embeddable":true,"href":"https:\/\/sebastianmiga.de\/projekte\/meditationmuenchen\/wp-json\/wp\/v2\/comments?post=992"}],"version-history":[{"count":56,"href":"https:\/\/sebastianmiga.de\/projekte\/meditationmuenchen\/wp-json\/wp\/v2\/pages\/992\/revisions"}],"predecessor-version":[{"id":4696,"href":"https:\/\/sebastianmiga.de\/projekte\/meditationmuenchen\/wp-json\/wp\/v2\/pages\/992\/revisions\/4696"}],"up":[{"embeddable":true,"href":"https:\/\/sebastianmiga.de\/projekte\/meditationmuenchen\/wp-json\/wp\/v2\/pages\/641"}],"wp:attachment":[{"href":"https:\/\/sebastianmiga.de\/projekte\/meditationmuenchen\/wp-json\/wp\/v2\/media?parent=992"}],"curies":[{"name":"wp","href":"https:\/\/api.w.org\/{rel}","templated":true}]}}