{"id":994,"date":"2017-08-11T13:47:52","date_gmt":"2017-08-11T11:47:52","guid":{"rendered":"http:\/\/meditationmuenchen.ecommerce-trend.de\/?page_id=994"},"modified":"2019-04-28T17:38:57","modified_gmt":"2019-04-28T15:38:57","slug":"spiritualitaet","status":"publish","type":"page","link":"https:\/\/sebastianmiga.de\/projekte\/meditationmuenchen\/warum-meditieren\/spiritualitaet\/","title":{"rendered":"Spiritualit\u00e4t"},"content":{"rendered":"<div class=\"wpb-content-wrapper\"><p>[vc_row][vc_column][vc_column_text css=&#8220;.vc_custom_1555938901301{margin-top: 0px !important;margin-right: 4px !important;margin-bottom: 0px !important;margin-left: 4px !important;border-top-width: 4px !important;border-right-width: 4px !important;border-bottom-width: 4px !important;border-left-width: 4px !important;padding-top: 15px !important;padding-right: 10px !important;padding-bottom: 5px !important;padding-left: 10px !important;background-color: rgba(255,255,255,0.75) !important;*background-color: rgb(255,255,255) !important;border-left-style: ridge !important;border-right-style: ridge !important;border-top-style: ridge !important;border-bottom-style: ridge !important;border-radius: 5px !important;}&#8220;]<span style=\"font-size: 17px;\"><strong><span style=\"font-size: 34px;\">S<\/span>piritualit\u00e4t versus Religiosit\u00e4t<br \/>\n<\/strong>Erfolgreiche Forschung des Kleinsten und Gr\u00f6\u00dften und die Entr\u00e4tselung immer komplexerer Zusammenh\u00e4nge der Natur sind bewunderungsw\u00fcrdig. Im gleichen Ma\u00dfe verloren gegangen aber ist Demut, die in Forschung und Philosophie der letzten Jahrhunderte durchaus pr\u00e4sent war. Freigeist und Forschungserfolge haben die \u00dcberheblichkeit der Ratio auf die Spitze getrieben. Sie w\u00e4re die Ultima Ratio zur L\u00f6sung aller Fragen und Probleme. Logische Konsequenz ist die Ablehnung sowohl dogmatischer Heilslehren und Religionen, wie auch tiefer philosophischer Gedanken als nicht zeitgem\u00e4\u00df &#8211; nicht &#8222;up to date&#8220; zu neuesten Erkenntnissen.<\/span><\/p>\n<p><span style=\"font-size: 17px;\"><strong>Techno-Atheismus<br \/>\n<\/strong>Ein ebenso unduldsamer materialistischer Technologie gl\u00e4ubiger Atheismus macht sich breit &#8211; der Freiheit und wahnwitziges Denken \u00fcber alles stellt &#8211; voll einhergehend mit der Produktionsmaschinerie, deren und unser \u00dcberleben kontinuierlichem Konsum geschuldet ist. Interessanterweise stellt sich die glorreiche menschliche Intelligenz &#8211; unser &#8222;h\u00f6chstes Gut&#8220; &#8211; gerade selbst in Frage. &#8222;Zeitnah&#8220; ist sie dabei, sich selbst abzuschaffen durch maschinelle k\u00fcnstliche Intelligenz (AI = Artificial Intelligence) und neuer Robotik, ersonnen von eben jener menschlichen Ratio. Diese Wendung ist \u00fcberraschend &#8211; nicht neu \u2013 um so mehr aber existenziell bedrohend. Genius Goethe hat bereits beschrieben was passiert, wenn man Demut durch Hochmut ersetzt. Hier haben wir ihn, den faustischen Pakt, auf kollektiver Ebene.<\/span><\/p>\n<p><span style=\"font-size: 17px;\"><strong>Das Vakuum<\/strong><\/span><br \/>\n<span style=\"font-size: 17px;\">Einerseits umarmen wir diese materialistische Welt, gleichzeitig lassen wir hinter uns Tradition und Religion, die historisch Werte und Orientierung vorgaben &#8211; \u00fcber die man streiten kann. So haben wir es erschaffen, ein Vakuum an Sinnlosigkeit und Trivialit\u00e4t. Es speist sich aus beschw\u00f6renden, d\u00fcmmlichen Marketing-Parolen und der \u00dcberzeugung, dass Religionen dem Menschen schon immer Unheil brachten, was kaum zu widerlegen ist, historisch und besonders j\u00fcngsten Erfahrungen nach. Nicht zu weit hergeholt und in keinster Weise Rechtfertigung, besteht eine Relation zwischen unserem sinnentleerten westlichen Lebensstil und einer brutalen Gegenbewegung, die aus Frustration, Dogmatik und Fanatismus sch\u00f6pft.<\/span><\/p>\n<p><span style=\"font-size: 17px;\"><strong>Manipulation<\/strong><\/span><br \/>\n<span style=\"font-size: 17px;\">Religiosit\u00e4t muss man zugute halten, dass sie der eingeborenen Ehrfurcht des Menschen entspringt, das Unerkl\u00e4rliche, Unendliche mit einem \u00dcbernat\u00fcrlichen zu verbinden. Kriminell wird es, sobald eigenn\u00fctzige Ambitionen ins Spiel kommen und unschuldige primitive Gem\u00fcter Opfer der Manipulation werden. Zuckerbrot und Peitsche &#8211; dazu die Finesse einsch\u00fcchternder Dogmen &#8211; halten die Herde unter Kontrolle, um sie auszupressen, oder machtpolitisch zu nutzen. Mutiert\u00a0zu Amts-Religionen, hat Religiosit\u00e4t dann endg\u00fcltig seine Unschuld verloren.<\/span><\/p>\n<p><span style=\"font-size: 17px;\"><strong>Durchgangsphasen<\/strong><\/span><br \/>\n<span style=\"font-size: 17px;\">Aus der Sicht von Sahaja Yoga existieren zwei Positionen gesellschaftlicher Entwicklung, die als Durchgangsphasen der Evolution letztlich wieder aufzugeben sind. Religionen sind Konstrukte des &#8222;Tamas&#8220;, der Qualit\u00e4t des konditionierten, traditionellen, fixierten Verhaltens. Freidenkertum und Atheismus dagegen sind Konstrukte des &#8222;Rajas&#8220;, der Qualit\u00e4t der uferlosen, grenzenlosen Ideen und Illusionen. Tamas ist orientiert an der Vergangenheit, Rajas an der Zukunft, zwei Extreme, die sich nicht aufheben, aber in moderater Kombination zur Balance f\u00fchren k\u00f6nnen, zur dritten Qualit\u00e4t des &#8222;Satwa&#8220;, der Qualit\u00e4t der Weisheit, oder dem Pfad der Mitte.<\/span><\/p>\n<p><span style=\"font-size: 17px;\"><b>Vorbilder<\/b><\/span><br \/>\n<span style=\"font-size: 17px;\">Einer der ganz Gro\u00dfen bekannte sich zu Spiritualit\u00e4t &#8211; nicht Religiosit\u00e4t. Albert Einstein&#8217;s Ansicht nach durchl\u00e4uft die Menschheit drei Phasen religi\u00f6ser Entwicklung: Religion aus Furcht, aus Sozialmoral und aus kosmischer Erkenntnis &#8211; begleitet von abnehmender Dogmatik. Aus seinen Memoiren: \u201eJe weiter die spirituelle Evolution der Menschheit fortschreitet, desto sicherer scheint es mir, da\u00df der Pfad zu echter Religion weder auf Lebensangst noch Todesangst noch blindem Glauben gr\u00fcnden kann. Meine Religion besteht aus bescheidener Bewunderung des Grenzenlosen, das das H\u00f6chste formte, und das sich in kleinen Details offenbart, die selbst ein gebrechlicher und schwacher Geist wahrnehmen kann\u201c. Wie sch\u00f6n gesagt!<\/span><\/p>\n<p><span style=\"font-size: 17px;\"><strong>Demut und Skepsis<\/strong><\/span><br \/>\n<span style=\"font-size: 17px;\">Spiritualit\u00e4t ist immun gegen manipulative Verf\u00fchrung. Denn sie folgt Skepsis und Hinterfragung, forschender Aufkl\u00e4rung und dem Freiheitsgedanken, versteigt sich dabei nicht in \u00fcberhebliches Denken. Andererseits respektiert sie den gro\u00dfen Fluss spiritueller Evolution mit all den gro\u00dfen Seelen, die ihr Impulse verliehen haben. Die Idee des allgegenw\u00e4rtigen \u00dcbernat\u00fcrlichen, G\u00f6ttlichen in der Sch\u00f6pfung, innen wie au\u00dfen, ist f\u00fcr den spirituellen Sucher Gewi\u00dfheit. Seine Essenz &#8211; das Atma &#8211; zu suchen, anerkennt er als seine Bestimmung. Solch Suche kann nicht bequem, effektiv oder praktikabel sein. Nicht k\u00e4uflich, kann sie auch keiner Organisation \u00fcberantwortet werden. Wir allein sind Meister unseres Schicksals. Es ist ein absolut individueller, selbstverantwortlicher Werdegang der Innen- und Au\u00dfenschau, von Meditation, Kontemplation und allt\u00e4glicher Erprobung und Manifestation der Erkenntnis. Daf\u00fcr m\u00f6chte Sahaja Yoga Sie gewinnen.<\/span><\/p>\n<p><span style=\"font-size: 17px;\"><a href=\"https:\/\/sebastianmiga.de\/projekte\/meditationmuenchen\/warum-meditieren\/\">Zur\u00fcck zum Hauptmenue<\/a><\/span>[\/vc_column_text][\/vc_column][\/vc_row]<\/p>\n<\/div>","protected":false},"excerpt":{"rendered":"<p>[vc_row][vc_column][vc_column_text css=&#8220;.vc_custom_1555938901301{margin-top: 0px !important;margin-right: 4px !important;margin-bottom: 0px !important;margin-left: 4px !important;border-top-width: 4px !important;border-right-width: 4px !important;border-bottom-width: 4px !important;border-left-width: 4px !important;padding-top: 15px !important;padding-right: 10px !important;padding-bottom: 5px !important;padding-left: 10px !important;background-color: rgba(255,255,255,0.75) !important;*background-color: rgb(255,255,255) !important;border-left-style: ridge !important;border-right-style: ridge !important;border-top-style: ridge !important;border-bottom-style: ridge !important;border-radius: 5px !important;}&#8220;]Spiritualit\u00e4t versus Religiosit\u00e4t Erfolgreiche Forschung des Kleinsten und Gr\u00f6\u00dften und die Entr\u00e4tselung immer komplexerer Zusammenh\u00e4nge der [&hellip;]<\/p>\n","protected":false},"author":3,"featured_media":0,"parent":641,"menu_order":0,"comment_status":"closed","ping_status":"closed","template":"","meta":{"_acf_changed":false,"footnotes":""},"class_list":["post-994","page","type-page","status-publish","hentry"],"acf":[],"_links":{"self":[{"href":"https:\/\/sebastianmiga.de\/projekte\/meditationmuenchen\/wp-json\/wp\/v2\/pages\/994","targetHints":{"allow":["GET"]}}],"collection":[{"href":"https:\/\/sebastianmiga.de\/projekte\/meditationmuenchen\/wp-json\/wp\/v2\/pages"}],"about":[{"href":"https:\/\/sebastianmiga.de\/projekte\/meditationmuenchen\/wp-json\/wp\/v2\/types\/page"}],"author":[{"embeddable":true,"href":"https:\/\/sebastianmiga.de\/projekte\/meditationmuenchen\/wp-json\/wp\/v2\/users\/3"}],"replies":[{"embeddable":true,"href":"https:\/\/sebastianmiga.de\/projekte\/meditationmuenchen\/wp-json\/wp\/v2\/comments?post=994"}],"version-history":[{"count":22,"href":"https:\/\/sebastianmiga.de\/projekte\/meditationmuenchen\/wp-json\/wp\/v2\/pages\/994\/revisions"}],"predecessor-version":[{"id":4695,"href":"https:\/\/sebastianmiga.de\/projekte\/meditationmuenchen\/wp-json\/wp\/v2\/pages\/994\/revisions\/4695"}],"up":[{"embeddable":true,"href":"https:\/\/sebastianmiga.de\/projekte\/meditationmuenchen\/wp-json\/wp\/v2\/pages\/641"}],"wp:attachment":[{"href":"https:\/\/sebastianmiga.de\/projekte\/meditationmuenchen\/wp-json\/wp\/v2\/media?parent=994"}],"curies":[{"name":"wp","href":"https:\/\/api.w.org\/{rel}","templated":true}]}}